{"id":18887,"date":"2013-10-19T12:54:29","date_gmt":"2013-10-19T08:54:29","guid":{"rendered":"http:\/\/cacs.az\/?page_id=6827"},"modified":"2013-10-19T12:54:29","modified_gmt":"2013-10-19T08:54:29","slug":"kadrlar-ucotuna-dair-senedler","status":"publish","type":"page","link":"https:\/\/az.f-chain.com\/az\/kadrlar-ucotuna-dair-senedler\/","title":{"rendered":"Kadrlar u\u00e7otuna dair s\u0259n\u0259dl\u0259r"},"content":{"rendered":"<div class=\"wpb-content-wrapper\"><p>[vc_row equal_height=&#8221;yes&#8221; content_placement=&#8221;middle&#8221;][vc_column width=&#8221;2\/3&#8243;][vc_column_text]<\/p>\n<h1>Kadrlar u\u00e7otuna dair s\u0259n\u0259dl\u0259r<\/h1>\n<p>[\/vc_column_text][\/vc_column][vc_column width=&#8221;1\/3&#8243;][vc_column_text]<\/p>\n<p style=\"text-align: right;\">[ninja_forms_modal_form id=10 text_link=&#8217; Biziml\u0259 \u0259laq\u0259 saxlay\u0131n&#8217;]<\/p>\n<p>[\/vc_column_text][\/vc_column][\/vc_row][vc_row equal_height=&#8221;yes&#8221; content_placement=&#8221;middle&#8221;][vc_column width=&#8221;1\/2&#8243;][vc_column_text]<\/p>\n<p>T\u0259\u015fkilati-h\u00fcquqi m\u00fclkiyy\u0259t formas\u0131ndan v\u0259 say t\u0259rkibind\u0259n as\u0131l\u0131 olmayaraq, h\u0259r bir t\u0259\u015fkilat\u0131n ayr\u0131lmaz hiss\u0259si olan kadr karg\u00fczarl\u0131\u011f\u0131 savadl\u0131 \u015f\u0259kild\u0259 h\u0259yata ke\u00e7irilm\u0259d\u0259n hey\u0259tin idar\u0259 edilm\u0259si m\u00fcmk\u00fcn deyil. \u0130st\u0259nil\u0259n t\u0259\u015fkilat\u0131n kadr s\u0259n\u0259dl\u0259ri qanunla m\u00fc\u0259yy\u0259n edilmi\u015f qaydada t\u0259rtib edilm\u0259lidir. Onlardan yaln\u0131z kadrlar \u015f\u00f6b\u0259sinin v\u0259 ya hey\u0259tl\u0259 i\u015f \u00fczr\u0259 xidm\u0259tin i\u015find\u0259 istifad\u0259 olunmur, \u0259m\u0259k haqq\u0131n\u0131n, pul m\u00fckafatlar\u0131n\u0131n, m\u0259zuniyy\u0259t pullar\u0131n\u0131n hesablanmas\u0131 \u00fc\u00e7\u00fcn m\u00fchasibat i\u015f\u00e7il\u0259rinin d\u0259 bu s\u0259n\u0259dl\u0259r\u0259 ehtiyac\u0131 var.<\/p>\n<p>[\/vc_column_text][\/vc_column][vc_column width=&#8221;1\/2&#8243;][vc_single_image image=&#8221;15433&#8243; img_size=&#8221;full&#8221; alignment=&#8221;center&#8221;][\/vc_column][\/vc_row][vc_row css=&#8221;.vc_custom_1477299660198{margin-bottom: 0px !important;background-color: #f6f6f6 !important;}&#8221;][vc_column][vc_column_text]<\/p>\n<p>\u018fm\u0259k v\u0259 vergi m\u00fcf\u0259tti\u015fliyi kadr s\u0259n\u0259dl\u0259rini yoxlaya bil\u0259r, \u018fhalinin Sosial M\u00fcdafi\u0259si Fonduna t\u0259qdim etm\u0259k v\u0259 ya qanunvericilikd\u0259 n\u0259z\u0259rd\u0259 tutulmu\u015f imtiyazlar\u0131n al\u0131nmas\u0131 \u00fc\u00e7\u00fcn i\u015f\u00e7il\u0259rin \u00f6zl\u0259rinin onlara ehtiyac\u0131 ola bil\u0259r. \u018fm\u0259k v\u0259 vergi qanunvericiliyinin t\u0259l\u0259bl\u0259rin\u0259 riay\u0259t olunmas\u0131n\u0131n t\u0259min edilm\u0259si \u00fc\u00e7\u00fcn kadr karg\u00fczarl\u0131\u011f\u0131n\u0131n t\u0259\u015fkili z\u0259ruridir. M\u0259hk\u0259m\u0259d\u0259 \u0259m\u0259k m\u00fcbahis\u0259l\u0259rinin h\u0259lli zaman\u0131 kadr s\u0259n\u0259dl\u0259rind\u0259n yaz\u0131l\u0131 d\u0259lil kimi istifad\u0259 oluna bil\u0259r v\u0259 onlar\u0131n olmamas\u0131 i\u015f\u0259 g\u00f6t\u00fcr\u0259n \u00fc\u00e7\u00fcn xo\u015fag\u0259lm\u0259z n\u0259tic\u0259l\u0259r\u0259 g\u0259tirib \u00e7\u0131xara bil\u0259r. Kadr i\u015find\u0259 \u0259h\u0259miyy\u0259tsiz \u015feyl\u0259r olmur! \u0130st\u0259nil\u0259n s\u0259hv v\u0259 ya yanl\u0131\u015f g\u00f6st\u0259rilmi\u015f m\u0259lumat i\u015f\u0259 g\u00f6t\u00fcr\u0259nl\u0259r \u00fc\u00e7\u00fcn \u00e7ox ciddi h\u00fcquqi n\u0259tic\u0259l\u0259r\u0259 g\u0259tirib \u00e7\u0131xara bil\u0259r. \u0130\u015f\u0259 g\u00f6t\u00fcr\u0259n v\u0259 i\u015f\u00e7i aras\u0131nda savadl\u0131 \u015f\u0259kild\u0259 t\u0259rtib edilmi\u015f \u0259m\u0259k m\u00fcnasib\u0259tl\u0259ri i\u015f\u0259 g\u00f6t\u00fcr\u0259nl\u0259ri vicdans\u0131z i\u015f\u00e7il\u0259rd\u0259n v\u0259 yoxlama orqanlar\u0131ndan qoruya bil\u0259r.<\/p>\n<p>\u015eirk\u0259timizd\u0259 kadr u\u00e7otu \u00fczr\u0259 s\u0259n\u0259dl\u0259rin (m\u0259s\u0259l\u0259n, \u0259m\u0259k m\u00fcqavil\u0259l\u0259ri, v\u0259zif\u0259 t\u0259limatlar\u0131, daxili \u0259m\u0259k intizam\u0131 qaydalar\u0131, \u015f\u0259xsi m\u0259lumatlar\u0131n qorunmas\u0131 haqq\u0131nda \u0259sasnam\u0259, \u0259m\u0259yin m\u00fchafiz\u0259si haqq\u0131nda \u0259sasnam\u0259, ticar\u0259t sirri haqq\u0131nda \u0259sasnam\u0259 v\u0259 s.) m\u00fct\u0259x\u0259ssisl\u0259rimiz t\u0259r\u0259find\u0259n \u0259m\u0259k qanunvericiliyinin v\u0259 s\u0259n\u0259dl\u0259rin t\u0259rtib edilm\u0259si \u00fczr\u0259 q\u00fcvv\u0259d\u0259 olan normativl\u0259rin t\u0259l\u0259b\u0259rin\u0259 uy\u011fun \u015f\u0259kild\u0259 haz\u0131rlanm\u0131\u015f formalar\u0131n\u0131 \u0259ld\u0259 ed\u0259 bil\u0259rsiniz.<\/p>\n<p>[\/vc_column_text][\/vc_column][\/vc_row]<\/p>\n<\/div>","protected":false},"excerpt":{"rendered":"<p>[vc_row equal_height=&#8221;yes&#8221; content_placement=&#8221;middle&#8221;][vc_column width=&#8221;2\/3&#8243;][vc_column_text] Kadrlar u\u00e7otuna dair s\u0259n\u0259dl\u0259r [\/vc_column_text][\/vc_column][vc_column width=&#8221;1\/3&#8243;][vc_column_text] [ninja_forms_modal_form id=10 text_link=&#8217; Biziml\u0259 \u0259laq\u0259 saxlay\u0131n&#8217;] [\/vc_column_text][\/vc_column][\/vc_row][vc_row equal_height=&#8221;yes&#8221; content_placement=&#8221;middle&#8221;][vc_column width=&#8221;1\/2&#8243;][vc_column_text] T\u0259\u015fkilati-h\u00fcquqi m\u00fclkiyy\u0259t formas\u0131ndan v\u0259 say t\u0259rkibind\u0259n as\u0131l\u0131 olmayaraq, h\u0259r bir t\u0259\u015fkilat\u0131n ayr\u0131lmaz hiss\u0259si olan kadr karg\u00fczarl\u0131\u011f\u0131 savadl\u0131 \u015f\u0259kild\u0259 h\u0259yata ke\u00e7irilm\u0259d\u0259n hey\u0259tin idar\u0259 edilm\u0259si m\u00fcmk\u00fcn deyil. \u0130st\u0259nil\u0259n t\u0259\u015fkilat\u0131n kadr s\u0259n\u0259dl\u0259ri qanunla m\u00fc\u0259yy\u0259n edilmi\u015f qaydada t\u0259rtib edilm\u0259lidir.<\/p>\n","protected":false},"author":1,"featured_media":0,"parent":0,"menu_order":0,"comment_status":"open","ping_status":"closed","template":"category-templates\/hr_management_documents.php","meta":{"_acf_changed":false,"footnotes":""},"class_list":["post-18887","page","type-page","status-publish","hentry"],"acf":[],"yoast_head":"<!-- This site is optimized with the Yoast SEO plugin v27.3 - https:\/\/yoast.com\/product\/yoast-seo-wordpress\/ -->\n<title>Kadr s\u0259n\u0259dl\u0259ri v\u0259 ya kadrlar karg\u00fczarl\u0131\u011f\u0131n\u0131n i\u015fl\u0259nilm\u0259si<\/title>\n<meta name=\"description\" content=\"M\u00fchasibat\u0131q sah\u0259sind\u0259 lider oldu\u011fumuza g\u00f6r\u0259 Siz\u0259 kadrlar \u00fczr\u0259 karg\u00fczarl\u0131\u011f\u0131n profesional \u015f\u0259kild\u0259 qanunvericiliy\u0259 uy\u011fun olaraq apar\u0131lmas\u0131n\u0131 t\u0259min edirik\" \/>\n<meta name=\"robots\" content=\"index, follow, max-snippet:-1, max-image-preview:large, max-video-preview:-1\" \/>\n<link rel=\"canonical\" href=\"https:\/\/az.f-chain.com\/kadrovyie-dokumentyi\/\" \/>\n<meta property=\"og:locale\" content=\"az_AZ\" \/>\n<meta property=\"og:type\" content=\"article\" \/>\n<meta property=\"og:title\" content=\"Kadr s\u0259n\u0259dl\u0259ri v\u0259 ya kadrlar karg\u00fczarl\u0131\u011f\u0131n\u0131n i\u015fl\u0259nilm\u0259si\" \/>\n<meta property=\"og:description\" content=\"M\u00fchasibat\u0131q sah\u0259sind\u0259 lider oldu\u011fumuza g\u00f6r\u0259 Siz\u0259 kadrlar \u00fczr\u0259 karg\u00fczarl\u0131\u011f\u0131n profesional \u015f\u0259kild\u0259 qanunvericiliy\u0259 uy\u011fun olaraq apar\u0131lmas\u0131n\u0131 t\u0259min edirik\" \/>\n<meta property=\"og:url\" content=\"https:\/\/az.f-chain.com\/kadrovyie-dokumentyi\/\" \/>\n<meta property=\"og:site_name\" content=\"FChain\" \/>\n<meta name=\"twitter:card\" content=\"summary_large_image\" \/>\n<script type=\"application\/ld+json\" class=\"yoast-schema-graph\">{\"@context\":\"https:\\\/\\\/schema.org\",\"@graph\":[{\"@type\":\"WebPage\",\"@id\":\"https:\\\/\\\/az.f-chain.com\\\/kadrovyie-dokumentyi\\\/\",\"url\":\"https:\\\/\\\/az.f-chain.com\\\/kadrovyie-dokumentyi\\\/\",\"name\":\"Kadr s\u0259n\u0259dl\u0259ri v\u0259 ya kadrlar karg\u00fczarl\u0131\u011f\u0131n\u0131n i\u015fl\u0259nilm\u0259si\",\"isPartOf\":{\"@id\":\"https:\\\/\\\/az.f-chain.com\\\/#website\"},\"datePublished\":\"2013-10-19T08:54:29+00:00\",\"description\":\"M\u00fchasibat\u0131q sah\u0259sind\u0259 lider oldu\u011fumuza g\u00f6r\u0259 Siz\u0259 kadrlar \u00fczr\u0259 karg\u00fczarl\u0131\u011f\u0131n profesional \u015f\u0259kild\u0259 qanunvericiliy\u0259 uy\u011fun olaraq apar\u0131lmas\u0131n\u0131 t\u0259min edirik\",\"breadcrumb\":{\"@id\":\"https:\\\/\\\/az.f-chain.com\\\/kadrovyie-dokumentyi\\\/#breadcrumb\"},\"inLanguage\":\"az\",\"potentialAction\":[{\"@type\":\"ReadAction\",\"target\":[\"https:\\\/\\\/az.f-chain.com\\\/kadrovyie-dokumentyi\\\/\"]}]},{\"@type\":\"BreadcrumbList\",\"@id\":\"https:\\\/\\\/az.f-chain.com\\\/kadrovyie-dokumentyi\\\/#breadcrumb\",\"itemListElement\":[{\"@type\":\"ListItem\",\"position\":1,\"name\":\"Home\",\"item\":\"https:\\\/\\\/az.f-chain.com\\\/az\\\/\"},{\"@type\":\"ListItem\",\"position\":2,\"name\":\"Kadrlar u\u00e7otuna dair s\u0259n\u0259dl\u0259r\"}]},{\"@type\":\"WebSite\",\"@id\":\"https:\\\/\\\/az.f-chain.com\\\/#website\",\"url\":\"https:\\\/\\\/az.f-chain.com\\\/\",\"name\":\"FChain\",\"description\":\"Azerbaijan\",\"potentialAction\":[{\"@type\":\"SearchAction\",\"target\":{\"@type\":\"EntryPoint\",\"urlTemplate\":\"https:\\\/\\\/az.f-chain.com\\\/?s={search_term_string}\"},\"query-input\":{\"@type\":\"PropertyValueSpecification\",\"valueRequired\":true,\"valueName\":\"search_term_string\"}}],\"inLanguage\":\"az\"}]}<\/script>\n<!-- \/ Yoast SEO plugin. -->","yoast_head_json":{"title":"Kadr s\u0259n\u0259dl\u0259ri v\u0259 ya kadrlar karg\u00fczarl\u0131\u011f\u0131n\u0131n i\u015fl\u0259nilm\u0259si","description":"M\u00fchasibat\u0131q sah\u0259sind\u0259 lider oldu\u011fumuza g\u00f6r\u0259 Siz\u0259 kadrlar \u00fczr\u0259 karg\u00fczarl\u0131\u011f\u0131n profesional \u015f\u0259kild\u0259 qanunvericiliy\u0259 uy\u011fun olaraq apar\u0131lmas\u0131n\u0131 t\u0259min edirik","robots":{"index":"index","follow":"follow","max-snippet":"max-snippet:-1","max-image-preview":"max-image-preview:large","max-video-preview":"max-video-preview:-1"},"canonical":"https:\/\/az.f-chain.com\/kadrovyie-dokumentyi\/","og_locale":"az_AZ","og_type":"article","og_title":"Kadr s\u0259n\u0259dl\u0259ri v\u0259 ya kadrlar karg\u00fczarl\u0131\u011f\u0131n\u0131n i\u015fl\u0259nilm\u0259si","og_description":"M\u00fchasibat\u0131q sah\u0259sind\u0259 lider oldu\u011fumuza g\u00f6r\u0259 Siz\u0259 kadrlar \u00fczr\u0259 karg\u00fczarl\u0131\u011f\u0131n profesional \u015f\u0259kild\u0259 qanunvericiliy\u0259 uy\u011fun olaraq apar\u0131lmas\u0131n\u0131 t\u0259min edirik","og_url":"https:\/\/az.f-chain.com\/kadrovyie-dokumentyi\/","og_site_name":"FChain","twitter_card":"summary_large_image","schema":{"@context":"https:\/\/schema.org","@graph":[{"@type":"WebPage","@id":"https:\/\/az.f-chain.com\/kadrovyie-dokumentyi\/","url":"https:\/\/az.f-chain.com\/kadrovyie-dokumentyi\/","name":"Kadr s\u0259n\u0259dl\u0259ri v\u0259 ya kadrlar karg\u00fczarl\u0131\u011f\u0131n\u0131n i\u015fl\u0259nilm\u0259si","isPartOf":{"@id":"https:\/\/az.f-chain.com\/#website"},"datePublished":"2013-10-19T08:54:29+00:00","description":"M\u00fchasibat\u0131q sah\u0259sind\u0259 lider oldu\u011fumuza g\u00f6r\u0259 Siz\u0259 kadrlar \u00fczr\u0259 karg\u00fczarl\u0131\u011f\u0131n profesional \u015f\u0259kild\u0259 qanunvericiliy\u0259 uy\u011fun olaraq apar\u0131lmas\u0131n\u0131 t\u0259min edirik","breadcrumb":{"@id":"https:\/\/az.f-chain.com\/kadrovyie-dokumentyi\/#breadcrumb"},"inLanguage":"az","potentialAction":[{"@type":"ReadAction","target":["https:\/\/az.f-chain.com\/kadrovyie-dokumentyi\/"]}]},{"@type":"BreadcrumbList","@id":"https:\/\/az.f-chain.com\/kadrovyie-dokumentyi\/#breadcrumb","itemListElement":[{"@type":"ListItem","position":1,"name":"Home","item":"https:\/\/az.f-chain.com\/az\/"},{"@type":"ListItem","position":2,"name":"Kadrlar u\u00e7otuna dair s\u0259n\u0259dl\u0259r"}]},{"@type":"WebSite","@id":"https:\/\/az.f-chain.com\/#website","url":"https:\/\/az.f-chain.com\/","name":"FChain","description":"Azerbaijan","potentialAction":[{"@type":"SearchAction","target":{"@type":"EntryPoint","urlTemplate":"https:\/\/az.f-chain.com\/?s={search_term_string}"},"query-input":{"@type":"PropertyValueSpecification","valueRequired":true,"valueName":"search_term_string"}}],"inLanguage":"az"}]}},"_links":{"self":[{"href":"https:\/\/az.f-chain.com\/az\/wp-json\/wp\/v2\/pages\/18887","targetHints":{"allow":["GET"]}}],"collection":[{"href":"https:\/\/az.f-chain.com\/az\/wp-json\/wp\/v2\/pages"}],"about":[{"href":"https:\/\/az.f-chain.com\/az\/wp-json\/wp\/v2\/types\/page"}],"author":[{"embeddable":true,"href":"https:\/\/az.f-chain.com\/az\/wp-json\/wp\/v2\/users\/1"}],"replies":[{"embeddable":true,"href":"https:\/\/az.f-chain.com\/az\/wp-json\/wp\/v2\/comments?post=18887"}],"version-history":[{"count":0,"href":"https:\/\/az.f-chain.com\/az\/wp-json\/wp\/v2\/pages\/18887\/revisions"}],"wp:attachment":[{"href":"https:\/\/az.f-chain.com\/az\/wp-json\/wp\/v2\/media?parent=18887"}],"curies":[{"name":"wp","href":"https:\/\/api.w.org\/{rel}","templated":true}]}}