{"id":18883,"date":"2012-11-27T12:42:03","date_gmt":"2012-11-27T08:42:03","guid":{"rendered":"http:\/\/cacs.silencatech.com\/?page_id=674"},"modified":"2021-09-22T15:24:31","modified_gmt":"2021-09-22T12:24:31","slug":"muqavilelerin-tertibati-ve-ekspertizasi","status":"publish","type":"page","link":"https:\/\/az.f-chain.com\/az\/muqavilelerin-tertibati-ve-ekspertizasi\/","title":{"rendered":"M\u00fcqavil\u0259l\u0259rin t\u0259rtibat\u0131 v\u0259 ekspertizas\u0131"},"content":{"rendered":"<div class=\"wpb-content-wrapper\"><p>[vc_row equal_height=&#8221;yes&#8221; css_animation=&#8221;fadeInUp&#8221;][vc_column][vc_column_text]<\/p>\n<h1>M\u00fcqavil\u0259l\u0259rin t\u0259rtibat\u0131 v\u0259 ekspertizas\u0131<\/h1>\n<p>[\/vc_column_text][vc_column_text]Sizi m\u00fcqavil\u0259l\u0259rin v\u0259 ya dig\u0259r h\u00fcquqi c\u0259h\u0259td\u0259n \u0259h\u0259miyy\u0259tli s\u0259n\u0259dl\u0259rin t\u0259rtib edilm\u0259si v\u0259 yoxlanams\u0131 maraqland\u0131r\u0131rsa, \u015firk\u0259timizin h\u00fcquq\u015f\u00fcnaslar\u0131 siz\u0259 k\u00f6m\u0259klik etm\u0259y\u0259 haz\u0131rd\u0131rlar. Qanunvericilik n\u00f6qteyi-n\u0259z\u0259rind\u0259n gedi\u015fat\u0131nda m\u00fclki h\u00fcquq v\u0259 \u00f6hd\u0259likl\u0259rin m\u00fc\u0259yy\u0259n edilm\u0259si, onlara xitam verilm\u0259si v\u0259 ya d\u0259yi\u015fiklik edilm\u0259si haqq\u0131nda q\u0259rar q\u0259bul edil\u0259n m\u00fcqavil\u0259 iki v\u0259 daha \u00e7ox \u015f\u0259xs aras\u0131nda ba\u011flanan raz\u0131la\u015fmad\u0131r. N\u00f6v\u00fcnd\u0259n as\u0131l\u0131 olmayaraq, biz m\u00fc\u015ft\u0259riy\u0259 g\u0259l\u0259c\u0259kd\u0259 he\u00e7 bir problem\u0259 s\u0259b\u0259b olmayan m\u00fcqavil\u0259 t\u0259rtib etm\u0259y\u0259 yard\u0131m ed\u0259 bil\u0259rik. \u0130xtisasl\u0131 h\u00fcquq\u015f\u00fcnaslar\u0131n xidm\u0259tl\u0259rinin qiym\u0259tl\u0259ri g\u00f6r\u00fcl\u0259c\u0259k i\u015fl\u0259rin m\u00fcr\u0259k\u0259bbliyind\u0259n v\u0259 h\u0259cmind\u0259n as\u0131l\u0131 olaraq f\u0259rdi sur\u0259td\u0259 m\u00fc\u0259yy\u0259n edilir.[\/vc_column_text][\/vc_column][\/vc_row][vc_row equal_height=&#8221;yes&#8221; content_placement=&#8221;middle&#8221; css_animation=&#8221;fadeInUp&#8221;][vc_column width=&#8221;1\/2&#8243;][vc_column_text]<\/p>\n<h3>M\u00fcqavil\u0259l\u0259rin t\u0259rtib edilm\u0259si \u00fczr\u0259 xidm\u0259tl\u0259r<\/h3>\n<p>\u018fks\u0259r hallarda m\u00fcqavil\u0259l\u0259rin t\u0259rtib edilm\u0259si yaz\u0131l\u0131 formada h\u0259yata ke\u00e7irilir. Borc haqq\u0131nda m\u00fcqavil\u0259 geni\u015f yay\u0131lm\u0131\u015f m\u00fcqavil\u0259 n\u00f6vl\u0259rind\u0259n biridir. M\u00fcqavil\u0259l\u0259rin t\u0259rtib edilm\u0259si \u00fczr\u0259 k\u00f6m\u0259klik bizim h\u00fcquq\u015f\u00fcnaslar\u0131m\u0131z t\u0259r\u0259find\u0259n t\u0259qdim edilirs\u0259, borc alan\u0131n borcunu qaytarmaqdan imtina ed\u0259c\u0259yi v\u0259 ya ondan qanuni \u0259saslarla imtina ed\u0259 bilm\u0259si \u00fc\u00e7\u00fcn yol tapaca\u011f\u0131 bar\u0259d\u0259 narahat olma\u011fa d\u0259ym\u0259z. Adi insan d\u00fczg\u00fcn t\u0259rtib edilmi\u015f m\u00fcqavil\u0259l\u0259rd\u0259 b\u00fct\u00fcn inc\u0259likl\u0259ri n\u0259z\u0259r\u0259 ala bilm\u0259z, bu is\u0259 maddi v\u0259ziyy\u0259t\u0259 m\u0259nfi t\u0259sir ed\u0259 bil\u0259c\u0259k ciddi probleml\u0259r\u0259 yol a\u00e7\u0131r. Bizim h\u00fcquq\u015f\u00fcnaslar\u0131m\u0131z vasit\u0259sil\u0259 m\u00fc\u015ft\u0259ri m\u00fcqavil\u0259 \u015f\u0259rtl\u0259rind\u0259 s\u00f6zl\u0259\u015fm\u0259nin b\u00fct\u00fcn x\u00fcsusiyy\u0259tl\u0259rini, t\u0259r\u0259fl\u0259rin \u00f6hd\u0259likl\u0259rini v\u0259 h\u00fcquqlar\u0131n\u0131, el\u0259c\u0259 d\u0259 onun yerin\u0259 yetirilm\u0259sin\u0259 \u0259h\u0259miyy\u0259tli d\u0259r\u0259c\u0259d\u0259 t\u0259sir ed\u0259n dig\u0259r amill\u0259ri t\u0259sbit ed\u0259 bil\u0259r. Biz davaml\u0131 olaraq d\u0259yi\u015f\u0259n qanunvericilik bazas\u0131n\u0131n reall\u0131qlar\u0131 n\u0259z\u0259r\u0259 al\u0131nmayan haz\u0131r \u015fablon m\u00fcqavil\u0259l\u0259rd\u0259n istifad\u0259 etm\u0259m\u0259yi t\u0259kidl\u0259 t\u00f6vsiy\u0259 edirik! Bizim \u015firk\u0259td\u0259 m\u00fcqavil\u0259l\u0259rin t\u0259rtib edilm\u0259si \u00fczr\u0259 xidm\u0259tl\u0259rin d\u0259y\u0259ri, sizin g\u0259l\u0259c\u0259kd\u0259 kontragentl\u0259rl\u0259 m\u00fcbahis\u0259li b\u0259ndl\u0259ri ayd\u0131nla\u015fd\u0131raca\u011f\u0131n\u0131z t\u0259qdird\u0259 \u00fczl\u0259\u015f\u0259 bil\u0259c\u0259yiniz itkil\u0259rl\u0259 m\u00fcqayis\u0259d\u0259 \u0259h\u0259miyy\u0259tli d\u0259r\u0259c\u0259d\u0259 azd\u0131r.[\/vc_column_text][\/vc_column][vc_column width=&#8221;1\/2&#8243;][vc_single_image image=&#8221;19330&#8243; img_size=&#8221;full&#8221; alignment=&#8221;center&#8221;][\/vc_column][\/vc_row][vc_row content_placement=&#8221;middle&#8221; css_animation=&#8221;fadeInUp&#8221;][vc_column width=&#8221;1\/2&#8243;][vc_single_image image=&#8221;19333&#8243; img_size=&#8221;full&#8221; alignment=&#8221;center&#8221;][\/vc_column][vc_column width=&#8221;1\/2&#8243;][vc_column_text]<\/p>\n<h3>M\u00fcqavil\u0259l\u0259rin h\u00fcquqi ekspertizas\u0131<\/h3>\n<p>B\u0259zi hallarda m\u00fcqavil\u0259nin t\u0259r\u0259fl\u0259rd\u0259n birinin \u015f\u0259rtl\u0259ri \u0259sas\u0131nda imzalanmas\u0131 t\u0259klif edilir. M\u0259s\u0259l\u0259n, bank kreditini r\u0259smil\u0259\u015fdir\u0259rk\u0259n siz \u015f\u0259rtl\u0259rinizi dikt\u0259 ed\u0259 bilmirsiniz v\u0259 t\u0259klif edil\u0259n s\u0259n\u0259di imzalama\u011fa m\u0259cbur olursunuz. G\u0259l\u0259c\u0259kd\u0259 yaranan probleml\u0259rin v\u0259 son d\u0259r\u0259c\u0259 a\u011f\u0131r \u015f\u0259rtl\u0259rin qar\u015f\u0131s\u0131n\u0131 almaq m\u0259qs\u0259dil\u0259 m\u00fcqavil\u0259nin h\u00fcquqi ekspertizas\u0131 apar\u0131l\u0131r. M\u00fcqavil\u0259nin m\u0259tnini h\u00fcquq\u015f\u00fcnas\u0131m\u0131za t\u0259qdim etm\u0259kl\u0259 siz onun q\u00fcvv\u0259d\u0259 olan qanunvericiliy\u0259 uy\u011funlu\u011fundan \u0259min ola bil\u0259rsiniz. Bundan ba\u015fqa, m\u00fct\u0259x\u0259ssisimiz t\u0259qdim edil\u0259n m\u00fcqavil\u0259y\u0259 dair a\u015fa\u011f\u0131dak\u0131 i\u015fl\u0259ri aparacaqd\u0131r:<\/p>\n<ul class=\"ul-gray\">\n<li>M\u00fc\u015ft\u0259ri \u00fc\u00e7\u00fcn problemli m\u0259qamlar\u0131 a\u015fkar ed\u0259c\u0259k;<\/li>\n<li>M\u00fc\u015ft\u0259ri \u00fc\u00e7\u00fcn h\u0259dd\u0259n art\u0131q \u0259lveri\u015fsiz \u015f\u0259rtl\u0259ri g\u00f6st\u0259r\u0259c\u0259k (\u201c\u015f\u0259rtl\u0259rin a\u011f\u0131rl\u0131q\u201d d\u0259r\u0259c\u0259sini m\u00fc\u0259yy\u0259n ed\u0259c\u0259k);<\/li>\n<li>M\u00fcqavil\u0259l\u0259r\u0259 m\u00fc\u015ft\u0259rinin maraqlar\u0131na xidm\u0259t etm\u0259y\u0259 imkan yaradan d\u0259yi\u015fiklikl\u0259rin edilm\u0259si \u00fczr\u0259 t\u00f6vsiy\u0259l\u0259r ver\u0259c\u0259k.<\/li>\n<\/ul>\n<p>Y\u00fcks\u0259k keyfiyy\u0259tli v\u0259 operativ ekspertiza apar\u0131ld\u0131qdan sonra m\u00fc\u015ft\u0259ri m\u0259hz n\u0259yi imzalad\u0131\u011f\u0131ndan, hans\u0131 \u015f\u0259rtl\u0259r\u0259 raz\u0131 oldu\u011fundan \u0259min ola bil\u0259r. Bu is\u0259 g\u0259l\u0259c\u0259y\u0259 \u0259minlik v\u0259 \u00f6z \u015f\u0259xsi maraqlar\u0131na xidm\u0259t edilm\u0259si dem\u0259kdir. \u015eirk\u0259timiz siz\u0259 ist\u0259nil\u0259n an k\u00f6m\u0259k etm\u0259y\u0259 haz\u0131rd\u0131r. Bunun \u00fc\u00e7\u00fcn sayt\u0131m\u0131zda g\u00f6st\u0259ril\u0259n telefon n\u00f6mr\u0259si il\u0259 m\u0259sl\u0259h\u0259t\u00e7imizl\u0259 \u0259laq\u0259 saxlama\u011f\u0131n\u0131z kifay\u0259tdir.[\/vc_column_text][\/vc_column][\/vc_row]<\/p>\n<\/div>","protected":false},"excerpt":{"rendered":"<p>[vc_row equal_height=&#8221;yes&#8221; css_animation=&#8221;fadeInUp&#8221;][vc_column][vc_column_text] M\u00fcqavil\u0259l\u0259rin t\u0259rtibat\u0131 v\u0259 ekspertizas\u0131 [\/vc_column_text][vc_column_text]Sizi m\u00fcqavil\u0259l\u0259rin v\u0259 ya dig\u0259r h\u00fcquqi c\u0259h\u0259td\u0259n \u0259h\u0259miyy\u0259tli s\u0259n\u0259dl\u0259rin t\u0259rtib edilm\u0259si v\u0259 yoxlanams\u0131 maraqland\u0131r\u0131rsa, \u015firk\u0259timizin h\u00fcquq\u015f\u00fcnaslar\u0131 siz\u0259 k\u00f6m\u0259klik etm\u0259y\u0259 haz\u0131rd\u0131rlar. Qanunvericilik n\u00f6qteyi-n\u0259z\u0259rind\u0259n gedi\u015fat\u0131nda m\u00fclki h\u00fcquq v\u0259 \u00f6hd\u0259likl\u0259rin m\u00fc\u0259yy\u0259n edilm\u0259si, onlara xitam verilm\u0259si v\u0259 ya d\u0259yi\u015fiklik edilm\u0259si haqq\u0131nda q\u0259rar q\u0259bul edil\u0259n m\u00fcqavil\u0259 iki v\u0259 daha \u00e7ox \u015f\u0259xs aras\u0131nda ba\u011flanan<\/p>\n","protected":false},"author":1,"featured_media":55357,"parent":0,"menu_order":0,"comment_status":"open","ping_status":"closed","template":"","meta":{"_acf_changed":false,"footnotes":""},"class_list":["post-18883","page","type-page","status-publish","hentry"],"acf":[],"yoast_head":"<!-- This site is optimized with the Yoast SEO plugin v27.3 - https:\/\/yoast.com\/product\/yoast-seo-wordpress\/ -->\n<title>Bak\u0131da m\u00fcqavil\u0259l\u0259rin haz\u0131rlanmas\u0131 v\u0259 yoxlan\u0131lmas\u0131 FChain-da.<\/title>\n<meta name=\"description\" content=\"M\u00fcqavil\u0259nin haz\u0131rlanmas\u0131 zaman\u0131 b\u00fct\u00fcn m\u00fcmk\u00fcn riskl\u0259ri n\u0259z\u0259r\u0259 almaq, onu h\u00fcquq normalar\u0131na uy\u011fun olaraq dqzg\u00fcn \u015f\u0259kild\u0259 haz\u0131rlamaq \u00e7ox m\u00fch\u00fcmd\u00fcr. \u015eirk\u0259timiz Siz\u0259 m\u00fcqavil\u0259l\u0259rinizin y\u00fcks\u0259k s\u0259viyy\u0259d\u0259 olmas\u0131na z\u0259man\u0259t verir.\" \/>\n<meta name=\"robots\" content=\"index, follow, max-snippet:-1, max-image-preview:large, max-video-preview:-1\" \/>\n<link rel=\"canonical\" href=\"https:\/\/az.f-chain.com\/az\/muqavilelerin-tertibati-ve-ekspertizasi\/\" \/>\n<meta property=\"og:locale\" content=\"az_AZ\" \/>\n<meta property=\"og:type\" content=\"article\" \/>\n<meta property=\"og:title\" content=\"Bak\u0131da m\u00fcqavil\u0259l\u0259rin haz\u0131rlanmas\u0131 v\u0259 yoxlan\u0131lmas\u0131 FChain-da.\" \/>\n<meta property=\"og:description\" content=\"M\u00fcqavil\u0259nin haz\u0131rlanmas\u0131 zaman\u0131 b\u00fct\u00fcn m\u00fcmk\u00fcn riskl\u0259ri n\u0259z\u0259r\u0259 almaq, onu h\u00fcquq normalar\u0131na uy\u011fun olaraq dqzg\u00fcn \u015f\u0259kild\u0259 haz\u0131rlamaq \u00e7ox m\u00fch\u00fcmd\u00fcr. \u015eirk\u0259timiz Siz\u0259 m\u00fcqavil\u0259l\u0259rinizin y\u00fcks\u0259k s\u0259viyy\u0259d\u0259 olmas\u0131na z\u0259man\u0259t verir.\" \/>\n<meta property=\"og:url\" content=\"https:\/\/az.f-chain.com\/az\/muqavilelerin-tertibati-ve-ekspertizasi\/\" \/>\n<meta property=\"og:site_name\" content=\"FChain\" \/>\n<meta property=\"article:modified_time\" content=\"2021-09-22T12:24:31+00:00\" \/>\n<meta name=\"twitter:card\" content=\"summary_large_image\" \/>\n<script type=\"application\/ld+json\" class=\"yoast-schema-graph\">{\"@context\":\"https:\\\/\\\/schema.org\",\"@graph\":[{\"@type\":\"WebPage\",\"@id\":\"https:\\\/\\\/az.f-chain.com\\\/az\\\/muqavilelerin-tertibati-ve-ekspertizasi\\\/\",\"url\":\"https:\\\/\\\/az.f-chain.com\\\/az\\\/muqavilelerin-tertibati-ve-ekspertizasi\\\/\",\"name\":\"Bak\u0131da m\u00fcqavil\u0259l\u0259rin haz\u0131rlanmas\u0131 v\u0259 yoxlan\u0131lmas\u0131 FChain-da.\",\"isPartOf\":{\"@id\":\"https:\\\/\\\/az.f-chain.com\\\/#website\"},\"primaryImageOfPage\":{\"@id\":\"https:\\\/\\\/az.f-chain.com\\\/az\\\/muqavilelerin-tertibati-ve-ekspertizasi\\\/#primaryimage\"},\"image\":{\"@id\":\"https:\\\/\\\/az.f-chain.com\\\/az\\\/muqavilelerin-tertibati-ve-ekspertizasi\\\/#primaryimage\"},\"thumbnailUrl\":\"https:\\\/\\\/az.f-chain.com\\\/wp-content\\\/uploads\\\/2025\\\/07\\\/gold-coins-and-seed-in-clear-bottle-on-cityscape-p-2024-10-21-16-59-12-utc-scaled.jpg\",\"datePublished\":\"2012-11-27T08:42:03+00:00\",\"dateModified\":\"2021-09-22T12:24:31+00:00\",\"description\":\"M\u00fcqavil\u0259nin haz\u0131rlanmas\u0131 zaman\u0131 b\u00fct\u00fcn m\u00fcmk\u00fcn riskl\u0259ri n\u0259z\u0259r\u0259 almaq, onu h\u00fcquq normalar\u0131na uy\u011fun olaraq dqzg\u00fcn \u015f\u0259kild\u0259 haz\u0131rlamaq \u00e7ox m\u00fch\u00fcmd\u00fcr. \u015eirk\u0259timiz Siz\u0259 m\u00fcqavil\u0259l\u0259rinizin y\u00fcks\u0259k s\u0259viyy\u0259d\u0259 olmas\u0131na z\u0259man\u0259t verir.\",\"breadcrumb\":{\"@id\":\"https:\\\/\\\/az.f-chain.com\\\/az\\\/muqavilelerin-tertibati-ve-ekspertizasi\\\/#breadcrumb\"},\"inLanguage\":\"az\",\"potentialAction\":[{\"@type\":\"ReadAction\",\"target\":[\"https:\\\/\\\/az.f-chain.com\\\/az\\\/muqavilelerin-tertibati-ve-ekspertizasi\\\/\"]}]},{\"@type\":\"ImageObject\",\"inLanguage\":\"az\",\"@id\":\"https:\\\/\\\/az.f-chain.com\\\/az\\\/muqavilelerin-tertibati-ve-ekspertizasi\\\/#primaryimage\",\"url\":\"https:\\\/\\\/az.f-chain.com\\\/wp-content\\\/uploads\\\/2025\\\/07\\\/gold-coins-and-seed-in-clear-bottle-on-cityscape-p-2024-10-21-16-59-12-utc-scaled.jpg\",\"contentUrl\":\"https:\\\/\\\/az.f-chain.com\\\/wp-content\\\/uploads\\\/2025\\\/07\\\/gold-coins-and-seed-in-clear-bottle-on-cityscape-p-2024-10-21-16-59-12-utc-scaled.jpg\",\"width\":2560,\"height\":1930,\"caption\":\"Gold coins and seed in clear bottle on cityscape photo blurred cityscape background,Business investment growth concept\"},{\"@type\":\"BreadcrumbList\",\"@id\":\"https:\\\/\\\/az.f-chain.com\\\/az\\\/muqavilelerin-tertibati-ve-ekspertizasi\\\/#breadcrumb\",\"itemListElement\":[{\"@type\":\"ListItem\",\"position\":1,\"name\":\"Home\",\"item\":\"https:\\\/\\\/az.f-chain.com\\\/az\\\/\"},{\"@type\":\"ListItem\",\"position\":2,\"name\":\"M\u00fcqavil\u0259l\u0259rin t\u0259rtibat\u0131 v\u0259 ekspertizas\u0131\"}]},{\"@type\":\"WebSite\",\"@id\":\"https:\\\/\\\/az.f-chain.com\\\/#website\",\"url\":\"https:\\\/\\\/az.f-chain.com\\\/\",\"name\":\"FChain\",\"description\":\"Azerbaijan\",\"potentialAction\":[{\"@type\":\"SearchAction\",\"target\":{\"@type\":\"EntryPoint\",\"urlTemplate\":\"https:\\\/\\\/az.f-chain.com\\\/?s={search_term_string}\"},\"query-input\":{\"@type\":\"PropertyValueSpecification\",\"valueRequired\":true,\"valueName\":\"search_term_string\"}}],\"inLanguage\":\"az\"}]}<\/script>\n<!-- \/ Yoast SEO plugin. -->","yoast_head_json":{"title":"Bak\u0131da m\u00fcqavil\u0259l\u0259rin haz\u0131rlanmas\u0131 v\u0259 yoxlan\u0131lmas\u0131 FChain-da.","description":"M\u00fcqavil\u0259nin haz\u0131rlanmas\u0131 zaman\u0131 b\u00fct\u00fcn m\u00fcmk\u00fcn riskl\u0259ri n\u0259z\u0259r\u0259 almaq, onu h\u00fcquq normalar\u0131na uy\u011fun olaraq dqzg\u00fcn \u015f\u0259kild\u0259 haz\u0131rlamaq \u00e7ox m\u00fch\u00fcmd\u00fcr. \u015eirk\u0259timiz Siz\u0259 m\u00fcqavil\u0259l\u0259rinizin y\u00fcks\u0259k s\u0259viyy\u0259d\u0259 olmas\u0131na z\u0259man\u0259t verir.","robots":{"index":"index","follow":"follow","max-snippet":"max-snippet:-1","max-image-preview":"max-image-preview:large","max-video-preview":"max-video-preview:-1"},"canonical":"https:\/\/az.f-chain.com\/az\/muqavilelerin-tertibati-ve-ekspertizasi\/","og_locale":"az_AZ","og_type":"article","og_title":"Bak\u0131da m\u00fcqavil\u0259l\u0259rin haz\u0131rlanmas\u0131 v\u0259 yoxlan\u0131lmas\u0131 FChain-da.","og_description":"M\u00fcqavil\u0259nin haz\u0131rlanmas\u0131 zaman\u0131 b\u00fct\u00fcn m\u00fcmk\u00fcn riskl\u0259ri n\u0259z\u0259r\u0259 almaq, onu h\u00fcquq normalar\u0131na uy\u011fun olaraq dqzg\u00fcn \u015f\u0259kild\u0259 haz\u0131rlamaq \u00e7ox m\u00fch\u00fcmd\u00fcr. \u015eirk\u0259timiz Siz\u0259 m\u00fcqavil\u0259l\u0259rinizin y\u00fcks\u0259k s\u0259viyy\u0259d\u0259 olmas\u0131na z\u0259man\u0259t verir.","og_url":"https:\/\/az.f-chain.com\/az\/muqavilelerin-tertibati-ve-ekspertizasi\/","og_site_name":"FChain","article_modified_time":"2021-09-22T12:24:31+00:00","twitter_card":"summary_large_image","schema":{"@context":"https:\/\/schema.org","@graph":[{"@type":"WebPage","@id":"https:\/\/az.f-chain.com\/az\/muqavilelerin-tertibati-ve-ekspertizasi\/","url":"https:\/\/az.f-chain.com\/az\/muqavilelerin-tertibati-ve-ekspertizasi\/","name":"Bak\u0131da m\u00fcqavil\u0259l\u0259rin haz\u0131rlanmas\u0131 v\u0259 yoxlan\u0131lmas\u0131 FChain-da.","isPartOf":{"@id":"https:\/\/az.f-chain.com\/#website"},"primaryImageOfPage":{"@id":"https:\/\/az.f-chain.com\/az\/muqavilelerin-tertibati-ve-ekspertizasi\/#primaryimage"},"image":{"@id":"https:\/\/az.f-chain.com\/az\/muqavilelerin-tertibati-ve-ekspertizasi\/#primaryimage"},"thumbnailUrl":"https:\/\/az.f-chain.com\/wp-content\/uploads\/2025\/07\/gold-coins-and-seed-in-clear-bottle-on-cityscape-p-2024-10-21-16-59-12-utc-scaled.jpg","datePublished":"2012-11-27T08:42:03+00:00","dateModified":"2021-09-22T12:24:31+00:00","description":"M\u00fcqavil\u0259nin haz\u0131rlanmas\u0131 zaman\u0131 b\u00fct\u00fcn m\u00fcmk\u00fcn riskl\u0259ri n\u0259z\u0259r\u0259 almaq, onu h\u00fcquq normalar\u0131na uy\u011fun olaraq dqzg\u00fcn \u015f\u0259kild\u0259 haz\u0131rlamaq \u00e7ox m\u00fch\u00fcmd\u00fcr. \u015eirk\u0259timiz Siz\u0259 m\u00fcqavil\u0259l\u0259rinizin y\u00fcks\u0259k s\u0259viyy\u0259d\u0259 olmas\u0131na z\u0259man\u0259t verir.","breadcrumb":{"@id":"https:\/\/az.f-chain.com\/az\/muqavilelerin-tertibati-ve-ekspertizasi\/#breadcrumb"},"inLanguage":"az","potentialAction":[{"@type":"ReadAction","target":["https:\/\/az.f-chain.com\/az\/muqavilelerin-tertibati-ve-ekspertizasi\/"]}]},{"@type":"ImageObject","inLanguage":"az","@id":"https:\/\/az.f-chain.com\/az\/muqavilelerin-tertibati-ve-ekspertizasi\/#primaryimage","url":"https:\/\/az.f-chain.com\/wp-content\/uploads\/2025\/07\/gold-coins-and-seed-in-clear-bottle-on-cityscape-p-2024-10-21-16-59-12-utc-scaled.jpg","contentUrl":"https:\/\/az.f-chain.com\/wp-content\/uploads\/2025\/07\/gold-coins-and-seed-in-clear-bottle-on-cityscape-p-2024-10-21-16-59-12-utc-scaled.jpg","width":2560,"height":1930,"caption":"Gold coins and seed in clear bottle on cityscape photo blurred cityscape background,Business investment growth concept"},{"@type":"BreadcrumbList","@id":"https:\/\/az.f-chain.com\/az\/muqavilelerin-tertibati-ve-ekspertizasi\/#breadcrumb","itemListElement":[{"@type":"ListItem","position":1,"name":"Home","item":"https:\/\/az.f-chain.com\/az\/"},{"@type":"ListItem","position":2,"name":"M\u00fcqavil\u0259l\u0259rin t\u0259rtibat\u0131 v\u0259 ekspertizas\u0131"}]},{"@type":"WebSite","@id":"https:\/\/az.f-chain.com\/#website","url":"https:\/\/az.f-chain.com\/","name":"FChain","description":"Azerbaijan","potentialAction":[{"@type":"SearchAction","target":{"@type":"EntryPoint","urlTemplate":"https:\/\/az.f-chain.com\/?s={search_term_string}"},"query-input":{"@type":"PropertyValueSpecification","valueRequired":true,"valueName":"search_term_string"}}],"inLanguage":"az"}]}},"_links":{"self":[{"href":"https:\/\/az.f-chain.com\/az\/wp-json\/wp\/v2\/pages\/18883","targetHints":{"allow":["GET"]}}],"collection":[{"href":"https:\/\/az.f-chain.com\/az\/wp-json\/wp\/v2\/pages"}],"about":[{"href":"https:\/\/az.f-chain.com\/az\/wp-json\/wp\/v2\/types\/page"}],"author":[{"embeddable":true,"href":"https:\/\/az.f-chain.com\/az\/wp-json\/wp\/v2\/users\/1"}],"replies":[{"embeddable":true,"href":"https:\/\/az.f-chain.com\/az\/wp-json\/wp\/v2\/comments?post=18883"}],"version-history":[{"count":2,"href":"https:\/\/az.f-chain.com\/az\/wp-json\/wp\/v2\/pages\/18883\/revisions"}],"predecessor-version":[{"id":19338,"href":"https:\/\/az.f-chain.com\/az\/wp-json\/wp\/v2\/pages\/18883\/revisions\/19338"}],"wp:featuredmedia":[{"embeddable":true,"href":"https:\/\/az.f-chain.com\/az\/wp-json\/wp\/v2\/media\/55357"}],"wp:attachment":[{"href":"https:\/\/az.f-chain.com\/az\/wp-json\/wp\/v2\/media?parent=18883"}],"curies":[{"name":"wp","href":"https:\/\/api.w.org\/{rel}","templated":true}]}}