{"id":18882,"date":"2012-11-27T12:40:15","date_gmt":"2012-11-27T08:40:15","guid":{"rendered":"http:\/\/cacs.silencatech.com\/?page_id=672"},"modified":"2021-09-22T14:28:19","modified_gmt":"2021-09-22T11:28:19","slug":"muessiselerin-legvi","status":"publish","type":"page","link":"https:\/\/az.f-chain.com\/az\/muessiselerin-legvi\/","title":{"rendered":"M\u00fc\u0259ssis\u0259l\u0259rin l\u0259\u011fvi"},"content":{"rendered":"<div class=\"wpb-content-wrapper\"><p>[vc_row equal_height=&#8221;yes&#8221; css_animation=&#8221;fadeInUp&#8221;][vc_column][vc_column_text]<\/p>\n<h1>M\u00fc\u0259ssis\u0259l\u0259rin l\u0259\u011fvi<\/h1>\n<p>[\/vc_column_text][vc_column_text]M\u00fc\u0259ssis\u0259nin qeydiyyat\u0131 asan prosedur deyil, MMC m\u00fc\u0259ssis\u0259sinin l\u0259\u011fvi is\u0259 daha da \u00e7\u0259tindir, bel\u0259 ki, kifay\u0259t q\u0259d\u0259r tez-tez d\u0259yi\u015fiklikl\u0259r edil\u0259n qanunvericiliyin x\u00fcsusiyy\u0259tl\u0259ri m\u00fc\u0259yy\u0259n bilik v\u0259 bacar\u0131qlar t\u0259l\u0259b edir ki, he\u00e7 d\u0259 ixtisas\u0131 \u00fczr\u0259 i\u015fl\u0259y\u0259n h\u0259r h\u00fcquq\u015f\u00fcnas bu bilik v\u0259 bacar\u0131qlara malik deyil. \u015eirk\u0259timizin bu m\u0259s\u0259l\u0259d\u0259 b\u00f6y\u00fck t\u0259cr\u00fcb\u0259si olan m\u00fct\u0259x\u0259ssisl\u0259ri siz\u0259 \u015firk\u0259tin l\u0259\u011fvinin ill\u0259rl\u0259 davam ed\u0259 bil\u0259c\u0259k, sonu g\u00f6r\u00fcnm\u0259y\u0259n yorucu proses\u0259 \u00e7evrilm\u0259sind\u0259n uzaq olma\u011fa k\u00f6m\u0259k ed\u0259c\u0259k.<\/p>\n<p>Y\u00fcks\u0259k ixtisas s\u0259viyy\u0259sin\u0259 malik h\u00fcquq\u015f\u00fcnaslar bir ne\u00e7\u0259 sxem t\u0259klif etm\u0259y\u0259 haz\u0131rd\u0131rlar ki, bu sxeml\u0259r say\u0259sind\u0259 l\u0259\u011fv prosesi tez v\u0259 b\u00fct\u00fcn h\u00fcquqi normalara riay\u0259t edilm\u0259kl\u0259 h\u0259yata ke\u00e7iril\u0259c\u0259k. Sizi MMC-nin l\u0259\u011fvi maraqland\u0131r\u0131rsa, bu xidm\u0259tin qiym\u0259ti sizi qane ed\u0259c\u0259k, bel\u0259 ki, \u015firk\u0259timizd\u0259 qiym\u0259t siyas\u0259ti elastik f\u0259rdi yana\u015fmaya \u0259saslan\u0131r.[\/vc_column_text][\/vc_column][\/vc_row][vc_row equal_height=&#8221;yes&#8221; content_placement=&#8221;middle&#8221; css_animation=&#8221;fadeInUp&#8221;][vc_column width=&#8221;1\/2&#8243;][vc_column_text]<\/p>\n<h3>Borclar\u0131 olan MMC-nin r\u0259smi l\u0259\u011fvi<\/h3>\n<p>\u018fn s\u0259m\u0259r\u0259li v\u0259 \u0259n \u00e7ox istifad\u0259 olunan l\u0259\u011fv \u00fcsulu MMC-nin korporativ h\u00fcquqlar\u0131n\u0131n sat\u0131\u015f\u0131 vasit\u0259sil\u0259 l\u0259\u011fvidir. Bu, o dem\u0259kdir ki, \u00f6z\u0259l m\u00fc\u0259ssis\u0259nin l\u0259\u011fvi a\u015fa\u011f\u0131dak\u0131 \u015f\u0259kild\u0259 h\u0259yata ke\u00e7irilir: m\u00fclkiyy\u0259t\u00e7i korporativ h\u00fcquqlar\u0131n\u0131 yeni m\u00fclkiyy\u0259t\u00e7iy\u0259 verir, sonuncu is\u0259, \u00f6z n\u00f6vb\u0259sind\u0259, art\u0131q l\u0259\u011fv m\u0259s\u0259l\u0259l\u0259ri il\u0259 m\u0259\u015f\u011ful olacaq v\u0259 prosesi m\u0259ntiqi yekununa \u00e7atd\u0131racaq. Bu sxem tamamil\u0259 qanunidir, h\u00fcququn he\u00e7 bir sah\u0259sin\u0259 zidd deyil v\u0259 bir ne\u00e7\u0259 g\u00fcn kimi q\u0131sa bir vaxtda n\u0259tic\u0259 verir. Bu zaman \u015firk\u0259timizin yeni h\u00fcquq\u015f\u00fcnaslar\u0131n\u0131n xidm\u0259tl\u0259rind\u0259n istifad\u0259 ed\u0259n m\u00fc\u015ft\u0259rimizi vergi orqanlar\u0131 v\u0259 \u00fcz\u0259rin\u0259 n\u0259zar\u0259t funksiyas\u0131 qoyulmu\u015f dig\u0259r t\u0259\u015fkilatlar t\u0259r\u0259find\u0259n yoxlamalar h\u0259yata ke\u00e7irilm\u0259si ehtimal\u0131 narahat etm\u0259m\u0259lidir. Bundan ba\u015fqa, m\u00fc\u0259ssis\u0259nin direktoru v\u0259 t\u0259sis\u00e7il\u0259ri art\u0131q onlar\u0131n m\u00fclkiyy\u0259ti olmayan MMC-nin f\u0259aliyy\u0259tin\u0259 g\u00f6r\u0259 m\u0259suliyy\u0259td\u0259n azad olurlar.[\/vc_column_text][\/vc_column][vc_column width=&#8221;1\/2&#8243;][vc_single_image image=&#8221;19275&#8243; img_size=&#8221;full&#8221; alignment=&#8221;center&#8221;][\/vc_column][\/vc_row][vc_row content_placement=&#8221;middle&#8221; css_animation=&#8221;fadeInUp&#8221; css=&#8221;.vc_custom_1632309978699{background-color: #f6f6f6 !important;}&#8221;][vc_column width=&#8221;1\/2&#8243;][vc_single_image image=&#8221;19279&#8243; img_size=&#8221;full&#8221; alignment=&#8221;center&#8221;][\/vc_column][vc_column width=&#8221;1\/2&#8243;][vc_column_text]<\/p>\n<h3>Problemli m\u00fc\u0259ssis\u0259l\u0259rin l\u0259\u011fvi<\/h3>\n<p>Daha bir leqal variant \u015firk\u0259tin \u0259h\u0259miyy\u0259tli aktivl\u0259ri, kreditor v\u0259 debitor borclar\u0131, \u0259sas v\u0259saitl\u0259ri oldu\u011fu t\u0259qdird\u0259 h\u00fcquq\u015f\u00fcnaslar\u0131m\u0131z\u0131n t\u00f6vsiy\u0259 etdiyi m\u00fcflis olmu\u015f m\u00fc\u0259ssi\u0259nin l\u0259\u011fvidir. \u018fmlak\u0131n sat\u0131\u015f\u0131ndan v\u0259 l\u0259\u011fv balans\u0131n\u0131n t\u0259rtib edilm\u0259sind\u0259n sonra qalan pul v\u0259saitl\u0259ri (ekvivalenti) MMC t\u0259sis\u00e7il\u0259ri aras\u0131nda b\u00f6l\u00fc\u015fd\u00fcr\u00fcl\u0259c\u0259k.<\/p>\n<p>M\u00fc\u0259ssis\u0259nin l\u0259\u011fvi d\u0259y\u0259ri m\u0259sl\u0259h\u0259tl\u0259\u015fm\u0259l\u0259rd\u0259n sonra f\u0259rdi olaraq m\u00fc\u0259yy\u0259n edilir. \u018flaq\u0259 vasit\u0259l\u0259ri b\u00f6lm\u0259sind\u0259 t\u0259qdim edilmi\u015f telefon n\u00f6mr\u0259l\u0259rin\u0259 z\u0259ng ed\u0259r\u0259k, m\u0259sl\u0259h\u0259t ala bil\u0259rsiniz. Sizi inand\u0131r\u0131r\u0131q ki, h\u00fcquq\u015f\u00fcnaslar\u0131m\u0131z\u0131n d\u0259st\u0259yi il\u0259 Az\u0259rbaycanda m\u00fc\u0259ssis\u0259nin l\u0259\u011fvi rahat, y\u00fcks\u0259k s\u0259viyy\u0259d\u0259 pe\u015f\u0259karl\u0131qla, tamamil\u0259 qanuni \u015f\u0259kild\u0259 v\u0259 tez h\u0259yata ke\u00e7iril\u0259c\u0259k.[\/vc_column_text][\/vc_column][\/vc_row]<\/p>\n<\/div>","protected":false},"excerpt":{"rendered":"<p>[vc_row equal_height=&#8221;yes&#8221; css_animation=&#8221;fadeInUp&#8221;][vc_column][vc_column_text] M\u00fc\u0259ssis\u0259l\u0259rin l\u0259\u011fvi [\/vc_column_text][vc_column_text]M\u00fc\u0259ssis\u0259nin qeydiyyat\u0131 asan prosedur deyil, MMC m\u00fc\u0259ssis\u0259sinin l\u0259\u011fvi is\u0259 daha da \u00e7\u0259tindir, bel\u0259 ki, kifay\u0259t q\u0259d\u0259r tez-tez d\u0259yi\u015fiklikl\u0259r edil\u0259n qanunvericiliyin x\u00fcsusiyy\u0259tl\u0259ri m\u00fc\u0259yy\u0259n bilik v\u0259 bacar\u0131qlar t\u0259l\u0259b edir ki, he\u00e7 d\u0259 ixtisas\u0131 \u00fczr\u0259 i\u015fl\u0259y\u0259n h\u0259r h\u00fcquq\u015f\u00fcnas bu bilik v\u0259 bacar\u0131qlara malik deyil. \u015eirk\u0259timizin bu m\u0259s\u0259l\u0259d\u0259 b\u00f6y\u00fck t\u0259cr\u00fcb\u0259si olan m\u00fct\u0259x\u0259ssisl\u0259ri siz\u0259 \u015firk\u0259tin<\/p>\n","protected":false},"author":1,"featured_media":0,"parent":0,"menu_order":0,"comment_status":"open","ping_status":"closed","template":"","meta":{"_acf_changed":false,"footnotes":""},"class_list":["post-18882","page","type-page","status-publish","hentry"],"acf":[],"yoast_head":"<!-- This site is optimized with the Yoast SEO plugin v27.3 - https:\/\/yoast.com\/product\/yoast-seo-wordpress\/ -->\n<title>Bak\u0131da \u015firk\u0259tin l\u0259\u011fv olunmas\u0131 FChain-da<\/title>\n<meta name=\"description\" content=\"MMC \u015firk\u0259tin l\u0259\u011fvi kifay\u0259t q\u0259d\u0259r q\u0259liz prosesdir, buna g\u00f6r\u0259 d\u0259 h\u0259tta \u015firk\u0259tinizin borcu olmasa bel\u0259, bu i\u015fi ist\u0259nil\u0259n h\u00fcquq\u015f\u00fcnas bacarm\u0131r.\" \/>\n<meta name=\"robots\" content=\"index, follow, max-snippet:-1, max-image-preview:large, max-video-preview:-1\" \/>\n<link rel=\"canonical\" href=\"https:\/\/az.f-chain.com\/az\/muessiselerin-legvi\/\" \/>\n<meta property=\"og:locale\" content=\"az_AZ\" \/>\n<meta property=\"og:type\" content=\"article\" \/>\n<meta property=\"og:title\" content=\"Bak\u0131da \u015firk\u0259tin l\u0259\u011fv olunmas\u0131 FChain-da\" \/>\n<meta property=\"og:description\" content=\"MMC \u015firk\u0259tin l\u0259\u011fvi kifay\u0259t q\u0259d\u0259r q\u0259liz prosesdir, buna g\u00f6r\u0259 d\u0259 h\u0259tta \u015firk\u0259tinizin borcu olmasa bel\u0259, bu i\u015fi ist\u0259nil\u0259n h\u00fcquq\u015f\u00fcnas bacarm\u0131r.\" \/>\n<meta property=\"og:url\" content=\"https:\/\/az.f-chain.com\/az\/muessiselerin-legvi\/\" \/>\n<meta property=\"og:site_name\" content=\"FChain\" \/>\n<meta property=\"article:modified_time\" content=\"2021-09-22T11:28:19+00:00\" \/>\n<meta name=\"twitter:card\" content=\"summary_large_image\" \/>\n<script type=\"application\/ld+json\" class=\"yoast-schema-graph\">{\"@context\":\"https:\\\/\\\/schema.org\",\"@graph\":[{\"@type\":\"WebPage\",\"@id\":\"https:\\\/\\\/az.f-chain.com\\\/az\\\/muessiselerin-legvi\\\/\",\"url\":\"https:\\\/\\\/az.f-chain.com\\\/az\\\/muessiselerin-legvi\\\/\",\"name\":\"Bak\u0131da \u015firk\u0259tin l\u0259\u011fv olunmas\u0131 FChain-da\",\"isPartOf\":{\"@id\":\"https:\\\/\\\/az.f-chain.com\\\/#website\"},\"datePublished\":\"2012-11-27T08:40:15+00:00\",\"dateModified\":\"2021-09-22T11:28:19+00:00\",\"description\":\"MMC \u015firk\u0259tin l\u0259\u011fvi kifay\u0259t q\u0259d\u0259r q\u0259liz prosesdir, buna g\u00f6r\u0259 d\u0259 h\u0259tta \u015firk\u0259tinizin borcu olmasa bel\u0259, bu i\u015fi ist\u0259nil\u0259n h\u00fcquq\u015f\u00fcnas bacarm\u0131r.\",\"breadcrumb\":{\"@id\":\"https:\\\/\\\/az.f-chain.com\\\/az\\\/muessiselerin-legvi\\\/#breadcrumb\"},\"inLanguage\":\"az\",\"potentialAction\":[{\"@type\":\"ReadAction\",\"target\":[\"https:\\\/\\\/az.f-chain.com\\\/az\\\/muessiselerin-legvi\\\/\"]}]},{\"@type\":\"BreadcrumbList\",\"@id\":\"https:\\\/\\\/az.f-chain.com\\\/az\\\/muessiselerin-legvi\\\/#breadcrumb\",\"itemListElement\":[{\"@type\":\"ListItem\",\"position\":1,\"name\":\"Home\",\"item\":\"https:\\\/\\\/az.f-chain.com\\\/az\\\/\"},{\"@type\":\"ListItem\",\"position\":2,\"name\":\"M\u00fc\u0259ssis\u0259l\u0259rin l\u0259\u011fvi\"}]},{\"@type\":\"WebSite\",\"@id\":\"https:\\\/\\\/az.f-chain.com\\\/#website\",\"url\":\"https:\\\/\\\/az.f-chain.com\\\/\",\"name\":\"FChain\",\"description\":\"Azerbaijan\",\"potentialAction\":[{\"@type\":\"SearchAction\",\"target\":{\"@type\":\"EntryPoint\",\"urlTemplate\":\"https:\\\/\\\/az.f-chain.com\\\/?s={search_term_string}\"},\"query-input\":{\"@type\":\"PropertyValueSpecification\",\"valueRequired\":true,\"valueName\":\"search_term_string\"}}],\"inLanguage\":\"az\"}]}<\/script>\n<!-- \/ Yoast SEO plugin. -->","yoast_head_json":{"title":"Bak\u0131da \u015firk\u0259tin l\u0259\u011fv olunmas\u0131 FChain-da","description":"MMC \u015firk\u0259tin l\u0259\u011fvi kifay\u0259t q\u0259d\u0259r q\u0259liz prosesdir, buna g\u00f6r\u0259 d\u0259 h\u0259tta \u015firk\u0259tinizin borcu olmasa bel\u0259, bu i\u015fi ist\u0259nil\u0259n h\u00fcquq\u015f\u00fcnas bacarm\u0131r.","robots":{"index":"index","follow":"follow","max-snippet":"max-snippet:-1","max-image-preview":"max-image-preview:large","max-video-preview":"max-video-preview:-1"},"canonical":"https:\/\/az.f-chain.com\/az\/muessiselerin-legvi\/","og_locale":"az_AZ","og_type":"article","og_title":"Bak\u0131da \u015firk\u0259tin l\u0259\u011fv olunmas\u0131 FChain-da","og_description":"MMC \u015firk\u0259tin l\u0259\u011fvi kifay\u0259t q\u0259d\u0259r q\u0259liz prosesdir, buna g\u00f6r\u0259 d\u0259 h\u0259tta \u015firk\u0259tinizin borcu olmasa bel\u0259, bu i\u015fi ist\u0259nil\u0259n h\u00fcquq\u015f\u00fcnas bacarm\u0131r.","og_url":"https:\/\/az.f-chain.com\/az\/muessiselerin-legvi\/","og_site_name":"FChain","article_modified_time":"2021-09-22T11:28:19+00:00","twitter_card":"summary_large_image","schema":{"@context":"https:\/\/schema.org","@graph":[{"@type":"WebPage","@id":"https:\/\/az.f-chain.com\/az\/muessiselerin-legvi\/","url":"https:\/\/az.f-chain.com\/az\/muessiselerin-legvi\/","name":"Bak\u0131da \u015firk\u0259tin l\u0259\u011fv olunmas\u0131 FChain-da","isPartOf":{"@id":"https:\/\/az.f-chain.com\/#website"},"datePublished":"2012-11-27T08:40:15+00:00","dateModified":"2021-09-22T11:28:19+00:00","description":"MMC \u015firk\u0259tin l\u0259\u011fvi kifay\u0259t q\u0259d\u0259r q\u0259liz prosesdir, buna g\u00f6r\u0259 d\u0259 h\u0259tta \u015firk\u0259tinizin borcu olmasa bel\u0259, bu i\u015fi ist\u0259nil\u0259n h\u00fcquq\u015f\u00fcnas bacarm\u0131r.","breadcrumb":{"@id":"https:\/\/az.f-chain.com\/az\/muessiselerin-legvi\/#breadcrumb"},"inLanguage":"az","potentialAction":[{"@type":"ReadAction","target":["https:\/\/az.f-chain.com\/az\/muessiselerin-legvi\/"]}]},{"@type":"BreadcrumbList","@id":"https:\/\/az.f-chain.com\/az\/muessiselerin-legvi\/#breadcrumb","itemListElement":[{"@type":"ListItem","position":1,"name":"Home","item":"https:\/\/az.f-chain.com\/az\/"},{"@type":"ListItem","position":2,"name":"M\u00fc\u0259ssis\u0259l\u0259rin l\u0259\u011fvi"}]},{"@type":"WebSite","@id":"https:\/\/az.f-chain.com\/#website","url":"https:\/\/az.f-chain.com\/","name":"FChain","description":"Azerbaijan","potentialAction":[{"@type":"SearchAction","target":{"@type":"EntryPoint","urlTemplate":"https:\/\/az.f-chain.com\/?s={search_term_string}"},"query-input":{"@type":"PropertyValueSpecification","valueRequired":true,"valueName":"search_term_string"}}],"inLanguage":"az"}]}},"_links":{"self":[{"href":"https:\/\/az.f-chain.com\/az\/wp-json\/wp\/v2\/pages\/18882","targetHints":{"allow":["GET"]}}],"collection":[{"href":"https:\/\/az.f-chain.com\/az\/wp-json\/wp\/v2\/pages"}],"about":[{"href":"https:\/\/az.f-chain.com\/az\/wp-json\/wp\/v2\/types\/page"}],"author":[{"embeddable":true,"href":"https:\/\/az.f-chain.com\/az\/wp-json\/wp\/v2\/users\/1"}],"replies":[{"embeddable":true,"href":"https:\/\/az.f-chain.com\/az\/wp-json\/wp\/v2\/comments?post=18882"}],"version-history":[{"count":1,"href":"https:\/\/az.f-chain.com\/az\/wp-json\/wp\/v2\/pages\/18882\/revisions"}],"predecessor-version":[{"id":19286,"href":"https:\/\/az.f-chain.com\/az\/wp-json\/wp\/v2\/pages\/18882\/revisions\/19286"}],"wp:attachment":[{"href":"https:\/\/az.f-chain.com\/az\/wp-json\/wp\/v2\/media?parent=18882"}],"curies":[{"name":"wp","href":"https:\/\/api.w.org\/{rel}","templated":true}]}}