{"id":18880,"date":"2012-11-26T17:13:44","date_gmt":"2012-11-26T13:13:44","guid":{"rendered":"http:\/\/cacs.silencatech.com\/?page_id=661"},"modified":"2025-08-27T12:49:37","modified_gmt":"2025-08-27T09:49:37","slug":"legal-services","status":"publish","type":"page","link":"https:\/\/az.f-chain.com\/az\/legal-services\/","title":{"rendered":"H\u00fcquq xidm\u0259tl\u0259ri v\u0259 konsaltinq"},"content":{"rendered":"<div class=\"wpb-content-wrapper\"><p>[vc_row equal_height=&#8221;yes&#8221; css_animation=&#8221;fadeInUp&#8221;][vc_column][vc_column_text]<strong>Financial Chain Corporation (FCHAIN<\/strong><strong>)<\/strong> Az\u0259rbaycanda v\u0259 xaricd\u0259 \u015firk\u0259tl\u0259r\u0259, investorlara v\u0259 fiziki \u015f\u0259xsl\u0259r\u0259 h\u0259rt\u0259r\u0259fli h\u00fcquqi xidm\u0259tl\u0259r g\u00f6st\u0259rir. H\u00fcquq komandam\u0131z \u0259sas f\u0259aliyy\u0259t sah\u0259l\u0259ri \u00fczr\u0259 strateji m\u0259sl\u0259h\u0259tl\u0259r verir, normativl\u0259r\u0259 uy\u011funlu\u011fu t\u0259min edir, riskl\u0259ri minimuma endirir v\u0259 inaml\u0131 q\u0259rarlar q\u0259bul etm\u0259y\u0259 k\u00f6m\u0259k edir.[\/vc_column_text][\/vc_column][\/vc_row][vc_row equal_height=&#8221;yes&#8221; content_placement=&#8221;middle&#8221; css_animation=&#8221;bounceInLeft&#8221; css=&#8221;.vc_custom_1752656306743{margin-bottom: 0px !important;background-color: #f6f6f6 !important;}&#8221;][vc_column width=&#8221;1\/2&#8243;][vc_column_text]<\/p>\n<div class=\"vc_row wpb_row vc_row-fluid vc_custom_1477299551405 vc_row-has-fill\">\n<div class=\"wpb_column vc_column_container vc_col-sm-12\">\n<div class=\"vc_column-inner\">\n<div class=\"wpb_wrapper\">\n<div class=\"wpb_text_column wpb_content_element \">\n<div class=\"wpb_wrapper\">\n<div class=\"vc_row wpb_row vc_row-fluid vc_custom_1477300091536 vc_row-has-fill\">\n<div class=\"wpb_column vc_column_container vc_col-sm-12\">\n<div class=\"vc_column-inner\">\n<div class=\"wpb_wrapper\">\n<div class=\"wpb_text_column wpb_content_element \">\n<div class=\"wpb_wrapper\">\n<p><strong>\u018fsas h\u00fcquq xidm\u0259tl\u0259rimiz:<\/strong><\/p>\n<ul>\n<li><strong>Kommersiya h\u00fcququ xidm\u0259tl\u0259ri<\/strong><br \/>\nM\u00fcqavil\u0259l\u0259r, lisenziyala\u015fd\u0131rma, idar\u0259etm\u0259 v\u0259 t\u0259nziml\u0259m\u0259 i\u015fl\u0259ri daxil olmaqla, kommersiya h\u00fcququ \u00fczr\u0259 m\u0259sl\u0259h\u0259t.<\/li>\n<li><strong>\u018fm\u0259k h\u00fcququ<\/strong><br \/>\nM\u00fcqavil\u0259l\u0259r, \u0259m\u0259k haqq\u0131 m\u00fcbahis\u0259l\u0259ri, t\u0259\u015fkilat\u0131n f\u0259aliyy\u0259tinin qanunvericiliy\u0259 v\u0259 daxili qaydalara\u00a0 uy\u011funlu\u011funun t\u0259min edilm\u0259si, \u0259m\u0259k m\u00fcbahis\u0259l\u0259rinin h\u0259lli.<\/li>\n<li><strong>Beyn\u0259lxalq (x\u00fcsusi) h\u00fcquq<\/strong><br \/>\nTranss\u0259rh\u0259d\/beyn\u0259lxalq m\u00fcqavil\u0259l\u0259r, arbitraj, m\u0259lumatlar\u0131n qorunmas\u0131 v\u0259 GDPR (\u00dcmumi M\u0259lumatlar\u0131n Qorunmas\u0131 Qaydas\u0131) il\u0259 uy\u011funluq.<\/li>\n<li><strong>Az\u0259rbaycanda miqrasiya xidm\u0259tl\u0259ri<\/strong><br \/>\nYa\u015fay\u0131\u015f v\u0259 i\u015f icaz\u0259l\u0259ri, viza d\u0259st\u0259yi, qeydiyyat v\u0259 m\u00fcdd\u0259tinin\u00a0 uzad\u0131lmas\u0131.<\/li>\n<li><strong>\u018fqli M\u00fclkiyy\u0259t H\u00fcququ<\/strong><br \/>\n\u018fmt\u0259\u0259 ni\u015fanlar\u0131n\u0131n, m\u00fc\u0259llif h\u00fcquqlar\u0131n\u0131n, patentl\u0259rin qorunmas\u0131 v\u0259 pirat\u00e7\u0131l\u0131\u011fa qar\u015f\u0131 t\u0259dbirl\u0259r.<\/li>\n<\/ul>\n<ul>\n<li style=\"list-style-type: none;\"><\/li>\n<\/ul>\n<\/div>\n<\/div>\n<\/div>\n<\/div>\n<\/div>\n<\/div>\n<\/div>\n<\/div>\n<\/div>\n<\/div>\n<\/div>\n<\/div>\n<p>[\/vc_column_text][vc_btn title=&#8221;EXPLORE MORE&#8221; style=&#8221;outline&#8221; color=&#8221;danger&#8221; align=&#8221;center&#8221; link=&#8221;url:https%3A%2F%2Faz.f-chain.com%2Fen%2Fcommercial-law-services%2F|title:Commercial%20Law%20Services&#8221;][\/vc_column][vc_column width=&#8221;1\/2&#8243;][vc_single_image image=&#8221;19249&#8243; img_size=&#8221;full&#8221; alignment=&#8221;center&#8221;][\/vc_column][\/vc_row][vc_row equal_height=&#8221;yes&#8221; content_placement=&#8221;middle&#8221; css_animation=&#8221;bounceInRight&#8221;][vc_column width=&#8221;1\/2&#8243;][vc_single_image image=&#8221;55284&#8243; img_size=&#8221;full&#8221;][\/vc_column][vc_column width=&#8221;1\/2&#8243;][vc_column_text]<\/p>\n<ul class=\"ul-gray\">\n<li><strong>Vasit\u0259\u00e7iliyin h\u00fcquqi t\u0259nziml\u0259nm\u0259si<\/strong><br \/>\nM\u00fclki, kommersiya, \u0259m\u0259k v\u0259 inzibati m\u0259s\u0259l\u0259l\u0259r \u00fczr\u0259 m\u00fcbahis\u0259l\u0259rin h\u0259llinin alternativ \u00fcsullar\u0131.<\/li>\n<li><strong>M\u0259xfilik, \u015f\u0259xsi h\u0259yat\u0131n gizliliyi v\u0259 t\u0259hl\u00fck\u0259sizlik.<\/strong><br \/>\nM\u0259lumatlar\u0131n qorunmas\u0131 siyas\u0259tl\u0259ri pozuntuya cavab v\u0259 t\u0259nziml\u0259yici uy\u011funluq.<\/li>\n<li><strong>M\u0259hk\u0259m\u0259 i\u015fi h\u00fcququ<\/strong><br \/>\nM\u00fclki v\u0259 kommersiya m\u0259hk\u0259m\u0259l\u0259rind\u0259 t\u0259msil\u00e7ilik v\u0259 qanunun icras\u0131.<\/li>\n<li><strong>H\u00fcquqi diqq\u0259t v\u0259 ehtiyatl\u0131l\u0131q\/H\u00fcquqi ekspertiza<\/strong><br \/>\nM\u00fcqavil\u0259l\u0259rin v\u0259 uy\u011funlu\u011fun h\u00fcquqi auditi v\u0259\u00a0 \u0259m\u0259liyyatlarda m\u0259hk\u0259m\u0259 \u00e7\u0259ki\u015fm\u0259l\u0259ri riskinin qiym\u0259tl\u0259ndirilm\u0259si.<\/li>\n<\/ul>\n<p>[\/vc_column_text][vc_btn title=&#8221;EXPLORE MORE&#8221; style=&#8221;outline&#8221; color=&#8221;danger&#8221; align=&#8221;center&#8221; link=&#8221;url:https%3A%2F%2Faz.f-chain.com%2Fen%2Fmediation-law%2F|title:Mediation%20Law&#8221;][\/vc_column][\/vc_row][vc_row equal_height=&#8221;yes&#8221; content_placement=&#8221;middle&#8221; css_animation=&#8221;bounceInLeft&#8221;][vc_column width=&#8221;1\/2&#8243;][vc_column_text]<\/p>\n<ul class=\"ul-gray\">\n<li><strong>\u0130dman h\u00fcququ<\/strong><br \/>\n\u0130dman\u00e7\u0131lar\u0131n t\u0259msil olunmas\u0131, sponsorluq, oyun\u00e7ularla m\u00fcqavil\u0259l\u0259r v\u0259 idman idar\u0259\u00e7iliyi.<\/li>\n<li><strong>Neft v\u0259 qaz h\u00fcququ<\/strong><br \/>\nEnerji layih\u0259l\u0259rind\u0259 lisenziyala\u015fd\u0131rma, hasilat\u0131n pay b\u00f6lg\u00fcs\u00fc sazi\u015fl\u0259ri, birg\u0259 m\u00fc\u0259ssis\u0259l\u0259r v\u0259 \u0259traf m\u00fchit\u0259 uy\u011funluq.<\/li>\n<li><strong>Tikinti \u00a0h\u00fcququ<\/strong><br \/>\nM\u00fcqavil\u0259l\u0259rin t\u0259rtib edilm\u0259si, icaz\u0259l\u0259rin al\u0131nmas\u0131, \u0259m\u0259yin m\u00fchafiz\u0259si v\u0259 t\u0259hl\u00fck\u0259sizlik texnikas\u0131, m\u00fcbahis\u0259l\u0259rin h\u0259lli.<\/li>\n<li><strong>Da\u015f\u0131nmaz \u0259mlak qanunvericiliyi<\/strong><br \/>\nDa\u015f\u0131nmaz \u0259mlakla ba\u011fl\u0131 \u0259m\u0259liyyatlar\u0131, m\u00fclkiyy\u0259tin qeydiyyat\u0131, icar\u0259 v\u0259 m\u00fcbahis\u0259l\u0259r.<\/li>\n<li><strong>D\u0259niz h\u00fcququ<\/strong><br \/>\nY\u00fck da\u015f\u0131nmas\u0131 m\u00fcqavil\u0259l\u0259ri, normativl\u0259r\u0259 riay\u0259t edilm\u0259si v\u0259 d\u0259niz m\u00fchitinin m\u00fchafiz\u0259si m\u0259s\u0259l\u0259l\u0259ri.<\/li>\n<li><strong>Turizm h\u00fcququ<\/strong><br \/>\nTurizm f\u0259aliyy\u0259ti, otel biznesi, lisenziyala\u015fd\u0131rma v\u0259 istehlak\u00e7\u0131 h\u00fcquqlar\u0131na h\u00fcquqi d\u0259st\u0259k.<\/li>\n<li style=\"list-style-type: none;\">\n<ul>\n<li style=\"list-style-type: none;\"><\/li>\n<\/ul>\n<\/li>\n<\/ul>\n<p>[\/vc_column_text][vc_btn title=&#8221;EXPLORE MORE&#8221; style=&#8221;outline&#8221; color=&#8221;danger&#8221; align=&#8221;center&#8221; link=&#8221;url:https%3A%2F%2Faz.f-chain.com%2Fen%2Foil-and-gas-law%2F|title:Oil%20and%20Gas%20Law&#8221;][\/vc_column][vc_column width=&#8221;1\/2&#8243;][vc_single_image image=&#8221;55356&#8243; img_size=&#8221;full&#8221;][\/vc_column][\/vc_row][vc_row css_animation=&#8221;bounceInDown&#8221;][vc_column][vc_column_text]H\u00fcquq\u015f\u00fcnaslar\u0131m\u0131z\u0131n biznesinizi nec\u0259 d\u0259st\u0259kl\u0259y\u0259 bil\u0259c\u0259yini, h\u00fcquqi probleml\u0259rinizi h\u0259ll ed\u0259 bil\u0259c\u0259yini v\u0259 uzunm\u00fcdd\u0259tli normalara riay\u0259t olunma v\u0259 m\u00fcdafi\u0259 t\u0259min ed\u0259 bil\u0259c\u0259yini \u00f6yr\u0259nm\u0259k \u00fc\u00e7\u00fcn <strong>bu g\u00fcn biziml\u0259 \u0259laq\u0259 saxlay\u0131n.<\/strong>[\/vc_column_text][\/vc_column][\/vc_row]<\/p>\n<\/div>","protected":false},"excerpt":{"rendered":"<p>[vc_row equal_height=&#8221;yes&#8221; css_animation=&#8221;fadeInUp&#8221;][vc_column][vc_column_text]Financial Chain Corporation (FCHAIN) Az\u0259rbaycanda v\u0259 xaricd\u0259 \u015firk\u0259tl\u0259r\u0259, investorlara v\u0259 fiziki \u015f\u0259xsl\u0259r\u0259 h\u0259rt\u0259r\u0259fli h\u00fcquqi xidm\u0259tl\u0259r g\u00f6st\u0259rir. H\u00fcquq komandam\u0131z \u0259sas f\u0259aliyy\u0259t sah\u0259l\u0259ri \u00fczr\u0259 strateji m\u0259sl\u0259h\u0259tl\u0259r verir, normativl\u0259r\u0259 uy\u011funlu\u011fu t\u0259min edir, riskl\u0259ri minimuma endirir v\u0259 inaml\u0131 q\u0259rarlar q\u0259bul etm\u0259y\u0259 k\u00f6m\u0259k edir.[\/vc_column_text][\/vc_column][\/vc_row][vc_row equal_height=&#8221;yes&#8221; content_placement=&#8221;middle&#8221; css_animation=&#8221;bounceInLeft&#8221; css=&#8221;.vc_custom_1752656306743{margin-bottom: 0px !important;background-color: #f6f6f6 !important;}&#8221;][vc_column width=&#8221;1\/2&#8243;][vc_column_text] \u018fsas h\u00fcquq xidm\u0259tl\u0259rimiz: Kommersiya h\u00fcququ<\/p>\n","protected":false},"author":1,"featured_media":55285,"parent":0,"menu_order":0,"comment_status":"open","ping_status":"closed","template":"","meta":{"_acf_changed":false,"footnotes":""},"class_list":["post-18880","page","type-page","status-publish","hentry"],"acf":[],"yoast_head":"<!-- This site is optimized with the Yoast SEO plugin v27.3 - https:\/\/yoast.com\/product\/yoast-seo-wordpress\/ -->\n<title>H\u00fcquq xidm\u0259tl\u0259ri v\u0259 konsaltinq<\/title>\n<meta name=\"description\" content=\"Financial Chain Corporation (FCHAIN) Az\u0259rbaycanda v\u0259 xaricd\u0259 \u015firk\u0259tl\u0259r\u0259, investorlara v\u0259 fiziki \u015f\u0259xsl\u0259r\u0259 h\u0259rt\u0259r\u0259fli h\u00fcquqi xidm\u0259tl\u0259r g\u00f6st\u0259rir.\" \/>\n<meta name=\"robots\" content=\"index, follow, max-snippet:-1, max-image-preview:large, max-video-preview:-1\" \/>\n<link rel=\"canonical\" href=\"https:\/\/az.f-chain.com\/az\/legal-services\/\" \/>\n<meta property=\"og:locale\" content=\"az_AZ\" \/>\n<meta property=\"og:type\" content=\"article\" \/>\n<meta property=\"og:title\" content=\"H\u00fcquq xidm\u0259tl\u0259ri v\u0259 konsaltinq\" \/>\n<meta property=\"og:description\" content=\"Financial Chain Corporation (FCHAIN) Az\u0259rbaycanda v\u0259 xaricd\u0259 \u015firk\u0259tl\u0259r\u0259, investorlara v\u0259 fiziki \u015f\u0259xsl\u0259r\u0259 h\u0259rt\u0259r\u0259fli h\u00fcquqi xidm\u0259tl\u0259r g\u00f6st\u0259rir.\" \/>\n<meta property=\"og:url\" content=\"https:\/\/az.f-chain.com\/az\/legal-services\/\" \/>\n<meta property=\"og:site_name\" content=\"FChain\" \/>\n<meta property=\"article:modified_time\" content=\"2025-08-27T09:49:37+00:00\" \/>\n<meta property=\"og:image\" content=\"https:\/\/az.f-chain.com\/wp-content\/uploads\/2025\/07\/business-solutions-businesswoman-hand-connecting-2025-01-09-03-44-06-utc-scaled.jpg\" \/>\n\t<meta property=\"og:image:width\" content=\"2560\" \/>\n\t<meta property=\"og:image:height\" content=\"1707\" \/>\n\t<meta property=\"og:image:type\" content=\"image\/jpeg\" \/>\n<meta name=\"twitter:card\" content=\"summary_large_image\" \/>\n<script type=\"application\/ld+json\" class=\"yoast-schema-graph\">{\"@context\":\"https:\\\/\\\/schema.org\",\"@graph\":[{\"@type\":\"WebPage\",\"@id\":\"https:\\\/\\\/az.f-chain.com\\\/az\\\/legal-services\\\/\",\"url\":\"https:\\\/\\\/az.f-chain.com\\\/az\\\/legal-services\\\/\",\"name\":\"H\u00fcquq xidm\u0259tl\u0259ri v\u0259 konsaltinq\",\"isPartOf\":{\"@id\":\"https:\\\/\\\/az.f-chain.com\\\/#website\"},\"primaryImageOfPage\":{\"@id\":\"https:\\\/\\\/az.f-chain.com\\\/az\\\/legal-services\\\/#primaryimage\"},\"image\":{\"@id\":\"https:\\\/\\\/az.f-chain.com\\\/az\\\/legal-services\\\/#primaryimage\"},\"thumbnailUrl\":\"https:\\\/\\\/az.f-chain.com\\\/wp-content\\\/uploads\\\/2025\\\/07\\\/business-solutions-businesswoman-hand-connecting-2025-01-09-03-44-06-utc-scaled.jpg\",\"datePublished\":\"2012-11-26T13:13:44+00:00\",\"dateModified\":\"2025-08-27T09:49:37+00:00\",\"description\":\"Financial Chain Corporation (FCHAIN) Az\u0259rbaycanda v\u0259 xaricd\u0259 \u015firk\u0259tl\u0259r\u0259, investorlara v\u0259 fiziki \u015f\u0259xsl\u0259r\u0259 h\u0259rt\u0259r\u0259fli h\u00fcquqi xidm\u0259tl\u0259r g\u00f6st\u0259rir.\",\"breadcrumb\":{\"@id\":\"https:\\\/\\\/az.f-chain.com\\\/az\\\/legal-services\\\/#breadcrumb\"},\"inLanguage\":\"az\",\"potentialAction\":[{\"@type\":\"ReadAction\",\"target\":[\"https:\\\/\\\/az.f-chain.com\\\/az\\\/legal-services\\\/\"]}]},{\"@type\":\"ImageObject\",\"inLanguage\":\"az\",\"@id\":\"https:\\\/\\\/az.f-chain.com\\\/az\\\/legal-services\\\/#primaryimage\",\"url\":\"https:\\\/\\\/az.f-chain.com\\\/wp-content\\\/uploads\\\/2025\\\/07\\\/business-solutions-businesswoman-hand-connecting-2025-01-09-03-44-06-utc-scaled.jpg\",\"contentUrl\":\"https:\\\/\\\/az.f-chain.com\\\/wp-content\\\/uploads\\\/2025\\\/07\\\/business-solutions-businesswoman-hand-connecting-2025-01-09-03-44-06-utc-scaled.jpg\",\"width\":2560,\"height\":1707,\"caption\":\"Business solutions, Businesswoman hand connecting jigsaw with businessman hand. success and strategy and partner concept.\"},{\"@type\":\"BreadcrumbList\",\"@id\":\"https:\\\/\\\/az.f-chain.com\\\/az\\\/legal-services\\\/#breadcrumb\",\"itemListElement\":[{\"@type\":\"ListItem\",\"position\":1,\"name\":\"Home\",\"item\":\"https:\\\/\\\/az.f-chain.com\\\/az\\\/\"},{\"@type\":\"ListItem\",\"position\":2,\"name\":\"H\u00fcquq xidm\u0259tl\u0259ri v\u0259 konsaltinq\"}]},{\"@type\":\"WebSite\",\"@id\":\"https:\\\/\\\/az.f-chain.com\\\/#website\",\"url\":\"https:\\\/\\\/az.f-chain.com\\\/\",\"name\":\"FChain\",\"description\":\"Azerbaijan\",\"potentialAction\":[{\"@type\":\"SearchAction\",\"target\":{\"@type\":\"EntryPoint\",\"urlTemplate\":\"https:\\\/\\\/az.f-chain.com\\\/?s={search_term_string}\"},\"query-input\":{\"@type\":\"PropertyValueSpecification\",\"valueRequired\":true,\"valueName\":\"search_term_string\"}}],\"inLanguage\":\"az\"}]}<\/script>\n<!-- \/ Yoast SEO plugin. -->","yoast_head_json":{"title":"H\u00fcquq xidm\u0259tl\u0259ri v\u0259 konsaltinq","description":"Financial Chain Corporation (FCHAIN) Az\u0259rbaycanda v\u0259 xaricd\u0259 \u015firk\u0259tl\u0259r\u0259, investorlara v\u0259 fiziki \u015f\u0259xsl\u0259r\u0259 h\u0259rt\u0259r\u0259fli h\u00fcquqi xidm\u0259tl\u0259r g\u00f6st\u0259rir.","robots":{"index":"index","follow":"follow","max-snippet":"max-snippet:-1","max-image-preview":"max-image-preview:large","max-video-preview":"max-video-preview:-1"},"canonical":"https:\/\/az.f-chain.com\/az\/legal-services\/","og_locale":"az_AZ","og_type":"article","og_title":"H\u00fcquq xidm\u0259tl\u0259ri v\u0259 konsaltinq","og_description":"Financial Chain Corporation (FCHAIN) Az\u0259rbaycanda v\u0259 xaricd\u0259 \u015firk\u0259tl\u0259r\u0259, investorlara v\u0259 fiziki \u015f\u0259xsl\u0259r\u0259 h\u0259rt\u0259r\u0259fli h\u00fcquqi xidm\u0259tl\u0259r g\u00f6st\u0259rir.","og_url":"https:\/\/az.f-chain.com\/az\/legal-services\/","og_site_name":"FChain","article_modified_time":"2025-08-27T09:49:37+00:00","og_image":[{"width":2560,"height":1707,"url":"https:\/\/az.f-chain.com\/wp-content\/uploads\/2025\/07\/business-solutions-businesswoman-hand-connecting-2025-01-09-03-44-06-utc-scaled.jpg","type":"image\/jpeg"}],"twitter_card":"summary_large_image","schema":{"@context":"https:\/\/schema.org","@graph":[{"@type":"WebPage","@id":"https:\/\/az.f-chain.com\/az\/legal-services\/","url":"https:\/\/az.f-chain.com\/az\/legal-services\/","name":"H\u00fcquq xidm\u0259tl\u0259ri v\u0259 konsaltinq","isPartOf":{"@id":"https:\/\/az.f-chain.com\/#website"},"primaryImageOfPage":{"@id":"https:\/\/az.f-chain.com\/az\/legal-services\/#primaryimage"},"image":{"@id":"https:\/\/az.f-chain.com\/az\/legal-services\/#primaryimage"},"thumbnailUrl":"https:\/\/az.f-chain.com\/wp-content\/uploads\/2025\/07\/business-solutions-businesswoman-hand-connecting-2025-01-09-03-44-06-utc-scaled.jpg","datePublished":"2012-11-26T13:13:44+00:00","dateModified":"2025-08-27T09:49:37+00:00","description":"Financial Chain Corporation (FCHAIN) Az\u0259rbaycanda v\u0259 xaricd\u0259 \u015firk\u0259tl\u0259r\u0259, investorlara v\u0259 fiziki \u015f\u0259xsl\u0259r\u0259 h\u0259rt\u0259r\u0259fli h\u00fcquqi xidm\u0259tl\u0259r g\u00f6st\u0259rir.","breadcrumb":{"@id":"https:\/\/az.f-chain.com\/az\/legal-services\/#breadcrumb"},"inLanguage":"az","potentialAction":[{"@type":"ReadAction","target":["https:\/\/az.f-chain.com\/az\/legal-services\/"]}]},{"@type":"ImageObject","inLanguage":"az","@id":"https:\/\/az.f-chain.com\/az\/legal-services\/#primaryimage","url":"https:\/\/az.f-chain.com\/wp-content\/uploads\/2025\/07\/business-solutions-businesswoman-hand-connecting-2025-01-09-03-44-06-utc-scaled.jpg","contentUrl":"https:\/\/az.f-chain.com\/wp-content\/uploads\/2025\/07\/business-solutions-businesswoman-hand-connecting-2025-01-09-03-44-06-utc-scaled.jpg","width":2560,"height":1707,"caption":"Business solutions, Businesswoman hand connecting jigsaw with businessman hand. success and strategy and partner concept."},{"@type":"BreadcrumbList","@id":"https:\/\/az.f-chain.com\/az\/legal-services\/#breadcrumb","itemListElement":[{"@type":"ListItem","position":1,"name":"Home","item":"https:\/\/az.f-chain.com\/az\/"},{"@type":"ListItem","position":2,"name":"H\u00fcquq xidm\u0259tl\u0259ri v\u0259 konsaltinq"}]},{"@type":"WebSite","@id":"https:\/\/az.f-chain.com\/#website","url":"https:\/\/az.f-chain.com\/","name":"FChain","description":"Azerbaijan","potentialAction":[{"@type":"SearchAction","target":{"@type":"EntryPoint","urlTemplate":"https:\/\/az.f-chain.com\/?s={search_term_string}"},"query-input":{"@type":"PropertyValueSpecification","valueRequired":true,"valueName":"search_term_string"}}],"inLanguage":"az"}]}},"_links":{"self":[{"href":"https:\/\/az.f-chain.com\/az\/wp-json\/wp\/v2\/pages\/18880","targetHints":{"allow":["GET"]}}],"collection":[{"href":"https:\/\/az.f-chain.com\/az\/wp-json\/wp\/v2\/pages"}],"about":[{"href":"https:\/\/az.f-chain.com\/az\/wp-json\/wp\/v2\/types\/page"}],"author":[{"embeddable":true,"href":"https:\/\/az.f-chain.com\/az\/wp-json\/wp\/v2\/users\/1"}],"replies":[{"embeddable":true,"href":"https:\/\/az.f-chain.com\/az\/wp-json\/wp\/v2\/comments?post=18880"}],"version-history":[{"count":7,"href":"https:\/\/az.f-chain.com\/az\/wp-json\/wp\/v2\/pages\/18880\/revisions"}],"predecessor-version":[{"id":55723,"href":"https:\/\/az.f-chain.com\/az\/wp-json\/wp\/v2\/pages\/18880\/revisions\/55723"}],"wp:featuredmedia":[{"embeddable":true,"href":"https:\/\/az.f-chain.com\/az\/wp-json\/wp\/v2\/media\/55285"}],"wp:attachment":[{"href":"https:\/\/az.f-chain.com\/az\/wp-json\/wp\/v2\/media?parent=18880"}],"curies":[{"name":"wp","href":"https:\/\/api.w.org\/{rel}","templated":true}]}}