{"id":18879,"date":"2012-11-27T12:31:30","date_gmt":"2012-11-27T08:31:30","guid":{"rendered":"http:\/\/cacs.silencatech.com\/?page_id=658"},"modified":"2022-12-12T09:51:02","modified_gmt":"2022-12-12T06:51:02","slug":"maliyy-hesabatinin-beyn-lxalq-standartlari","status":"publish","type":"page","link":"https:\/\/az.f-chain.com\/az\/maliyy-hesabatinin-beyn-lxalq-standartlari\/","title":{"rendered":"Maliyy\u0259 hesabat\u0131n\u0131n beyn\u0259lxalq standartlar\u0131"},"content":{"rendered":"<div class=\"wpb-content-wrapper\"><p>[vc_row equal_height=&#8221;yes&#8221; css_animation=&#8221;fadeInUp&#8221;][vc_column][vc_column_text]<\/p>\n<h1>Maliyy\u0259 hesabat\u0131n\u0131n beyn\u0259lxalq standartlar\u0131<\/h1>\n<p>[\/vc_column_text][\/vc_column][\/vc_row][vc_row equal_height=&#8221;yes&#8221; content_placement=&#8221;middle&#8221; css_animation=&#8221;fadeInUp&#8221;][vc_column width=&#8221;1\/2&#8243;][vc_column_text]M\u00fc\u0259ssis\u0259 r\u0259hb\u0259rl\u0259rinin \u015firk\u0259tin g\u0259l\u0259c\u0259yi haqq\u0131nda m\u00fch\u00fcm q\u0259rarlar q\u0259bul etm\u0259si \u00fc\u00e7\u00fcn real maliyy\u0259 v\u0259ziyy\u0259tini \u0259ks etdir\u0259n hesabatlar z\u0259ruridir. Hesabatda t\u0259qdim edil\u0259n m\u0259lumatlar\u0131n keyfiyy\u0259ti bir ne\u00e7\u0259 hesabat d\u00f6vr\u00fcnd\u0259ki f\u0259aliyy\u0259t g\u00f6st\u0259ricil\u0259rinin standartlar m\u0259cmusu il\u0259 m\u00fcqayis\u0259 olunmas\u0131na imkan verir. \u00c7ox vaxt m\u00fc\u0259ssis\u0259l\u0259r standart kimi BMHS g\u00f6st\u0259ricil\u0259rini se\u00e7irl\u0259r. T\u0259\u0259ss\u00fcf ki, b\u00f6y\u00fck t\u0259cr\u00fcb\u0259y\u0259 malik olan m\u00fchasibl\u0259rin he\u00e7 d\u0259 ham\u0131s\u0131 subyektin hesabatlar\u0131n\u0131 BMHS-y\u0259 uy\u011funla\u015fd\u0131ra bilmir. \u015eirk\u0259timizin m\u00fct\u0259x\u0259ssisl\u0259ri s\u00f6z\u00fcged\u0259n standartlara cavab ver\u0259n hesabatlar\u0131n formala\u015fd\u0131r\u0131lmas\u0131nda siz\u0259 k\u00f6m\u0259k etm\u0259y\u0259 haz\u0131rd\u0131rlar. Hesabatlar\u0131n BMHS-y\u0259 (Beyn\u0259lxalq Maliyy\u0259 Hesabatlar\u0131 Standartlar\u0131) uy\u011funla\u015fd\u0131r\u0131lmas\u0131 m\u00fcr\u0259kk\u0259b v\u0259 z\u0259hm\u0259tli prosesdir, amma \u0259lveri\u015fli qiym\u0259tl\u0259rl\u0259 bizim xidm\u0259tl\u0259rimizd\u0259n faydalanan m\u00fc\u0259ssis\u0259 r\u0259hb\u0259rl\u0259ri n\u0259tic\u0259nin u\u011furlu olaca\u011f\u0131ndan \u0259min ola bil\u0259rl\u0259r.[\/vc_column_text][\/vc_column][vc_column width=&#8221;1\/2&#8243;][vc_single_image image=&#8221;19205&#8243; img_size=&#8221;full&#8221; alignment=&#8221;center&#8221;][\/vc_column][\/vc_row][vc_row content_placement=&#8221;middle&#8221; css_animation=&#8221;fadeInUp&#8221; css=&#8221;.vc_custom_1632296027827{margin-bottom: 0px !important;background-color: #f6f6f6 !important;}&#8221;][vc_column width=&#8221;1\/2&#8243;][vc_single_image image=&#8221;19208&#8243; img_size=&#8221;full&#8221; alignment=&#8221;center&#8221;][\/vc_column][vc_column width=&#8221;1\/2&#8243;][vc_column_text]<\/p>\n<h3>BMHS \u00fczr\u0259 maliyy\u0259 hesabat\u0131<\/h3>\n<p>T\u0259cr\u00fcb\u0259li m\u00fct\u0259x\u0259ssisl\u0259r BMHS \u00fczr\u0259 maliyy\u0259 hesabatlar\u0131n\u0131n t\u0259rtib edilm\u0259sin\u0259 m\u00fc\u0259ssis\u0259d\u0259 t\u0259tbiq edil\u0259n u\u00e7ot siyas\u0259tind\u0259 a\u015fkar edilmi\u015f f\u0259rql\u0259rin t\u0259hlilind\u0259n, hesabat formalar\u0131n\u0131n i\u015fl\u0259nib haz\u0131rlanmas\u0131ndan (birl\u0259\u015fdirilmi\u015f firmalar \u00fc\u00e7\u00fcn vahid uy\u011funla\u015fd\u0131r\u0131lm\u0131\u015f formatda) ba\u015flayacaqlar. Bundan sonra sizin m\u00fc\u0259ssis\u0259nizd\u0259 n\u0259zar\u0259t prosedurlar\u0131 i\u015fl\u0259nib haz\u0131rlanacaq v\u0259 t\u0259tbiq edil\u0259c\u0259k. Bu prosedurlar informasiyalar\u0131 birl\u0259\u015fdirm\u0259y\u0259 imkan ver\u0259c\u0259k. Z\u0259rur\u0259t olduqda, BMHS t\u0259l\u0259bl\u0259rin\u0259 uy\u011fun olan hesabatlar\u0131n formala\u015fd\u0131r\u0131lmas\u0131 sah\u0259l\u0259rinin avtomatla\u015fd\u0131r\u0131lmas\u0131 h\u0259yata ke\u00e7irilir. Avtomatla\u015fd\u0131rma hesabatlar\u0131n formala\u015fd\u0131r\u0131lmas\u0131 \u00fc\u00e7\u00fcn daha d\u0259qiq operativ m\u0259lumat \u0259ld\u0259 etm\u0259y\u0259 imkan verir. Bu zaman sifari\u015f\u00e7i u\u00e7otun apar\u0131lmas\u0131 metodunu \u2013 paralel v\u0259 ya transformasiya metodunu \u00f6z\u00fc se\u00e7ir.<\/p>\n<p>Yuxar\u0131da sadalanan m\u0259rh\u0259l\u0259l\u0259r m\u00fc\u0259ssis\u0259nizd\u0259 art\u0131q t\u0259tbiq edilibs\u0259, BMHS m\u00fchasibat balans\u0131n\u0131n m\u00fc\u0259yy\u0259n edilmi\u015f standartlara uy\u011fun olmas\u0131 il\u0259 ba\u011fl\u0131 m\u00fcsb\u0259t r\u0259y formala\u015fd\u0131rmaq \u00fc\u00e7\u00fcn onun auditini h\u0259yata ke\u00e7irm\u0259k laz\u0131md\u0131r. \u015eirk\u0259timizin pe\u015f\u0259kar bilikl\u0259r\u0259 malik olan \u0259m\u0259kda\u015flar\u0131 Az\u0259rbaycanda ist\u0259nil\u0259n m\u00fclkiyy\u0259t formas\u0131na malik olan firmalar \u00fc\u00e7\u00fcn BMHS \u00fczr\u0259 audit h\u0259yata ke\u00e7ir\u0259c\u0259kl\u0259r. Bundan sonra m\u00fc\u0259ssis\u0259 r\u0259hb\u0259rliyin\u0259 \u00fcmumi yoxlaman\u0131n v\u0259 ya auditin n\u0259tic\u0259l\u0259ri haqq\u0131nda r\u0259y, habel\u0259 m\u00fchasibat u\u00e7otundak\u0131 s\u0259hvl\u0259rin v\u0259 n\u00f6qsanlar\u0131n aradan qald\u0131r\u0131lmas\u0131 \u00fczr\u0259 t\u00f6vsiy\u0259l\u0259r veril\u0259c\u0259k.<\/p>\n<p>M\u0259sl\u0259h\u0259t \u00fc\u00e7\u00fcn \u015firk\u0259timizin m\u00fct\u0259x\u0259ssisl\u0259rin\u0259 m\u00fcraci\u0259t ed\u0259r\u0259k (telefon n\u00f6mr\u0259l\u0259ri saytda t\u0259qdim edilmi\u015fdir), hesabatlar\u0131n transformasiyas\u0131 haqq\u0131nda suallara \u0259trafl\u0131 cavab ala bil\u0259rsiniz. Y\u00fcks\u0259k pe\u015f\u0259karl\u0131q s\u0259viyy\u0259si, xidm\u0259tl\u0259rin d\u0259y\u0259rinin m\u00fc\u0259yy\u0259n edilm\u0259sind\u0259 elastiklik v\u0259 f\u0259rdi yana\u015fma \u015firk\u0259timizin i\u015finin \u0259sas prinsipl\u0259ridir.[\/vc_column_text][\/vc_column][\/vc_row]<\/p>\n<\/div>","protected":false},"excerpt":{"rendered":"<p>[vc_row equal_height=&#8221;yes&#8221; css_animation=&#8221;fadeInUp&#8221;][vc_column][vc_column_text] Maliyy\u0259 hesabat\u0131n\u0131n beyn\u0259lxalq standartlar\u0131 [\/vc_column_text][\/vc_column][\/vc_row][vc_row equal_height=&#8221;yes&#8221; content_placement=&#8221;middle&#8221; css_animation=&#8221;fadeInUp&#8221;][vc_column width=&#8221;1\/2&#8243;][vc_column_text]M\u00fc\u0259ssis\u0259 r\u0259hb\u0259rl\u0259rinin \u015firk\u0259tin g\u0259l\u0259c\u0259yi haqq\u0131nda m\u00fch\u00fcm q\u0259rarlar q\u0259bul etm\u0259si \u00fc\u00e7\u00fcn real maliyy\u0259 v\u0259ziyy\u0259tini \u0259ks etdir\u0259n hesabatlar z\u0259ruridir. Hesabatda t\u0259qdim edil\u0259n m\u0259lumatlar\u0131n keyfiyy\u0259ti bir ne\u00e7\u0259 hesabat d\u00f6vr\u00fcnd\u0259ki f\u0259aliyy\u0259t g\u00f6st\u0259ricil\u0259rinin standartlar m\u0259cmusu il\u0259 m\u00fcqayis\u0259 olunmas\u0131na imkan verir. \u00c7ox vaxt m\u00fc\u0259ssis\u0259l\u0259r standart kimi BMHS g\u00f6st\u0259ricil\u0259rini se\u00e7irl\u0259r. T\u0259\u0259ss\u00fcf<\/p>\n","protected":false},"author":1,"featured_media":0,"parent":0,"menu_order":0,"comment_status":"open","ping_status":"closed","template":"","meta":{"_acf_changed":false,"footnotes":""},"class_list":["post-18879","page","type-page","status-publish","hentry"],"acf":[],"yoast_head":"<!-- This site is optimized with the Yoast SEO plugin v27.3 - https:\/\/yoast.com\/product\/yoast-seo-wordpress\/ -->\n<title>Bak\u0131da Beyn\u0259lxalq standartl\u0131 maliyy\u0259 hesabatlar\u0131na cavab ver\u0259n maliyy\u0259 hesabat\u0131<\/title>\n<meta name=\"description\" content=\"\u015eirk\u0259timizin m\u00fct\u0259x\u0259ssisl\u0259ri subyektin beyn\u0259lxalq maliyy\u0259 hesbat\u0131 standartlar\u0131na uy\u011fun hesabat\u0131n haz\u0131rlanmas\u0131na k\u00f6m\u0259k ed\u0259c\u0259k.\" \/>\n<meta name=\"robots\" content=\"index, follow, max-snippet:-1, max-image-preview:large, max-video-preview:-1\" \/>\n<link rel=\"canonical\" href=\"https:\/\/az.f-chain.com\/az\/maliyy-hesabatinin-beyn-lxalq-standartlari\/\" \/>\n<meta property=\"og:locale\" content=\"az_AZ\" \/>\n<meta property=\"og:type\" content=\"article\" \/>\n<meta property=\"og:title\" content=\"Bak\u0131da Beyn\u0259lxalq standartl\u0131 maliyy\u0259 hesabatlar\u0131na cavab ver\u0259n maliyy\u0259 hesabat\u0131\" \/>\n<meta property=\"og:description\" content=\"\u015eirk\u0259timizin m\u00fct\u0259x\u0259ssisl\u0259ri subyektin beyn\u0259lxalq maliyy\u0259 hesbat\u0131 standartlar\u0131na uy\u011fun hesabat\u0131n haz\u0131rlanmas\u0131na k\u00f6m\u0259k ed\u0259c\u0259k.\" \/>\n<meta property=\"og:url\" content=\"https:\/\/az.f-chain.com\/az\/maliyy-hesabatinin-beyn-lxalq-standartlari\/\" \/>\n<meta property=\"og:site_name\" content=\"FChain\" \/>\n<meta property=\"article:modified_time\" content=\"2022-12-12T06:51:02+00:00\" \/>\n<meta name=\"twitter:card\" content=\"summary_large_image\" \/>\n<script type=\"application\/ld+json\" class=\"yoast-schema-graph\">{\"@context\":\"https:\\\/\\\/schema.org\",\"@graph\":[{\"@type\":\"WebPage\",\"@id\":\"https:\\\/\\\/az.f-chain.com\\\/az\\\/maliyy-hesabatinin-beyn-lxalq-standartlari\\\/\",\"url\":\"https:\\\/\\\/az.f-chain.com\\\/az\\\/maliyy-hesabatinin-beyn-lxalq-standartlari\\\/\",\"name\":\"Bak\u0131da Beyn\u0259lxalq standartl\u0131 maliyy\u0259 hesabatlar\u0131na cavab ver\u0259n maliyy\u0259 hesabat\u0131\",\"isPartOf\":{\"@id\":\"https:\\\/\\\/az.f-chain.com\\\/#website\"},\"datePublished\":\"2012-11-27T08:31:30+00:00\",\"dateModified\":\"2022-12-12T06:51:02+00:00\",\"description\":\"\u015eirk\u0259timizin m\u00fct\u0259x\u0259ssisl\u0259ri subyektin beyn\u0259lxalq maliyy\u0259 hesbat\u0131 standartlar\u0131na uy\u011fun hesabat\u0131n haz\u0131rlanmas\u0131na k\u00f6m\u0259k ed\u0259c\u0259k.\",\"breadcrumb\":{\"@id\":\"https:\\\/\\\/az.f-chain.com\\\/az\\\/maliyy-hesabatinin-beyn-lxalq-standartlari\\\/#breadcrumb\"},\"inLanguage\":\"az\",\"potentialAction\":[{\"@type\":\"ReadAction\",\"target\":[\"https:\\\/\\\/az.f-chain.com\\\/az\\\/maliyy-hesabatinin-beyn-lxalq-standartlari\\\/\"]}]},{\"@type\":\"BreadcrumbList\",\"@id\":\"https:\\\/\\\/az.f-chain.com\\\/az\\\/maliyy-hesabatinin-beyn-lxalq-standartlari\\\/#breadcrumb\",\"itemListElement\":[{\"@type\":\"ListItem\",\"position\":1,\"name\":\"Home\",\"item\":\"https:\\\/\\\/az.f-chain.com\\\/az\\\/\"},{\"@type\":\"ListItem\",\"position\":2,\"name\":\"Maliyy\u0259 hesabat\u0131n\u0131n beyn\u0259lxalq standartlar\u0131\"}]},{\"@type\":\"WebSite\",\"@id\":\"https:\\\/\\\/az.f-chain.com\\\/#website\",\"url\":\"https:\\\/\\\/az.f-chain.com\\\/\",\"name\":\"FChain\",\"description\":\"Azerbaijan\",\"potentialAction\":[{\"@type\":\"SearchAction\",\"target\":{\"@type\":\"EntryPoint\",\"urlTemplate\":\"https:\\\/\\\/az.f-chain.com\\\/?s={search_term_string}\"},\"query-input\":{\"@type\":\"PropertyValueSpecification\",\"valueRequired\":true,\"valueName\":\"search_term_string\"}}],\"inLanguage\":\"az\"}]}<\/script>\n<!-- \/ Yoast SEO plugin. -->","yoast_head_json":{"title":"Bak\u0131da Beyn\u0259lxalq standartl\u0131 maliyy\u0259 hesabatlar\u0131na cavab ver\u0259n maliyy\u0259 hesabat\u0131","description":"\u015eirk\u0259timizin m\u00fct\u0259x\u0259ssisl\u0259ri subyektin beyn\u0259lxalq maliyy\u0259 hesbat\u0131 standartlar\u0131na uy\u011fun hesabat\u0131n haz\u0131rlanmas\u0131na k\u00f6m\u0259k ed\u0259c\u0259k.","robots":{"index":"index","follow":"follow","max-snippet":"max-snippet:-1","max-image-preview":"max-image-preview:large","max-video-preview":"max-video-preview:-1"},"canonical":"https:\/\/az.f-chain.com\/az\/maliyy-hesabatinin-beyn-lxalq-standartlari\/","og_locale":"az_AZ","og_type":"article","og_title":"Bak\u0131da Beyn\u0259lxalq standartl\u0131 maliyy\u0259 hesabatlar\u0131na cavab ver\u0259n maliyy\u0259 hesabat\u0131","og_description":"\u015eirk\u0259timizin m\u00fct\u0259x\u0259ssisl\u0259ri subyektin beyn\u0259lxalq maliyy\u0259 hesbat\u0131 standartlar\u0131na uy\u011fun hesabat\u0131n haz\u0131rlanmas\u0131na k\u00f6m\u0259k ed\u0259c\u0259k.","og_url":"https:\/\/az.f-chain.com\/az\/maliyy-hesabatinin-beyn-lxalq-standartlari\/","og_site_name":"FChain","article_modified_time":"2022-12-12T06:51:02+00:00","twitter_card":"summary_large_image","schema":{"@context":"https:\/\/schema.org","@graph":[{"@type":"WebPage","@id":"https:\/\/az.f-chain.com\/az\/maliyy-hesabatinin-beyn-lxalq-standartlari\/","url":"https:\/\/az.f-chain.com\/az\/maliyy-hesabatinin-beyn-lxalq-standartlari\/","name":"Bak\u0131da Beyn\u0259lxalq standartl\u0131 maliyy\u0259 hesabatlar\u0131na cavab ver\u0259n maliyy\u0259 hesabat\u0131","isPartOf":{"@id":"https:\/\/az.f-chain.com\/#website"},"datePublished":"2012-11-27T08:31:30+00:00","dateModified":"2022-12-12T06:51:02+00:00","description":"\u015eirk\u0259timizin m\u00fct\u0259x\u0259ssisl\u0259ri subyektin beyn\u0259lxalq maliyy\u0259 hesbat\u0131 standartlar\u0131na uy\u011fun hesabat\u0131n haz\u0131rlanmas\u0131na k\u00f6m\u0259k ed\u0259c\u0259k.","breadcrumb":{"@id":"https:\/\/az.f-chain.com\/az\/maliyy-hesabatinin-beyn-lxalq-standartlari\/#breadcrumb"},"inLanguage":"az","potentialAction":[{"@type":"ReadAction","target":["https:\/\/az.f-chain.com\/az\/maliyy-hesabatinin-beyn-lxalq-standartlari\/"]}]},{"@type":"BreadcrumbList","@id":"https:\/\/az.f-chain.com\/az\/maliyy-hesabatinin-beyn-lxalq-standartlari\/#breadcrumb","itemListElement":[{"@type":"ListItem","position":1,"name":"Home","item":"https:\/\/az.f-chain.com\/az\/"},{"@type":"ListItem","position":2,"name":"Maliyy\u0259 hesabat\u0131n\u0131n beyn\u0259lxalq standartlar\u0131"}]},{"@type":"WebSite","@id":"https:\/\/az.f-chain.com\/#website","url":"https:\/\/az.f-chain.com\/","name":"FChain","description":"Azerbaijan","potentialAction":[{"@type":"SearchAction","target":{"@type":"EntryPoint","urlTemplate":"https:\/\/az.f-chain.com\/?s={search_term_string}"},"query-input":{"@type":"PropertyValueSpecification","valueRequired":true,"valueName":"search_term_string"}}],"inLanguage":"az"}]}},"_links":{"self":[{"href":"https:\/\/az.f-chain.com\/az\/wp-json\/wp\/v2\/pages\/18879","targetHints":{"allow":["GET"]}}],"collection":[{"href":"https:\/\/az.f-chain.com\/az\/wp-json\/wp\/v2\/pages"}],"about":[{"href":"https:\/\/az.f-chain.com\/az\/wp-json\/wp\/v2\/types\/page"}],"author":[{"embeddable":true,"href":"https:\/\/az.f-chain.com\/az\/wp-json\/wp\/v2\/users\/1"}],"replies":[{"embeddable":true,"href":"https:\/\/az.f-chain.com\/az\/wp-json\/wp\/v2\/comments?post=18879"}],"version-history":[{"count":2,"href":"https:\/\/az.f-chain.com\/az\/wp-json\/wp\/v2\/pages\/18879\/revisions"}],"predecessor-version":[{"id":19213,"href":"https:\/\/az.f-chain.com\/az\/wp-json\/wp\/v2\/pages\/18879\/revisions\/19213"}],"wp:attachment":[{"href":"https:\/\/az.f-chain.com\/az\/wp-json\/wp\/v2\/media?parent=18879"}],"curies":[{"name":"wp","href":"https:\/\/api.w.org\/{rel}","templated":true}]}}