{"id":18878,"date":"2012-11-27T12:26:44","date_gmt":"2012-11-27T08:26:44","guid":{"rendered":"http:\/\/cacs.silencatech.com\/?page_id=652"},"modified":"2021-09-22T13:58:35","modified_gmt":"2021-09-22T10:58:35","slug":"vergitutmanin-optimallasdirilmasi","status":"publish","type":"page","link":"https:\/\/az.f-chain.com\/az\/vergitutmanin-optimallasdirilmasi\/","title":{"rendered":"Vergitutman\u0131n optimalla\u015fd\u0131r\u0131lmas\u0131"},"content":{"rendered":"<div class=\"wpb-content-wrapper\"><p>[vc_row equal_height=&#8221;yes&#8221; css_animation=&#8221;fadeInUp&#8221;][vc_column][vc_column_text]<\/p>\n<h1>Vergitutman\u0131n optimalla\u015fd\u0131r\u0131lmas\u0131<\/h1>\n<p>[\/vc_column_text][\/vc_column][\/vc_row][vc_row equal_height=&#8221;yes&#8221; content_placement=&#8221;middle&#8221; css_animation=&#8221;fadeInUp&#8221;][vc_column width=&#8221;1\/2&#8243;][vc_column_text]He\u00e7 kim \u00fc\u00e7\u00fcn sirr deyil ki, qanunun icaz\u0259 verdiyi \u00fcsullardan istifad\u0259 edirs\u0259, vergi \u00f6d\u0259yicisinin icbari vergil\u0259rin \u00f6d\u0259ni\u015find\u0259n qa\u00e7maq v\u0259 ya onlar\u0131n \u00f6l\u00e7\u00fcs\u00fcn\u00fc minimuma endirm\u0259k h\u00fcququ var. M\u00fc\u0259ssis\u0259l\u0259rin g\u0259lir vergisinin optimalla\u015fd\u0131r\u0131lmas\u0131 \u0259sas\u0259n bu m\u00fcdd\u0259aya \u0259saslan\u0131r. \u015eirk\u0259timizin m\u00fct\u0259x\u0259ssisl\u0259ri tamamil\u0259 leqal, proqnozlara \u0259saslanan qanuni v\u0259 s\u0259m\u0259r\u0259li metodlardan istifad\u0259 etm\u0259kl\u0259, vergi \u00f6d\u0259ni\u015fi il\u0259 ba\u011fl\u0131 x\u0259rcl\u0259ri minimuma endirm\u0259y\u0259 haz\u0131rd\u0131r. Bu xidm\u0259tl\u0259rin d\u0259y\u0259ri vergil\u0259rin optimalla\u015fd\u0131r\u0131lmas\u0131ndan \u0259ld\u0259 olunan a\u00e7\u0131q-a\u015fkar s\u0259m\u0259r\u0259 il\u0259 m\u00fcqayis\u0259d\u0259, dem\u0259k olar ki, s\u0131f\u0131ra b\u0259rab\u0259r olur.[\/vc_column_text][\/vc_column][vc_column width=&#8221;1\/2&#8243;][vc_single_image image=&#8221;19216&#8243; img_size=&#8221;full&#8221; alignment=&#8221;center&#8221;][\/vc_column][\/vc_row][vc_row content_placement=&#8221;middle&#8221; css_animation=&#8221;fadeInUp&#8221; css=&#8221;.vc_custom_1632308200155{background-color: #f6f6f6 !important;}&#8221;][vc_column width=&#8221;1\/2&#8243;][vc_single_image image=&#8221;19219&#8243; img_size=&#8221;full&#8221; alignment=&#8221;center&#8221;][\/vc_column][vc_column width=&#8221;1\/2&#8243;][vc_column_text]<\/p>\n<h3>M\u00fc\u0259ssis\u0259d\u0259 vergil\u0259rin optimalla\u015fd\u0131r\u0131lmas\u0131<\/h3>\n<p>\u018fks\u0259r \u015firk\u0259tl\u0259rin f\u0259aliyy\u0259tind\u0259 vergi planlamas\u0131 v\u0259 vergil\u0259rin optimalla\u015fd\u0131r\u0131lmas\u0131 \u0259h\u0259miyy\u0259tli yer tutur. Bunda t\u0259\u0259cc\u00fcbl\u00fc bir \u015fey yoxdur, ax\u0131 biznes b\u00fcdc\u0259ni doldurmaq deyil, ilk n\u00f6vb\u0259d\u0259 g\u0259lir \u0259ld\u0259 etm\u0259k \u00fc\u00e7\u00fcn m\u00f6vcuddur. B\u00fct\u00fcn subyektl\u0259r vergil\u0259ri \u00f6d\u0259m\u0259k \u00f6hd\u0259liyi da\u015f\u0131y\u0131r, bu \u00f6hd\u0259liyin yerin\u0259 yetirilm\u0259m\u0259sinin n\u0259tic\u0259si is\u0259 c\u0259rim\u0259 v\u0259 dig\u0259r m\u0259suliyy\u0259t n\u00f6vl\u0259ri il\u0259 c\u0259zaland\u0131r\u0131lmaqd\u0131r. Lakin m\u00fc\u0259ssis\u0259nin vergil\u0259rinin optimalla\u015fd\u0131r\u0131lmas\u0131n\u0131n bizim \u015firk\u0259timizin m\u00fct\u0259x\u0259ssisl\u0259ri t\u0259r\u0259find\u0259n i\u015fl\u0259nib haz\u0131rlanm\u0131\u015f leqal sxeml\u0259ri vergi \u00f6d\u0259ni\u015fl\u0259rinin h\u0259cmini xeyli azaltma\u011fa imkan verir. G\u00f6st\u0259ril\u0259n xidm\u0259tl\u0259rin d\u0259y\u0259ri f\u0259rdi qaydada m\u00fc\u0259yy\u0259n olunacaq.[\/vc_column_text][\/vc_column][\/vc_row][vc_row content_placement=&#8221;middle&#8221; css_animation=&#8221;fadeInUp&#8221;][vc_column width=&#8221;1\/2&#8243;][vc_column_text]<\/p>\n<h3>Vergil\u0259rin minimuma endirilm\u0259si<\/h3>\n<p>Qanunvericilik uzun ill\u0259r boyunca, dem\u0259k olar ki, d\u0259yi\u015fm\u0259z olaraq qal\u0131b, amma haz\u0131rda \u00e7ox tez-tez d\u0259yi\u015fiklikl\u0259r edilir, buna g\u00f6r\u0259 ill\u0259r \u0259rzind\u0259 haz\u0131rlanan optimalla\u015fd\u0131rma sxeml\u0259ri aktuall\u0131\u011f\u0131n\u0131 itirir. Biz vergi qanunvericiliyind\u0259ki b\u00fct\u00fcn d\u0259yi\u015fiklikl\u0259ri d\u0259qiqlikl\u0259 izl\u0259yirik v\u0259 onlar\u0131 \u0259trafl\u0131 t\u0259hlil etdikd\u0259n sonra ist\u0259nil\u0259n m\u00fclkiyy\u0259t formas\u0131na malik m\u00fc\u0259ssis\u0259l\u0259rd\u0259 istifad\u0259 edil\u0259 bil\u0259c\u0259k qanuni \u00fcsullar i\u015fl\u0259yib haz\u0131rlay\u0131r\u0131q. Az\u0259rbaycanda vergi \u00f6d\u0259ni\u015fl\u0259rinin optimalla\u015fd\u0131r\u0131lmas\u0131 \u0259sas\u0259n a\u015fa\u011f\u0131dak\u0131 metodlarla h\u0259yata ke\u00e7irilir:<\/p>\n<ul class=\"ul-gray\">\n<li>X\u0259rcl\u0259rin v\u0259 g\u0259lirl\u0259rin optimalla\u015fd\u0131r\u0131lmas\u0131 (x\u0259rcl\u0259rin v\u0259 g\u0259lirl\u0259rin t\u0259sdiq edilm\u0259si tarixi);<\/li>\n<li>i\u015f sxeminin i\u015fl\u0259nib haz\u0131rlanmas\u0131 (vasit\u0259\u00e7il\u0259rin xidm\u0259tl\u0259rind\u0259n istifad\u0259);<\/li>\n<li>sosial \u00f6d\u0259ni\u015f v\u0259 \u0259m\u0259k haqq\u0131 x\u0259rcl\u0259rinin optimalla\u015fd\u0131r\u0131lmas\u0131 (m\u00fckafatlar\u0131n, ezamiyy\u0259t pullar\u0131n\u0131n v\u0259 s. \u0259lav\u0259 edilm\u0259sinin inc\u0259likl\u0259ri);<\/li>\n<li>holdinq\u0259 daxil olan m\u00fc\u0259ssis\u0259l\u0259r (f\u0259aliyy\u0259t spesifikas\u0131 n\u0259z\u0259r\u0259 al\u0131nmaqla).<\/li>\n<\/ul>\n<p>\u018flb\u0259tt\u0259, bu siyah\u0131 tam deyil. Sayt\u0131m\u0131zda t\u0259qdim edilmi\u015f telefon n\u00f6mr\u0259l\u0259rin\u0259 z\u0259ng ed\u0259r\u0259k, m\u00fct\u0259x\u0259ssisl\u0259rimizl\u0259 konkret olaraq sizin \u015firk\u0259tinizd\u0259 vergil\u0259rin optimalla\u015fd\u0131r\u0131lmas\u0131 m\u0259s\u0259l\u0259l\u0259rini \u0259trafl\u0131 m\u00fczakir\u0259 ed\u0259 bil\u0259rsiniz. Biz m\u00fctl\u0259q sizi qane ed\u0259c\u0259k h\u0259lli tapaca\u011f\u0131q, g\u00f6st\u0259ril\u0259n xidm\u0259tl\u0259rin d\u0259y\u0259rind\u0259n raz\u0131 qalaca\u011f\u0131n\u0131zdan is\u0259 he\u00e7 \u015f\u00fcbh\u0259miz yoxdur.[\/vc_column_text][\/vc_column][vc_column width=&#8221;1\/2&#8243;][vc_single_image image=&#8221;19222&#8243; img_size=&#8221;full&#8221; alignment=&#8221;center&#8221;][\/vc_column][\/vc_row]<\/p>\n<\/div>","protected":false},"excerpt":{"rendered":"<p>[vc_row equal_height=&#8221;yes&#8221; css_animation=&#8221;fadeInUp&#8221;][vc_column][vc_column_text] Vergitutman\u0131n optimalla\u015fd\u0131r\u0131lmas\u0131 [\/vc_column_text][\/vc_column][\/vc_row][vc_row equal_height=&#8221;yes&#8221; content_placement=&#8221;middle&#8221; css_animation=&#8221;fadeInUp&#8221;][vc_column width=&#8221;1\/2&#8243;][vc_column_text]He\u00e7 kim \u00fc\u00e7\u00fcn sirr deyil ki, qanunun icaz\u0259 verdiyi \u00fcsullardan istifad\u0259 edirs\u0259, vergi \u00f6d\u0259yicisinin icbari vergil\u0259rin \u00f6d\u0259ni\u015find\u0259n qa\u00e7maq v\u0259 ya onlar\u0131n \u00f6l\u00e7\u00fcs\u00fcn\u00fc minimuma endirm\u0259k h\u00fcququ var. M\u00fc\u0259ssis\u0259l\u0259rin g\u0259lir vergisinin optimalla\u015fd\u0131r\u0131lmas\u0131 \u0259sas\u0259n bu m\u00fcdd\u0259aya \u0259saslan\u0131r. \u015eirk\u0259timizin m\u00fct\u0259x\u0259ssisl\u0259ri tamamil\u0259 leqal, proqnozlara \u0259saslanan qanuni v\u0259 s\u0259m\u0259r\u0259li metodlardan istifad\u0259 etm\u0259kl\u0259,<\/p>\n","protected":false},"author":1,"featured_media":0,"parent":0,"menu_order":0,"comment_status":"open","ping_status":"closed","template":"","meta":{"_acf_changed":false,"footnotes":""},"class_list":["post-18878","page","type-page","status-publish","hentry"],"acf":[],"yoast_head":"<!-- This site is optimized with the Yoast SEO plugin v27.3 - https:\/\/yoast.com\/product\/yoast-seo-wordpress\/ -->\n<title>M\u00fc\u0259ssis\u0259l\u0259r v\u0259 sahibkarlar \u00fc\u00e7\u00fcn Vergiy\u0259 c\u0259lb olunman\u0131n optimalla\u015fd\u0131r\u0131lmas\u0131<\/title>\n<meta name=\"description\" content=\"Vergiy\u0259 c\u0259lb olunman\u0131n optimalla\u015fd\u0131r\u0131lmas\u0131 m\u00fc\u0259ssis\u0259nin v\u0259 ya f\u0259rdi sahibkar\u0131n f\u0259aliyy\u0259tind\u0259 m\u00fch\u00fcm rol oynay\u0131r. Biz qanun \u00e7\u0259r\u00e7iv\u0259sind\u0259 vergil\u0259ri nec\u0259 azaltma\u011f\u0131n yollar\u0131n\u0131 bilirik.\" \/>\n<meta name=\"robots\" content=\"index, follow, max-snippet:-1, max-image-preview:large, max-video-preview:-1\" \/>\n<link rel=\"canonical\" href=\"https:\/\/az.f-chain.com\/az\/vergitutmanin-optimallasdirilmasi\/\" \/>\n<meta property=\"og:locale\" content=\"az_AZ\" \/>\n<meta property=\"og:type\" content=\"article\" \/>\n<meta property=\"og:title\" content=\"M\u00fc\u0259ssis\u0259l\u0259r v\u0259 sahibkarlar \u00fc\u00e7\u00fcn Vergiy\u0259 c\u0259lb olunman\u0131n optimalla\u015fd\u0131r\u0131lmas\u0131\" \/>\n<meta property=\"og:description\" content=\"Vergiy\u0259 c\u0259lb olunman\u0131n optimalla\u015fd\u0131r\u0131lmas\u0131 m\u00fc\u0259ssis\u0259nin v\u0259 ya f\u0259rdi sahibkar\u0131n f\u0259aliyy\u0259tind\u0259 m\u00fch\u00fcm rol oynay\u0131r. Biz qanun \u00e7\u0259r\u00e7iv\u0259sind\u0259 vergil\u0259ri nec\u0259 azaltma\u011f\u0131n yollar\u0131n\u0131 bilirik.\" \/>\n<meta property=\"og:url\" content=\"https:\/\/az.f-chain.com\/az\/vergitutmanin-optimallasdirilmasi\/\" \/>\n<meta property=\"og:site_name\" content=\"FChain\" \/>\n<meta property=\"article:modified_time\" content=\"2021-09-22T10:58:35+00:00\" \/>\n<meta name=\"twitter:card\" content=\"summary_large_image\" \/>\n<script type=\"application\/ld+json\" class=\"yoast-schema-graph\">{\"@context\":\"https:\\\/\\\/schema.org\",\"@graph\":[{\"@type\":\"WebPage\",\"@id\":\"https:\\\/\\\/az.f-chain.com\\\/az\\\/vergitutmanin-optimallasdirilmasi\\\/\",\"url\":\"https:\\\/\\\/az.f-chain.com\\\/az\\\/vergitutmanin-optimallasdirilmasi\\\/\",\"name\":\"M\u00fc\u0259ssis\u0259l\u0259r v\u0259 sahibkarlar \u00fc\u00e7\u00fcn Vergiy\u0259 c\u0259lb olunman\u0131n optimalla\u015fd\u0131r\u0131lmas\u0131\",\"isPartOf\":{\"@id\":\"https:\\\/\\\/az.f-chain.com\\\/#website\"},\"datePublished\":\"2012-11-27T08:26:44+00:00\",\"dateModified\":\"2021-09-22T10:58:35+00:00\",\"description\":\"Vergiy\u0259 c\u0259lb olunman\u0131n optimalla\u015fd\u0131r\u0131lmas\u0131 m\u00fc\u0259ssis\u0259nin v\u0259 ya f\u0259rdi sahibkar\u0131n f\u0259aliyy\u0259tind\u0259 m\u00fch\u00fcm rol oynay\u0131r. Biz qanun \u00e7\u0259r\u00e7iv\u0259sind\u0259 vergil\u0259ri nec\u0259 azaltma\u011f\u0131n yollar\u0131n\u0131 bilirik.\",\"breadcrumb\":{\"@id\":\"https:\\\/\\\/az.f-chain.com\\\/az\\\/vergitutmanin-optimallasdirilmasi\\\/#breadcrumb\"},\"inLanguage\":\"az\",\"potentialAction\":[{\"@type\":\"ReadAction\",\"target\":[\"https:\\\/\\\/az.f-chain.com\\\/az\\\/vergitutmanin-optimallasdirilmasi\\\/\"]}]},{\"@type\":\"BreadcrumbList\",\"@id\":\"https:\\\/\\\/az.f-chain.com\\\/az\\\/vergitutmanin-optimallasdirilmasi\\\/#breadcrumb\",\"itemListElement\":[{\"@type\":\"ListItem\",\"position\":1,\"name\":\"Home\",\"item\":\"https:\\\/\\\/az.f-chain.com\\\/az\\\/\"},{\"@type\":\"ListItem\",\"position\":2,\"name\":\"Vergitutman\u0131n optimalla\u015fd\u0131r\u0131lmas\u0131\"}]},{\"@type\":\"WebSite\",\"@id\":\"https:\\\/\\\/az.f-chain.com\\\/#website\",\"url\":\"https:\\\/\\\/az.f-chain.com\\\/\",\"name\":\"FChain\",\"description\":\"Azerbaijan\",\"potentialAction\":[{\"@type\":\"SearchAction\",\"target\":{\"@type\":\"EntryPoint\",\"urlTemplate\":\"https:\\\/\\\/az.f-chain.com\\\/?s={search_term_string}\"},\"query-input\":{\"@type\":\"PropertyValueSpecification\",\"valueRequired\":true,\"valueName\":\"search_term_string\"}}],\"inLanguage\":\"az\"}]}<\/script>\n<!-- \/ Yoast SEO plugin. -->","yoast_head_json":{"title":"M\u00fc\u0259ssis\u0259l\u0259r v\u0259 sahibkarlar \u00fc\u00e7\u00fcn Vergiy\u0259 c\u0259lb olunman\u0131n optimalla\u015fd\u0131r\u0131lmas\u0131","description":"Vergiy\u0259 c\u0259lb olunman\u0131n optimalla\u015fd\u0131r\u0131lmas\u0131 m\u00fc\u0259ssis\u0259nin v\u0259 ya f\u0259rdi sahibkar\u0131n f\u0259aliyy\u0259tind\u0259 m\u00fch\u00fcm rol oynay\u0131r. Biz qanun \u00e7\u0259r\u00e7iv\u0259sind\u0259 vergil\u0259ri nec\u0259 azaltma\u011f\u0131n yollar\u0131n\u0131 bilirik.","robots":{"index":"index","follow":"follow","max-snippet":"max-snippet:-1","max-image-preview":"max-image-preview:large","max-video-preview":"max-video-preview:-1"},"canonical":"https:\/\/az.f-chain.com\/az\/vergitutmanin-optimallasdirilmasi\/","og_locale":"az_AZ","og_type":"article","og_title":"M\u00fc\u0259ssis\u0259l\u0259r v\u0259 sahibkarlar \u00fc\u00e7\u00fcn Vergiy\u0259 c\u0259lb olunman\u0131n optimalla\u015fd\u0131r\u0131lmas\u0131","og_description":"Vergiy\u0259 c\u0259lb olunman\u0131n optimalla\u015fd\u0131r\u0131lmas\u0131 m\u00fc\u0259ssis\u0259nin v\u0259 ya f\u0259rdi sahibkar\u0131n f\u0259aliyy\u0259tind\u0259 m\u00fch\u00fcm rol oynay\u0131r. Biz qanun \u00e7\u0259r\u00e7iv\u0259sind\u0259 vergil\u0259ri nec\u0259 azaltma\u011f\u0131n yollar\u0131n\u0131 bilirik.","og_url":"https:\/\/az.f-chain.com\/az\/vergitutmanin-optimallasdirilmasi\/","og_site_name":"FChain","article_modified_time":"2021-09-22T10:58:35+00:00","twitter_card":"summary_large_image","schema":{"@context":"https:\/\/schema.org","@graph":[{"@type":"WebPage","@id":"https:\/\/az.f-chain.com\/az\/vergitutmanin-optimallasdirilmasi\/","url":"https:\/\/az.f-chain.com\/az\/vergitutmanin-optimallasdirilmasi\/","name":"M\u00fc\u0259ssis\u0259l\u0259r v\u0259 sahibkarlar \u00fc\u00e7\u00fcn Vergiy\u0259 c\u0259lb olunman\u0131n optimalla\u015fd\u0131r\u0131lmas\u0131","isPartOf":{"@id":"https:\/\/az.f-chain.com\/#website"},"datePublished":"2012-11-27T08:26:44+00:00","dateModified":"2021-09-22T10:58:35+00:00","description":"Vergiy\u0259 c\u0259lb olunman\u0131n optimalla\u015fd\u0131r\u0131lmas\u0131 m\u00fc\u0259ssis\u0259nin v\u0259 ya f\u0259rdi sahibkar\u0131n f\u0259aliyy\u0259tind\u0259 m\u00fch\u00fcm rol oynay\u0131r. Biz qanun \u00e7\u0259r\u00e7iv\u0259sind\u0259 vergil\u0259ri nec\u0259 azaltma\u011f\u0131n yollar\u0131n\u0131 bilirik.","breadcrumb":{"@id":"https:\/\/az.f-chain.com\/az\/vergitutmanin-optimallasdirilmasi\/#breadcrumb"},"inLanguage":"az","potentialAction":[{"@type":"ReadAction","target":["https:\/\/az.f-chain.com\/az\/vergitutmanin-optimallasdirilmasi\/"]}]},{"@type":"BreadcrumbList","@id":"https:\/\/az.f-chain.com\/az\/vergitutmanin-optimallasdirilmasi\/#breadcrumb","itemListElement":[{"@type":"ListItem","position":1,"name":"Home","item":"https:\/\/az.f-chain.com\/az\/"},{"@type":"ListItem","position":2,"name":"Vergitutman\u0131n optimalla\u015fd\u0131r\u0131lmas\u0131"}]},{"@type":"WebSite","@id":"https:\/\/az.f-chain.com\/#website","url":"https:\/\/az.f-chain.com\/","name":"FChain","description":"Azerbaijan","potentialAction":[{"@type":"SearchAction","target":{"@type":"EntryPoint","urlTemplate":"https:\/\/az.f-chain.com\/?s={search_term_string}"},"query-input":{"@type":"PropertyValueSpecification","valueRequired":true,"valueName":"search_term_string"}}],"inLanguage":"az"}]}},"_links":{"self":[{"href":"https:\/\/az.f-chain.com\/az\/wp-json\/wp\/v2\/pages\/18878","targetHints":{"allow":["GET"]}}],"collection":[{"href":"https:\/\/az.f-chain.com\/az\/wp-json\/wp\/v2\/pages"}],"about":[{"href":"https:\/\/az.f-chain.com\/az\/wp-json\/wp\/v2\/types\/page"}],"author":[{"embeddable":true,"href":"https:\/\/az.f-chain.com\/az\/wp-json\/wp\/v2\/users\/1"}],"replies":[{"embeddable":true,"href":"https:\/\/az.f-chain.com\/az\/wp-json\/wp\/v2\/comments?post=18878"}],"version-history":[{"count":2,"href":"https:\/\/az.f-chain.com\/az\/wp-json\/wp\/v2\/pages\/18878\/revisions"}],"predecessor-version":[{"id":19226,"href":"https:\/\/az.f-chain.com\/az\/wp-json\/wp\/v2\/pages\/18878\/revisions\/19226"}],"wp:attachment":[{"href":"https:\/\/az.f-chain.com\/az\/wp-json\/wp\/v2\/media?parent=18878"}],"curies":[{"name":"wp","href":"https:\/\/api.w.org\/{rel}","templated":true}]}}