{"id":18877,"date":"2012-11-27T12:20:54","date_gmt":"2012-11-27T08:20:54","guid":{"rendered":"http:\/\/cacs.silencatech.com\/?page_id=649"},"modified":"2012-11-27T12:20:54","modified_gmt":"2012-11-27T08:20:54","slug":"ucotun-avtomatlasdirilmasi","status":"publish","type":"page","link":"https:\/\/az.f-chain.com\/az\/ucotun-avtomatlasdirilmasi\/","title":{"rendered":"U\u00e7otun avtomatla\u015fd\u0131r\u0131lmas\u0131"},"content":{"rendered":"<div class=\"wpb-content-wrapper\"><p>[vc_row equal_height=&#8221;yes&#8221; content_placement=&#8221;middle&#8221;][vc_column width=&#8221;2\/3&#8243;][vc_column_text]<\/p>\n<h1>U\u00e7otun avtomatla\u015fd\u0131r\u0131lmas\u0131<\/h1>\n<p>[\/vc_column_text][\/vc_column][vc_column width=&#8221;1\/3&#8243;][vc_column_text]<\/p>\n<p style=\"text-align: right;\">[ninja_forms_modal_form id=10 text_link=&#8217; Biziml\u0259 \u0259laq\u0259 saxlay\u0131n&#8217;]<\/p>\n<p>[\/vc_column_text][\/vc_column][\/vc_row][vc_row equal_height=&#8221;yes&#8221; content_placement=&#8221;middle&#8221;][vc_column width=&#8221;1\/2&#8243;][vc_column_text]<\/p>\n<p style=\"text-align: justify;\">Biznesin idar\u0259 edilm\u0259si zaman\u0131 y\u00fcks\u0259k n\u0259tic\u0259l\u0259r \u0259ld\u0259 ed\u0259n r\u0259hb\u0259rl\u0259r \u00e7oxdan maliyy\u0259 u\u00e7otunun avtomatla\u015fd\u0131r\u0131lmas\u0131n\u0131n israf v\u0259 ya t\u0259r\u0259qqinin n\u00fcmayi\u015fi olmad\u0131\u011f\u0131ndan \u0259min olublar. \u015eirk\u0259timizin \u00e7oxillik i\u015f t\u0259cr\u00fcb\u0259si il\u0259 t\u0259klif etdiyi u\u00e7otun avtomatla\u015fd\u0131r\u0131lmas\u0131 \u00fczr\u0259 xidm\u0259tl\u0259r \u0259m\u0259yin s\u0259m\u0259r\u0259liliyini art\u0131rma\u011fa v\u0259 bu zaman \u0259m\u0259k x\u0259rcl\u0259rini d\u0259f\u0259l\u0259rl\u0259 azaltma\u011fa imkan verir. Bundan ba\u015fqa, fasil\u0259siz v\u0259 h\u0259rt\u0259r\u0259fli avtomatla\u015fd\u0131r\u0131lm\u0131\u015f u\u00e7ot a\u015fa\u011f\u0131dak\u0131 v\u0259zif\u0259l\u0259ri h\u0259ll etm\u0259y\u0259 imkan verir:<\/p>\n<ul style=\"text-align: justify;\">\n<li>m\u00fc\u0259ssis\u0259 qar\u015f\u0131s\u0131nda qoyulmu\u015f v\u0259zif\u0259l\u0259rin h\u0259yata ke\u00e7irilm\u0259sini s\u00fcr\u0259tl\u0259ndirm\u0259y\u0259;<\/li>\n<li>hesabatlarda v\u0259 m\u00fcxt\u0259lif n\u00f6v s\u0259n\u0259dl\u0259rd\u0259 ortaya \u00e7\u0131xan s\u0259hvl\u0259ri minimuma endirm\u0259y\u0259;<\/li>\n<li>u\u00e7otun s\u0259m\u0259r\u0259liliyini art\u0131rma\u011fa;<\/li>\n<li>istehsal\u0131n g\u0259lirliliyini art\u0131rma\u011fa;<\/li>\n<li>i\u015f prosesl\u0259rinin v\u0259 s\u0259n\u0259dl\u0259rin istehsal d\u00f6vriyy\u0259sinin keyfiyy\u0259tini yax\u015f\u0131la\u015fd\u0131rma\u011fa.<\/li>\n<\/ul>\n<p style=\"text-align: justify;\">Yuxar\u0131da sadalanan b\u00fct\u00fcn b\u0259ndl\u0259r u\u00e7otun avtomatla\u015fd\u0131r\u0131lmas\u0131n\u0131n lehin\u0259 olan \u0259sasl\u0131 arqumentl\u0259rdir. U\u00e7otun avtomatla\u015fd\u0131r\u0131lmas\u0131 \u00fczr\u0259 \u015firk\u0259timizin t\u0259klif etdiyi xidm\u0259tl\u0259rin sifari\u015f\u00e7il\u0259r \u00fc\u00e7\u00fcn c\u0259zbedici olan d\u0259y\u0259rini, habel\u0259 ixtisasl\u0131 \u0259m\u0259kda\u015flar\u0131n y\u00fcks\u0259k pe\u015f\u0259karl\u0131q s\u0259viyy\u0259sini n\u0259z\u0259r\u0259 alaraq, biz h\u0259mi\u015f\u0259 s\u0259m\u0259r\u0259li v\u0259 qar\u015f\u0131l\u0131ql\u0131 faydal\u0131 \u0259m\u0259kda\u015fl\u0131\u011fa haz\u0131r\u0131q.<\/p>\n<p>[\/vc_column_text][\/vc_column][vc_column width=&#8221;1\/2&#8243;][vc_single_image image=&#8221;15342&#8243; img_size=&#8221;full&#8221; alignment=&#8221;center&#8221;][\/vc_column][\/vc_row][vc_row equal_height=&#8221;yes&#8221; css=&#8221;.vc_custom_1468234310410{background-color: #f6f6f6 !important;}&#8221;][vc_column][vc_column_text]<\/p>\n<h3 style=\"text-align: justify;\">M\u00fchasibat u\u00e7otunun avtomatla\u015fd\u0131r\u0131lmas\u0131<\/h3>\n<p style=\"text-align: justify;\">M\u00fc\u0259ssis\u0259l\u0259rin \u0259ks\u0259rity\u0259tinin m\u00fchasibat u\u00e7otunun avtomatla\u015fd\u0131r\u0131lmas\u0131 1C M\u00fchasibat proqram\u0131 m\u0259hsulunun, daha do\u011frusu onun konfiqurasiyalar\u0131ndan birinin t\u0259tbiqin\u0259 \u0259saslan\u0131r. Konfiqurasiyan\u0131n se\u00e7ilm\u0259sin\u0259 m\u00fc\u0259ssis\u0259nin i\u015f spesifikas\u0131 t\u0259sir g\u00f6st\u0259rir. Bizim m\u00fct\u0259x\u0259ssisl\u0259rimiz ir\u0259li s\u00fcr\u00fcl\u0259n t\u0259l\u0259bl\u0259r\u0259 tam uy\u011fun olan proqram m\u0259hsulunu qura\u015fd\u0131rmaqda siz\u0259 k\u00f6m\u0259k ed\u0259c\u0259kl\u0259r. Sifari\u015f\u00e7i yekun se\u00e7imini etm\u0259yibs\u0259, m\u00fct\u0259x\u0259ssisl\u0259r 1C M\u00fchasibat proqram\u0131n\u0131n optimal konfiqurasiyas\u0131n\u0131 se\u00e7m\u0259y\u0259 k\u00f6m\u0259k ed\u0259c\u0259kl\u0259r. Bel\u0259 ki, kadr u\u00e7otunun avtomatla\u015fd\u0131r\u0131lmas\u0131 h\u0259r bir \u0259m\u0259kda\u015f \u00fczr\u0259 f\u0259rdil\u0259\u015fdirilmi\u015f u\u00e7ot aparma\u011fa imkan verir, bu, b\u00f6y\u00fck \u015ftatda \u00f6z\u00fcn\u00fc do\u011frultmu\u015fdur, materiallar\u0131n u\u00e7otunun avtomatla\u015fd\u0131r\u0131lmas\u0131 is\u0259 anbar v\u0259 ya ticar\u0259t m\u0259nt\u0259q\u0259l\u0259ri \u015f\u0259b\u0259k\u0259si olan m\u00fc\u0259ssis\u0259l\u0259r \u00fc\u00e7\u00fcn \u0259v\u0259zolunmaz bir al\u0259tdir. Avtomatla\u015fd\u0131r\u0131lm\u0131\u015f m\u00fchasibat u\u00e7otu mal d\u0259y\u0259rl\u0259rin\u0259 &#8211; maddi d\u0259y\u0259rl\u0259r\u0259, hesablara, pul, ticar\u0259t v\u0259 istehsalat \u0259m\u0259liyyatlar\u0131na, \u0259sas v\u0259saitl\u0259r\u0259 v\u0259 qeyri-maddi aktivl\u0259r\u0259, \u0259m\u0259k haqq\u0131na v\u0259 standart hesabatlara n\u0259zar\u0259t etm\u0259k imkan\u0131 verir.<\/p>\n<h2 style=\"text-align: justify;\"><\/h2>\n<p>[\/vc_column_text][\/vc_column][\/vc_row][vc_row][vc_column][vc_column_text]<\/p>\n<h3 style=\"text-align: justify;\">Vergi u\u00e7otunun avtomatla\u015fd\u0131r\u0131lmas\u0131<\/h3>\n<p style=\"text-align: justify;\">M\u00fchasibat u\u00e7otunun avtomatla\u015fd\u0131r\u0131lmas\u0131ndan f\u0259rqli olaraq, vergi u\u00e7otunun avtomatla\u015fd\u0131r\u0131lmas\u0131 m\u00fcasir \u015f\u0259raitd\u0259 z\u0259rur\u0259tdir. Vergi hesabatlar\u0131nda bir s\u0259hv \u015firk\u0259tin son d\u00f6vr \u0259rzind\u0259ki i\u015finin s\u0259m\u0259r\u0259liliyini he\u00e7\u0259 endir\u0259 bil\u0259r. M\u00fchasib n\u0259 q\u0259d\u0259r t\u0259cr\u00fcb\u0259li olursa olsun, insan amili h\u0259mi\u015f\u0259 m\u00f6vcuddur. Vergi u\u00e7otunun avtomatla\u015fd\u0131r\u0131lmas\u0131 say\u0259sind\u0259 \u018fDV, g\u0259lir vergisi, b\u0259yannam\u0259l\u0259r v\u0259 s. haqq\u0131nda d\u0259qiq m\u0259lumat almaq olar. Tam m\u0259nz\u0259r\u0259nin formala\u015fd\u0131r\u0131lmas\u0131na \u0259sas t\u0259s\u0259rr\u00fcfat \u0259m\u0259liyyatlar\u0131 haqq\u0131nda m\u0259lumatlar\u0131 m\u0259rk\u0259zl\u0259\u015fmi\u015f \u015f\u0259kild\u0259 saxlama\u011fa v\u0259 emal etm\u0259y\u0259 imkan ver\u0259n sat\u0131\u015flar\u0131n u\u00e7otunun avtomatla\u015fd\u0131r\u0131lmas\u0131 sisteminin d\u0259 bilavasit\u0259 t\u0259siri var.<\/p>\n<p style=\"text-align: justify;\">\u015eirk\u0259timizin t\u0259qdim etdiyi avtomatla\u015fd\u0131rma xidm\u0259tl\u0259rin\u0259 qar\u015f\u0131l\u0131ql\u0131 \u0259m\u0259kda\u015fl\u0131qla ba\u011fl\u0131 t\u0259l\u0259bl\u0259rin \u0259vv\u0259lc\u0259d\u0259n d\u0259qiql\u0259\u015fdirilm\u0259si, avtomatla\u015fd\u0131rma \u00fc\u00e7\u00fcn v\u0259zif\u0259l\u0259r spektrinin m\u00fc\u0259yy\u0259n edilm\u0259si, optimal proqram konfiqurasiyas\u0131n\u0131n se\u00e7ilm\u0259si v\u0259 uy\u011funla\u015fd\u0131r\u0131lmas\u0131, habel\u0259 i\u015f zaman\u0131 yaranan m\u0259s\u0259l\u0259l\u0259rl\u0259 ba\u011fl\u0131 m\u0259sl\u0259h\u0259tl\u0259r daxildir. Saytda t\u0259qdim edilmi\u015f telefon n\u00f6mr\u0259sin\u0259 z\u0259ng ed\u0259r\u0259k, xidm\u0259tl\u0259rin siyah\u0131s\u0131 v\u0259 d\u0259y\u0259ri haqq\u0131nda \u0259trafl\u0131 m\u0259lumat \u0259ld\u0259 ed\u0259 bil\u0259rsiniz.<\/p>\n<p>[\/vc_column_text][\/vc_column][\/vc_row]<\/p>\n<\/div>","protected":false},"excerpt":{"rendered":"<p>[vc_row equal_height=&#8221;yes&#8221; content_placement=&#8221;middle&#8221;][vc_column width=&#8221;2\/3&#8243;][vc_column_text] U\u00e7otun avtomatla\u015fd\u0131r\u0131lmas\u0131 [\/vc_column_text][\/vc_column][vc_column width=&#8221;1\/3&#8243;][vc_column_text] [ninja_forms_modal_form id=10 text_link=&#8217; Biziml\u0259 \u0259laq\u0259 saxlay\u0131n&#8217;] [\/vc_column_text][\/vc_column][\/vc_row][vc_row equal_height=&#8221;yes&#8221; content_placement=&#8221;middle&#8221;][vc_column width=&#8221;1\/2&#8243;][vc_column_text] Biznesin idar\u0259 edilm\u0259si zaman\u0131 y\u00fcks\u0259k n\u0259tic\u0259l\u0259r \u0259ld\u0259 ed\u0259n r\u0259hb\u0259rl\u0259r \u00e7oxdan maliyy\u0259 u\u00e7otunun avtomatla\u015fd\u0131r\u0131lmas\u0131n\u0131n israf v\u0259 ya t\u0259r\u0259qqinin n\u00fcmayi\u015fi olmad\u0131\u011f\u0131ndan \u0259min olublar. \u015eirk\u0259timizin \u00e7oxillik i\u015f t\u0259cr\u00fcb\u0259si il\u0259 t\u0259klif etdiyi u\u00e7otun avtomatla\u015fd\u0131r\u0131lmas\u0131 \u00fczr\u0259 xidm\u0259tl\u0259r \u0259m\u0259yin s\u0259m\u0259r\u0259liliyini art\u0131rma\u011fa v\u0259 bu<\/p>\n","protected":false},"author":1,"featured_media":0,"parent":0,"menu_order":0,"comment_status":"open","ping_status":"closed","template":"","meta":{"_acf_changed":false,"footnotes":""},"class_list":["post-18877","page","type-page","status-publish","hentry"],"acf":[],"yoast_head":"<!-- This site is optimized with the Yoast SEO plugin v27.3 - https:\/\/yoast.com\/product\/yoast-seo-wordpress\/ -->\n<title>Bak\u0131da FChain-dan maliyy\u0259 u\u00e7otunun avtomatla\u015fd\u0131r\u0131lmas\u0131<\/title>\n<meta name=\"description\" content=\"Maliyy\u0259 u\u00e7otunun avtomatla\u015fd\u0131r\u0131lmas\u0131 xid\u0259timiz Siz\u0259 \u0259m\u0259k m\u0259hsuldarl\u0131\u011f\u0131n\u0131 art\u0131rma\u011fa, bununla bel\u0259 \u0259m\u0259k x\u0259rcl\u0259rini azaltma\u011fa k\u00f6m\u0259k ed\u0259c\u0259k.\" \/>\n<meta name=\"robots\" content=\"index, follow, max-snippet:-1, max-image-preview:large, max-video-preview:-1\" \/>\n<link rel=\"canonical\" href=\"https:\/\/az.f-chain.com\/az\/ucotun-avtomatlasdirilmasi\/\" \/>\n<meta property=\"og:locale\" content=\"az_AZ\" \/>\n<meta property=\"og:type\" content=\"article\" \/>\n<meta property=\"og:title\" content=\"Bak\u0131da FChain-dan maliyy\u0259 u\u00e7otunun avtomatla\u015fd\u0131r\u0131lmas\u0131\" \/>\n<meta property=\"og:description\" content=\"Maliyy\u0259 u\u00e7otunun avtomatla\u015fd\u0131r\u0131lmas\u0131 xid\u0259timiz Siz\u0259 \u0259m\u0259k m\u0259hsuldarl\u0131\u011f\u0131n\u0131 art\u0131rma\u011fa, bununla bel\u0259 \u0259m\u0259k x\u0259rcl\u0259rini azaltma\u011fa k\u00f6m\u0259k ed\u0259c\u0259k.\" \/>\n<meta property=\"og:url\" content=\"https:\/\/az.f-chain.com\/az\/ucotun-avtomatlasdirilmasi\/\" \/>\n<meta property=\"og:site_name\" content=\"FChain\" \/>\n<meta name=\"twitter:card\" content=\"summary_large_image\" \/>\n<script type=\"application\/ld+json\" class=\"yoast-schema-graph\">{\"@context\":\"https:\\\/\\\/schema.org\",\"@graph\":[{\"@type\":\"WebPage\",\"@id\":\"https:\\\/\\\/az.f-chain.com\\\/az\\\/ucotun-avtomatlasdirilmasi\\\/\",\"url\":\"https:\\\/\\\/az.f-chain.com\\\/az\\\/ucotun-avtomatlasdirilmasi\\\/\",\"name\":\"Bak\u0131da FChain-dan maliyy\u0259 u\u00e7otunun avtomatla\u015fd\u0131r\u0131lmas\u0131\",\"isPartOf\":{\"@id\":\"https:\\\/\\\/az.f-chain.com\\\/#website\"},\"datePublished\":\"2012-11-27T08:20:54+00:00\",\"description\":\"Maliyy\u0259 u\u00e7otunun avtomatla\u015fd\u0131r\u0131lmas\u0131 xid\u0259timiz Siz\u0259 \u0259m\u0259k m\u0259hsuldarl\u0131\u011f\u0131n\u0131 art\u0131rma\u011fa, bununla bel\u0259 \u0259m\u0259k x\u0259rcl\u0259rini azaltma\u011fa k\u00f6m\u0259k ed\u0259c\u0259k.\",\"breadcrumb\":{\"@id\":\"https:\\\/\\\/az.f-chain.com\\\/az\\\/ucotun-avtomatlasdirilmasi\\\/#breadcrumb\"},\"inLanguage\":\"az\",\"potentialAction\":[{\"@type\":\"ReadAction\",\"target\":[\"https:\\\/\\\/az.f-chain.com\\\/az\\\/ucotun-avtomatlasdirilmasi\\\/\"]}]},{\"@type\":\"BreadcrumbList\",\"@id\":\"https:\\\/\\\/az.f-chain.com\\\/az\\\/ucotun-avtomatlasdirilmasi\\\/#breadcrumb\",\"itemListElement\":[{\"@type\":\"ListItem\",\"position\":1,\"name\":\"Home\",\"item\":\"https:\\\/\\\/az.f-chain.com\\\/az\\\/\"},{\"@type\":\"ListItem\",\"position\":2,\"name\":\"U\u00e7otun avtomatla\u015fd\u0131r\u0131lmas\u0131\"}]},{\"@type\":\"WebSite\",\"@id\":\"https:\\\/\\\/az.f-chain.com\\\/#website\",\"url\":\"https:\\\/\\\/az.f-chain.com\\\/\",\"name\":\"FChain\",\"description\":\"Azerbaijan\",\"potentialAction\":[{\"@type\":\"SearchAction\",\"target\":{\"@type\":\"EntryPoint\",\"urlTemplate\":\"https:\\\/\\\/az.f-chain.com\\\/?s={search_term_string}\"},\"query-input\":{\"@type\":\"PropertyValueSpecification\",\"valueRequired\":true,\"valueName\":\"search_term_string\"}}],\"inLanguage\":\"az\"}]}<\/script>\n<!-- \/ Yoast SEO plugin. -->","yoast_head_json":{"title":"Bak\u0131da FChain-dan maliyy\u0259 u\u00e7otunun avtomatla\u015fd\u0131r\u0131lmas\u0131","description":"Maliyy\u0259 u\u00e7otunun avtomatla\u015fd\u0131r\u0131lmas\u0131 xid\u0259timiz Siz\u0259 \u0259m\u0259k m\u0259hsuldarl\u0131\u011f\u0131n\u0131 art\u0131rma\u011fa, bununla bel\u0259 \u0259m\u0259k x\u0259rcl\u0259rini azaltma\u011fa k\u00f6m\u0259k ed\u0259c\u0259k.","robots":{"index":"index","follow":"follow","max-snippet":"max-snippet:-1","max-image-preview":"max-image-preview:large","max-video-preview":"max-video-preview:-1"},"canonical":"https:\/\/az.f-chain.com\/az\/ucotun-avtomatlasdirilmasi\/","og_locale":"az_AZ","og_type":"article","og_title":"Bak\u0131da FChain-dan maliyy\u0259 u\u00e7otunun avtomatla\u015fd\u0131r\u0131lmas\u0131","og_description":"Maliyy\u0259 u\u00e7otunun avtomatla\u015fd\u0131r\u0131lmas\u0131 xid\u0259timiz Siz\u0259 \u0259m\u0259k m\u0259hsuldarl\u0131\u011f\u0131n\u0131 art\u0131rma\u011fa, bununla bel\u0259 \u0259m\u0259k x\u0259rcl\u0259rini azaltma\u011fa k\u00f6m\u0259k ed\u0259c\u0259k.","og_url":"https:\/\/az.f-chain.com\/az\/ucotun-avtomatlasdirilmasi\/","og_site_name":"FChain","twitter_card":"summary_large_image","schema":{"@context":"https:\/\/schema.org","@graph":[{"@type":"WebPage","@id":"https:\/\/az.f-chain.com\/az\/ucotun-avtomatlasdirilmasi\/","url":"https:\/\/az.f-chain.com\/az\/ucotun-avtomatlasdirilmasi\/","name":"Bak\u0131da FChain-dan maliyy\u0259 u\u00e7otunun avtomatla\u015fd\u0131r\u0131lmas\u0131","isPartOf":{"@id":"https:\/\/az.f-chain.com\/#website"},"datePublished":"2012-11-27T08:20:54+00:00","description":"Maliyy\u0259 u\u00e7otunun avtomatla\u015fd\u0131r\u0131lmas\u0131 xid\u0259timiz Siz\u0259 \u0259m\u0259k m\u0259hsuldarl\u0131\u011f\u0131n\u0131 art\u0131rma\u011fa, bununla bel\u0259 \u0259m\u0259k x\u0259rcl\u0259rini azaltma\u011fa k\u00f6m\u0259k ed\u0259c\u0259k.","breadcrumb":{"@id":"https:\/\/az.f-chain.com\/az\/ucotun-avtomatlasdirilmasi\/#breadcrumb"},"inLanguage":"az","potentialAction":[{"@type":"ReadAction","target":["https:\/\/az.f-chain.com\/az\/ucotun-avtomatlasdirilmasi\/"]}]},{"@type":"BreadcrumbList","@id":"https:\/\/az.f-chain.com\/az\/ucotun-avtomatlasdirilmasi\/#breadcrumb","itemListElement":[{"@type":"ListItem","position":1,"name":"Home","item":"https:\/\/az.f-chain.com\/az\/"},{"@type":"ListItem","position":2,"name":"U\u00e7otun avtomatla\u015fd\u0131r\u0131lmas\u0131"}]},{"@type":"WebSite","@id":"https:\/\/az.f-chain.com\/#website","url":"https:\/\/az.f-chain.com\/","name":"FChain","description":"Azerbaijan","potentialAction":[{"@type":"SearchAction","target":{"@type":"EntryPoint","urlTemplate":"https:\/\/az.f-chain.com\/?s={search_term_string}"},"query-input":{"@type":"PropertyValueSpecification","valueRequired":true,"valueName":"search_term_string"}}],"inLanguage":"az"}]}},"_links":{"self":[{"href":"https:\/\/az.f-chain.com\/az\/wp-json\/wp\/v2\/pages\/18877","targetHints":{"allow":["GET"]}}],"collection":[{"href":"https:\/\/az.f-chain.com\/az\/wp-json\/wp\/v2\/pages"}],"about":[{"href":"https:\/\/az.f-chain.com\/az\/wp-json\/wp\/v2\/types\/page"}],"author":[{"embeddable":true,"href":"https:\/\/az.f-chain.com\/az\/wp-json\/wp\/v2\/users\/1"}],"replies":[{"embeddable":true,"href":"https:\/\/az.f-chain.com\/az\/wp-json\/wp\/v2\/comments?post=18877"}],"version-history":[{"count":1,"href":"https:\/\/az.f-chain.com\/az\/wp-json\/wp\/v2\/pages\/18877\/revisions"}],"predecessor-version":[{"id":23296,"href":"https:\/\/az.f-chain.com\/az\/wp-json\/wp\/v2\/pages\/18877\/revisions\/23296"}],"wp:attachment":[{"href":"https:\/\/az.f-chain.com\/az\/wp-json\/wp\/v2\/media?parent=18877"}],"curies":[{"name":"wp","href":"https:\/\/api.w.org\/{rel}","templated":true}]}}