{"id":18874,"date":"2012-11-27T12:09:33","date_gmt":"2012-11-27T08:09:33","guid":{"rendered":"http:\/\/cacs.silencatech.com\/?page_id=635"},"modified":"2021-09-22T14:06:23","modified_gmt":"2021-09-22T11:06:23","slug":"hesabatlarin-hazirlanmasi","status":"publish","type":"page","link":"https:\/\/az.f-chain.com\/az\/hesabatlarin-hazirlanmasi\/","title":{"rendered":"Hesabatlar\u0131n haz\u0131rlanmas\u0131"},"content":{"rendered":"<div class=\"wpb-content-wrapper\"><p>[vc_row equal_height=&#8221;yes&#8221; css_animation=&#8221;fadeInUp&#8221;][vc_column][vc_column_text]<\/p>\n<h1>Hesabatlar\u0131n haz\u0131rlanmas\u0131<\/h1>\n<p>[\/vc_column_text][\/vc_column][\/vc_row][vc_row equal_height=&#8221;yes&#8221; content_placement=&#8221;middle&#8221; css_animation=&#8221;fadeInUp&#8221;][vc_column width=&#8221;1\/2&#8243;][vc_column_text]T\u0259s\u0259rr\u00fcfat f\u0259aliyy\u0259ti haqq\u0131nda hesabatlar\u0131n haz\u0131rlanmas\u0131na dair qanunvericilik t\u0259l\u0259bl\u0259rin\u0259 riay\u0259t edilm\u0259sini t\u0259min etm\u0259k \u2013 bu, m\u00fcxt\u0259lif m\u00fclkiyy\u0259t n\u00f6vl\u0259rin\u0259 aid m\u00fc\u0259ssis\u0259l\u0259rin, firmalar\u0131n v\u0259 \u015firk\u0259tl\u0259rin r\u0259hb\u0259rl\u0259rinin \u00fcz\u0259rin\u0259 qoyulan m\u0259suliyy\u0259tdir. Bu prosesin \u0259sas m\u0259qs\u0259di riskl\u0259rin v\u0259 m\u0259sr\u0259fl\u0259rin minimuma endirilm\u0259si, f\u0259aliyy\u0259tin effektivliyinin v\u0259 g\u0259lirliliyin art\u0131r\u0131lmas\u0131d\u0131r. Bel\u0259 n\u0259tic\u0259l\u0259ri yaln\u0131z m\u00fchasibat, vergi v\u0259 maliyy\u0259 xidm\u0259tl\u0259rinin effektiv v\u0259 ah\u0259ngdar f\u0259aliyy\u0259t g\u00f6st\u0259rm\u0259si hal\u0131nda \u0259ld\u0259 etm\u0259k olar. Lakin bel\u0259 pe\u015f\u0259karlar \u015ftat\u0131n\u0131 saxlama\u011fa he\u00e7 d\u0259 bir subyektin imkan\u0131 olmur. Bizim autsorsinq xidm\u0259tl\u0259ri t\u0259qdim ed\u0259n \u015firk\u0259timiz \u2013 biznes-logistika, marketinq, sat\u0131\u015f v\u0259 strateji planla\u015fd\u0131rma \u00fc\u00e7\u00fcn vaxt ay\u0131rmaq imkan\u0131d\u0131r. \u015eirk\u0259t \u00fc\u00e7\u00fcn m\u00fchasibat hesabatlar\u0131n\u0131n haz\u0131rlanmas\u0131 \u2013 y\u00fcks\u0259k ixtisasl\u0131 m\u00fct\u0259x\u0259ssisl\u0259rimizin \u00f6z \u00fcz\u0259ril\u0259rin\u0259 g\u00f6t\u00fcrd\u00fckl\u0259ri vacib bir m\u0259rh\u0259l\u0259dir.[\/vc_column_text][\/vc_column][vc_column width=&#8221;1\/2&#8243;][vc_single_image image=&#8221;19231&#8243; img_size=&#8221;full&#8221; alignment=&#8221;center&#8221;][\/vc_column][\/vc_row][vc_row content_placement=&#8221;middle&#8221; css_animation=&#8221;fadeInUp&#8221; css=&#8221;.vc_custom_1632308668297{background-color: #f6f6f6 !important;}&#8221;][vc_column width=&#8221;1\/2&#8243;][vc_single_image image=&#8221;19235&#8243; img_size=&#8221;full&#8221; alignment=&#8221;center&#8221;][\/vc_column][vc_column width=&#8221;1\/2&#8243;][vc_column_text]Bunun \u00fc\u00e7\u00fcn yaln\u0131z hesabat d\u00f6vr\u00fc \u00fc\u00e7\u00fcn ilkin m\u00fchasibatl\u0131q s\u0259n\u0259dl\u0259rini, el\u0259c\u0259 d\u0259 avtomatla\u015fd\u0131r\u0131lm\u0131\u015f u\u00e7ot proqram\u0131 bazas\u0131n\u0131 v\u0259 \u0259vv\u0259lki d\u00f6vr \u00fc\u00e7\u00fcn t\u0259hvil verilmi\u015f hesabatlar\u0131 (\u0259g\u0259r bel\u0259l\u0259ri varsa) t\u0259qdim etm\u0259yiniz yet\u0259rlidir. \u015eirk\u0259timiz t\u0259r\u0259find\u0259n potensial vergi riskini vaxt\u0131nda a\u015fkarlama\u011fa v\u0259 onu minimuma endirm\u0259k \u00fc\u00e7\u00fcn adekvat t\u0259dbirl\u0259r g\u00f6rm\u0259y\u0259 imkan ver\u0259n vergi hesabatlar\u0131 da haz\u0131rlan\u0131r. Bundan ba\u015fqa, bizim \u015firk\u0259tl\u0259 \u0259m\u0259kda\u015fl\u0131q sonradan vergi x\u0259rcl\u0259rinin azald\u0131lmas\u0131n\u0131 n\u0259z\u0259rd\u0259 tutan potensial vergi planla\u015fd\u0131rmas\u0131n\u0131 m\u00fc\u0259yy\u0259n etm\u0259k imkan\u0131d\u0131r. B\u00fct\u00fcn bunlar f\u0259rdi yana\u015fma v\u0259 m\u00fcnasib qiym\u0259tl\u0259r \u0259sas\u0131nda h\u0259yata ke\u00e7irilir.[\/vc_column_text][\/vc_column][\/vc_row][vc_row content_placement=&#8221;middle&#8221; css_animation=&#8221;fadeInUp&#8221;][vc_column width=&#8221;1\/2&#8243;][vc_column_text]<\/p>\n<h3>Hesabatlar\u0131n haz\u0131rlanmas\u0131 v\u0259 t\u0259hvil verilm\u0259si<\/h3>\n<p>Bizim \u015firk\u0259t maliyy\u0259 hesabatlar\u0131n\u0131n BMHS-n\u0131n t\u0259l\u0259bl\u0259rin\u0259 uy\u011fun olaraq haz\u0131rlanmas\u0131n\u0131 m\u0259saf\u0259d\u0259n (m\u00fc\u015ft\u0259rinin bazas\u0131na m\u0259saf\u0259d\u0259n giri\u015f), m\u00fchasibat m\u0259lumatlar\u0131n\u0131n bo\u015fald\u0131lmas\u0131 yolu il\u0259 m\u00fcbadil\u0259 vasit\u0259sil\u0259 (\u201cPaylanm\u0131\u015f veril\u0259nl\u0259r bazas\u0131\u201d 1C M\u00fc\u0259ssis\u0259 8.3) v\u0259 ya birba\u015fa m\u00fc\u015ft\u0259ri bazas\u0131nda (ofis\u0259 g\u0259lm\u0259kl\u0259) h\u0259yata ke\u00e7iril\u0259 bil\u0259r. Qar\u015f\u0131l\u0131ql\u0131 f\u0259aliyy\u0259t versiyas\u0131 q\u00fcvv\u0259d\u0259 olan qanunvericiliy\u0259 uy\u011fun olaraq haz\u0131rlanm\u0131\u015f hesabatlar\u0131n vaxt\u0131nda t\u0259qdim edilm\u0259sind\u0259 maraql\u0131 olan sifari\u015f\u00e7i t\u0259r\u0259find\u0259n m\u00fc\u0259yy\u0259n edilir.<\/p>\n<p>Bizim \u015firk\u0259tin \u0259m\u0259kda\u015flar\u0131n\u0131n pe\u015f\u0259karl\u0131q s\u0259viyy\u0259si onlar\u0131n xidm\u0259tl\u0259rinin \u00f6d\u0259nm\u0259sin\u0259 \u00e7\u0259kil\u0259n minimum m\u0259sr\u0259fl\u0259r m\u00fcqabilind\u0259 biznesinizin apar\u0131lmas\u0131n\u0131n effektivliyini art\u0131rma\u011fa v\u0259 m\u00fchasibat, vergi v\u0259 maliyy\u0259 hesabatlar\u0131n\u0131n d\u00fczg\u00fcn t\u0259rtib edilm\u0259m\u0259si v\u0259 onlar\u0131n vaxt\u0131nda t\u0259hvil verilm\u0259m\u0259si s\u0259b\u0259bind\u0259n yaranan b\u00fct\u00fcn m\u00fcmk\u00fcn riskl\u0259ri minimuma endirm\u0259y\u0259 imkan verir. Qar\u015f\u0131l\u0131ql\u0131 faydal\u0131 \u0259m\u0259kda\u015fl\u0131q bar\u0259d\u0259 daha \u0259trafl\u0131 m\u0259lumat sayt\u0131m\u0131zda g\u00f6st\u0259ril\u0259n telefon n\u00f6mr\u0259l\u0259ri il\u0259 t\u0259qdim edil\u0259c\u0259kdir.[\/vc_column_text][\/vc_column][vc_column width=&#8221;1\/2&#8243;][vc_single_image image=&#8221;19238&#8243; img_size=&#8221;full&#8221; alignment=&#8221;center&#8221;][\/vc_column][\/vc_row]<\/p>\n<\/div>","protected":false},"excerpt":{"rendered":"<p>[vc_row equal_height=&#8221;yes&#8221; css_animation=&#8221;fadeInUp&#8221;][vc_column][vc_column_text] Hesabatlar\u0131n haz\u0131rlanmas\u0131 [\/vc_column_text][\/vc_column][\/vc_row][vc_row equal_height=&#8221;yes&#8221; content_placement=&#8221;middle&#8221; css_animation=&#8221;fadeInUp&#8221;][vc_column width=&#8221;1\/2&#8243;][vc_column_text]T\u0259s\u0259rr\u00fcfat f\u0259aliyy\u0259ti haqq\u0131nda hesabatlar\u0131n haz\u0131rlanmas\u0131na dair qanunvericilik t\u0259l\u0259bl\u0259rin\u0259 riay\u0259t edilm\u0259sini t\u0259min etm\u0259k \u2013 bu, m\u00fcxt\u0259lif m\u00fclkiyy\u0259t n\u00f6vl\u0259rin\u0259 aid m\u00fc\u0259ssis\u0259l\u0259rin, firmalar\u0131n v\u0259 \u015firk\u0259tl\u0259rin r\u0259hb\u0259rl\u0259rinin \u00fcz\u0259rin\u0259 qoyulan m\u0259suliyy\u0259tdir. Bu prosesin \u0259sas m\u0259qs\u0259di riskl\u0259rin v\u0259 m\u0259sr\u0259fl\u0259rin minimuma endirilm\u0259si, f\u0259aliyy\u0259tin effektivliyinin v\u0259 g\u0259lirliliyin art\u0131r\u0131lmas\u0131d\u0131r. Bel\u0259 n\u0259tic\u0259l\u0259ri yaln\u0131z m\u00fchasibat, vergi v\u0259<\/p>\n","protected":false},"author":1,"featured_media":0,"parent":0,"menu_order":0,"comment_status":"open","ping_status":"closed","template":"","meta":{"_acf_changed":false,"footnotes":""},"class_list":["post-18874","page","type-page","status-publish","hentry"],"acf":[],"yoast_head":"<!-- This site is optimized with the Yoast SEO plugin v27.1 - https:\/\/yoast.com\/product\/yoast-seo-wordpress\/ -->\n<title>Hesabatlar\u0131n haz\u0131rlanmas\u0131 - Financial Chain Corporation (FCHAIN) - Bak\u0131<\/title>\n<meta name=\"description\" content=\"\u015eirk\u0259t \u00fc\u00e7\u00fcn m\u00fchasibat hesabatlar\u0131n\u0131n haz\u0131rlanmas\u0131 \u2013 y\u00fcks\u0259k ixtisasl\u0131 m\u00fct\u0259x\u0259ssisl\u0259rimizin \u00f6z \u00fcz\u0259ril\u0259rin\u0259 g\u00f6t\u00fcrd\u00fckl\u0259ri vacib bir m\u0259rh\u0259l\u0259dir.\" \/>\n<meta name=\"robots\" content=\"index, follow, max-snippet:-1, max-image-preview:large, max-video-preview:-1\" \/>\n<link rel=\"canonical\" href=\"https:\/\/az.f-chain.com\/az\/hesabatlarin-hazirlanmasi\/\" \/>\n<meta property=\"og:locale\" content=\"az_AZ\" \/>\n<meta property=\"og:type\" content=\"article\" \/>\n<meta property=\"og:title\" content=\"Hesabatlar\u0131n haz\u0131rlanmas\u0131 - Financial Chain Corporation (FCHAIN) - Bak\u0131\" \/>\n<meta property=\"og:description\" content=\"\u015eirk\u0259t \u00fc\u00e7\u00fcn m\u00fchasibat hesabatlar\u0131n\u0131n haz\u0131rlanmas\u0131 \u2013 y\u00fcks\u0259k ixtisasl\u0131 m\u00fct\u0259x\u0259ssisl\u0259rimizin \u00f6z \u00fcz\u0259ril\u0259rin\u0259 g\u00f6t\u00fcrd\u00fckl\u0259ri vacib bir m\u0259rh\u0259l\u0259dir.\" \/>\n<meta property=\"og:url\" content=\"https:\/\/az.f-chain.com\/az\/hesabatlarin-hazirlanmasi\/\" \/>\n<meta property=\"og:site_name\" content=\"FChain\" \/>\n<meta property=\"article:modified_time\" content=\"2021-09-22T11:06:23+00:00\" \/>\n<meta name=\"twitter:card\" content=\"summary_large_image\" \/>\n<script type=\"application\/ld+json\" class=\"yoast-schema-graph\">{\"@context\":\"https:\/\/schema.org\",\"@graph\":[{\"@type\":\"WebPage\",\"@id\":\"https:\/\/az.f-chain.com\/az\/hesabatlarin-hazirlanmasi\/\",\"url\":\"https:\/\/az.f-chain.com\/az\/hesabatlarin-hazirlanmasi\/\",\"name\":\"Hesabatlar\u0131n haz\u0131rlanmas\u0131 - Financial Chain Corporation (FCHAIN) - Bak\u0131\",\"isPartOf\":{\"@id\":\"https:\/\/az.f-chain.com\/#website\"},\"datePublished\":\"2012-11-27T08:09:33+00:00\",\"dateModified\":\"2021-09-22T11:06:23+00:00\",\"description\":\"\u015eirk\u0259t \u00fc\u00e7\u00fcn m\u00fchasibat hesabatlar\u0131n\u0131n haz\u0131rlanmas\u0131 \u2013 y\u00fcks\u0259k ixtisasl\u0131 m\u00fct\u0259x\u0259ssisl\u0259rimizin \u00f6z \u00fcz\u0259ril\u0259rin\u0259 g\u00f6t\u00fcrd\u00fckl\u0259ri vacib bir m\u0259rh\u0259l\u0259dir.\",\"breadcrumb\":{\"@id\":\"https:\/\/az.f-chain.com\/az\/hesabatlarin-hazirlanmasi\/#breadcrumb\"},\"inLanguage\":\"az\",\"potentialAction\":[{\"@type\":\"ReadAction\",\"target\":[\"https:\/\/az.f-chain.com\/az\/hesabatlarin-hazirlanmasi\/\"]}]},{\"@type\":\"BreadcrumbList\",\"@id\":\"https:\/\/az.f-chain.com\/az\/hesabatlarin-hazirlanmasi\/#breadcrumb\",\"itemListElement\":[{\"@type\":\"ListItem\",\"position\":1,\"name\":\"Home\",\"item\":\"https:\/\/az.f-chain.com\/az\/\"},{\"@type\":\"ListItem\",\"position\":2,\"name\":\"Hesabatlar\u0131n haz\u0131rlanmas\u0131\"}]},{\"@type\":\"WebSite\",\"@id\":\"https:\/\/az.f-chain.com\/#website\",\"url\":\"https:\/\/az.f-chain.com\/\",\"name\":\"FChain\",\"description\":\"Azerbaijan\",\"potentialAction\":[{\"@type\":\"SearchAction\",\"target\":{\"@type\":\"EntryPoint\",\"urlTemplate\":\"https:\/\/az.f-chain.com\/?s={search_term_string}\"},\"query-input\":{\"@type\":\"PropertyValueSpecification\",\"valueRequired\":true,\"valueName\":\"search_term_string\"}}],\"inLanguage\":\"az\"}]}<\/script>\n<!-- \/ Yoast SEO plugin. -->","yoast_head_json":{"title":"Hesabatlar\u0131n haz\u0131rlanmas\u0131 - Financial Chain Corporation (FCHAIN) - Bak\u0131","description":"\u015eirk\u0259t \u00fc\u00e7\u00fcn m\u00fchasibat hesabatlar\u0131n\u0131n haz\u0131rlanmas\u0131 \u2013 y\u00fcks\u0259k ixtisasl\u0131 m\u00fct\u0259x\u0259ssisl\u0259rimizin \u00f6z \u00fcz\u0259ril\u0259rin\u0259 g\u00f6t\u00fcrd\u00fckl\u0259ri vacib bir m\u0259rh\u0259l\u0259dir.","robots":{"index":"index","follow":"follow","max-snippet":"max-snippet:-1","max-image-preview":"max-image-preview:large","max-video-preview":"max-video-preview:-1"},"canonical":"https:\/\/az.f-chain.com\/az\/hesabatlarin-hazirlanmasi\/","og_locale":"az_AZ","og_type":"article","og_title":"Hesabatlar\u0131n haz\u0131rlanmas\u0131 - Financial Chain Corporation (FCHAIN) - Bak\u0131","og_description":"\u015eirk\u0259t \u00fc\u00e7\u00fcn m\u00fchasibat hesabatlar\u0131n\u0131n haz\u0131rlanmas\u0131 \u2013 y\u00fcks\u0259k ixtisasl\u0131 m\u00fct\u0259x\u0259ssisl\u0259rimizin \u00f6z \u00fcz\u0259ril\u0259rin\u0259 g\u00f6t\u00fcrd\u00fckl\u0259ri vacib bir m\u0259rh\u0259l\u0259dir.","og_url":"https:\/\/az.f-chain.com\/az\/hesabatlarin-hazirlanmasi\/","og_site_name":"FChain","article_modified_time":"2021-09-22T11:06:23+00:00","twitter_card":"summary_large_image","schema":{"@context":"https:\/\/schema.org","@graph":[{"@type":"WebPage","@id":"https:\/\/az.f-chain.com\/az\/hesabatlarin-hazirlanmasi\/","url":"https:\/\/az.f-chain.com\/az\/hesabatlarin-hazirlanmasi\/","name":"Hesabatlar\u0131n haz\u0131rlanmas\u0131 - Financial Chain Corporation (FCHAIN) - Bak\u0131","isPartOf":{"@id":"https:\/\/az.f-chain.com\/#website"},"datePublished":"2012-11-27T08:09:33+00:00","dateModified":"2021-09-22T11:06:23+00:00","description":"\u015eirk\u0259t \u00fc\u00e7\u00fcn m\u00fchasibat hesabatlar\u0131n\u0131n haz\u0131rlanmas\u0131 \u2013 y\u00fcks\u0259k ixtisasl\u0131 m\u00fct\u0259x\u0259ssisl\u0259rimizin \u00f6z \u00fcz\u0259ril\u0259rin\u0259 g\u00f6t\u00fcrd\u00fckl\u0259ri vacib bir m\u0259rh\u0259l\u0259dir.","breadcrumb":{"@id":"https:\/\/az.f-chain.com\/az\/hesabatlarin-hazirlanmasi\/#breadcrumb"},"inLanguage":"az","potentialAction":[{"@type":"ReadAction","target":["https:\/\/az.f-chain.com\/az\/hesabatlarin-hazirlanmasi\/"]}]},{"@type":"BreadcrumbList","@id":"https:\/\/az.f-chain.com\/az\/hesabatlarin-hazirlanmasi\/#breadcrumb","itemListElement":[{"@type":"ListItem","position":1,"name":"Home","item":"https:\/\/az.f-chain.com\/az\/"},{"@type":"ListItem","position":2,"name":"Hesabatlar\u0131n haz\u0131rlanmas\u0131"}]},{"@type":"WebSite","@id":"https:\/\/az.f-chain.com\/#website","url":"https:\/\/az.f-chain.com\/","name":"FChain","description":"Azerbaijan","potentialAction":[{"@type":"SearchAction","target":{"@type":"EntryPoint","urlTemplate":"https:\/\/az.f-chain.com\/?s={search_term_string}"},"query-input":{"@type":"PropertyValueSpecification","valueRequired":true,"valueName":"search_term_string"}}],"inLanguage":"az"}]}},"_links":{"self":[{"href":"https:\/\/az.f-chain.com\/az\/wp-json\/wp\/v2\/pages\/18874","targetHints":{"allow":["GET"]}}],"collection":[{"href":"https:\/\/az.f-chain.com\/az\/wp-json\/wp\/v2\/pages"}],"about":[{"href":"https:\/\/az.f-chain.com\/az\/wp-json\/wp\/v2\/types\/page"}],"author":[{"embeddable":true,"href":"https:\/\/az.f-chain.com\/az\/wp-json\/wp\/v2\/users\/1"}],"replies":[{"embeddable":true,"href":"https:\/\/az.f-chain.com\/az\/wp-json\/wp\/v2\/comments?post=18874"}],"version-history":[{"count":2,"href":"https:\/\/az.f-chain.com\/az\/wp-json\/wp\/v2\/pages\/18874\/revisions"}],"predecessor-version":[{"id":19246,"href":"https:\/\/az.f-chain.com\/az\/wp-json\/wp\/v2\/pages\/18874\/revisions\/19246"}],"wp:attachment":[{"href":"https:\/\/az.f-chain.com\/az\/wp-json\/wp\/v2\/media?parent=18874"}],"curies":[{"name":"wp","href":"https:\/\/api.w.org\/{rel}","templated":true}]}}