{"id":18873,"date":"2012-11-27T12:07:52","date_gmt":"2012-11-27T08:07:52","guid":{"rendered":"http:\/\/cacs.silencatech.com\/?page_id=631"},"modified":"2021-09-22T09:59:24","modified_gmt":"2021-09-22T06:59:24","slug":"muhasibat-xidmeti","status":"publish","type":"page","link":"https:\/\/az.f-chain.com\/az\/muhasibat-xidmeti\/","title":{"rendered":"M\u00fchasibat xidm\u0259ti"},"content":{"rendered":"<div class=\"wpb-content-wrapper\"><p>[vc_row equal_height=&#8221;yes&#8221; css_animation=&#8221;fadeInUp&#8221;][vc_column][vc_column_text]<\/p>\n<h1>M\u00fchasibat xidm\u0259ti<\/h1>\n<p>[\/vc_column_text][\/vc_column][\/vc_row][vc_row equal_height=&#8221;yes&#8221; content_placement=&#8221;middle&#8221; css_animation=&#8221;fadeInUp&#8221;][vc_column width=&#8221;1\/2&#8243;][vc_column_text]M\u00fchasibatl\u0131\u011f\u0131n d\u00fczg\u00fcn apar\u0131lmas\u0131 ist\u0259nil\u0259n biznes n\u00f6v\u00fcn\u00fcn maliyy\u0259 v\u0259ziyy\u0259tini adekvat qiym\u0259tl\u0259ndirilm\u0259sin\u0259 imkan verir. Bunun \u00fc\u00e7\u00fcn h\u0259r bir m\u00fc\u0259ssis\u0259d\u0259 m\u00fchasib \u015ftat\u0131 n\u0259z\u0259rd\u0259 tutulmu\u015fdur. Amma bu he\u00e7 d\u0259 h\u0259r zaman m\u0259qs\u0259d\u0259uy\u011fun olmur. Ax\u0131 m\u00fchasibat xidm\u0259tl\u0259rinin g\u00f6st\u0259rilm\u0259sin\u0259 ehtiyac h\u0259r g\u00fcn yaranm\u0131r. M\u0259hz buna g\u00f6r\u0259 d\u0259 m\u00fcst\u0259qil pe\u015f\u0259kar autsorsinq \u2013 m\u00fcxt\u0259lif m\u00fclkiyy\u0259t n\u00f6v\u00fcn\u0259 aid bir \u00e7ox firma v\u0259 \u015firk\u0259tl\u0259r t\u0259r\u0259find\u0259n f\u0259al sur\u0259td\u0259 istifad\u0259 edil\u0259n al\u0259tdir. \u015eirk\u0259timiz t\u0259r\u0259find\u0259n demokratik qiym\u0259tl\u0259rl\u0259 t\u0259qdim edil\u0259n biznes\u0259 xidm\u0259t g\u00f6st\u0259rilm\u0259si v\u0259 biznesin m\u00fc\u015fayi\u0259t edilm\u0259si \u00fczr\u0259 xidm\u0259tl\u0259r daimi m\u00fchasib \u015ftat\u0131n\u0131n saxlanmas\u0131 \u00fczr\u0259 x\u0259rcl\u0259r\u0259 v\u0259 bununla ba\u011fl\u0131 dig\u0259r madd\u0259l\u0259r\u0259 q\u0259na\u0259t edilm\u0259sin\u0259 imkan verir. Bundan ba\u015fqa, biznes sahibl\u0259ri t\u0259qdim edil\u0259n xidm\u0259tl\u0259rin keyfiyy\u0259tind\u0259n d\u0259 \u0259min ola bil\u0259rl\u0259r.[\/vc_column_text][\/vc_column][vc_column width=&#8221;1\/2&#8243;][vc_single_image image=&#8221;19146&#8243; img_size=&#8221;full&#8221; alignment=&#8221;center&#8221;][\/vc_column][\/vc_row][vc_row content_placement=&#8221;middle&#8221; css_animation=&#8221;fadeInUp&#8221; css=&#8221;.vc_custom_1632293783140{background-color: #f6f6f6 !important;}&#8221;][vc_column width=&#8221;1\/2&#8243;][vc_single_image image=&#8221;19149&#8243; img_size=&#8221;full&#8221; alignment=&#8221;center&#8221;][\/vc_column][vc_column width=&#8221;1\/2&#8243;][vc_column_text]<\/p>\n<h3>M\u00fchasibat xidm\u0259tl\u0259ri v\u0259 m\u00fchasibat m\u00fc\u015fayi\u0259ti<\/h3>\n<p>\u015eirk\u0259tin m\u00fchasibat u\u00e7otu m\u00fc\u0259ssis\u0259nin t\u0259s\u0259rr\u00fcfat f\u0259aliyy\u0259tinin b\u00fct\u00fcn sah\u0259l\u0259rini \u0259hat\u0259 ed\u0259n fasil\u0259siz proses oldu\u011fu \u00fc\u00e7\u00fcn biz m\u00fcvafiq xidm\u0259tl\u0259rin geni\u015f spektrini t\u0259qdim edirik. Sifari\u015f\u00e7i bu xidm\u0259tl\u0259rd\u0259n \u015f\u0259xsi biznesi \u00fc\u00e7\u00fcn optimal paket formala\u015fd\u0131ra bil\u0259r. \u015eirk\u0259timizin potensial m\u00fc\u015ft\u0259riy\u0259 f\u0259rdi yana\u015fma \u00fcsulu \u2013 effektiv f\u0259aliyy\u0259tin z\u0259ruri \u015f\u0259rtidir. G\u00f6st\u0259ril\u0259n m\u00fchasibat xidm\u0259tl\u0259rin\u0259 a\u015fa\u011f\u0131dak\u0131lar daxildir:<\/p>\n<ul class=\"ul-gray\">\n<li>\u0259m\u0259liyyatlar\u0131n v\u0259 ilkin s\u0259n\u0259dl\u0259rin q\u0259bulu, sonrak\u0131 t\u0259hlili v\u0259 qeydiyyat\u0131;<\/li>\n<li>b\u00fct\u00fcn \u0259m\u0259liyyatlar\u0131n avtomatla\u015fd\u0131r\u0131lm\u0131\u015f u\u00e7ot sistemind\u0259 \u0259ks etdirilm\u0259si;<\/li>\n<li>\u0259m\u0259k haqq\u0131n\u0131n hesablanmas\u0131 v\u0259 kadrlar\u0131n u\u00e7otu \u00fczr\u0259 m\u0259sl\u0259h\u0259t;<\/li>\n<li>amortizasiya m\u0259bl\u0259\u011fl\u0259rinin hesablanmas\u0131 (qeyri-maddi aktivl\u0259r, \u0259sas v\u0259saitl\u0259r);<\/li>\n<li>vergil\u0259rin hesablanmas\u0131, tap\u015f\u0131r\u0131qlar\u0131n haz\u0131rlanmas\u0131;<\/li>\n<li>borclar (kreditl\u0259r) \u00fczr\u0259 faizl\u0259rin hesablanmas\u0131;<\/li>\n<li>g\u00f6st\u0259rilmi\u015f d\u00f6vr \u00fczr\u0259 hesabat s\u0259n\u0259dl\u0259rinin haz\u0131rlanmas\u0131;<\/li>\n<li>cari m\u00fchasibat m\u0259s\u0259l\u0259l\u0259ri \u00fczr\u0259 m\u0259sl\u0259h\u0259t xidm\u0259tl\u0259rinin t\u0259qdim edilm\u0259si.<\/li>\n<\/ul>\n<p>T\u0259s\u0259rr\u00fcfat f\u0259aliyy\u0259ti dinamik proses oldu\u011fundan yuxar\u0131da g\u00f6st\u0259ril\u0259n siyah\u0131 tam deyildir. Sifari\u015f\u00e7inin ehtiyaclar\u0131 v\u0259 ist\u0259kl\u0259ri h\u0259r zaman n\u0259z\u0259r\u0259 al\u0131n\u0131r. M\u0259hz buna g\u00f6r\u0259 d\u0259 \u015firk\u0259timiz t\u0259r\u0259find\u0259n t\u0259qdim edil\u0259n xidm\u0259tl\u0259rin d\u0259y\u0259ri f\u0259rdi sur\u0259td\u0259 hesablan\u0131r.[\/vc_column_text][\/vc_column][\/vc_row][vc_row content_placement=&#8221;middle&#8221; css_animation=&#8221;fadeInUp&#8221;][vc_column width=&#8221;1\/2&#8243;][vc_column_text]<\/p>\n<h3>M\u00fc\u0259ssis\u0259l\u0259rin m\u00fchasibat u\u00e7otunun apar\u0131lmas\u0131<\/h3>\n<p>M\u00fchasibat m\u00fc\u015fayi\u0259ti \u00fczr\u0259 xidm\u0259tl\u0259r t\u0259qdim ed\u0259r\u0259k biz onlar\u0131n pe\u015f\u0259kar yana\u015fmaya v\u0259 effektivliy\u0259 \u0259saslanan y\u00fcks\u0259k keyfiyy\u0259tin\u0259, el\u0259c\u0259 d\u0259 sifari\u015f\u00e7inin xidm\u0259ti v\u0259 kommersiya sirrinin tam qorunmas\u0131na\u00a0 z\u0259man\u0259t veririk. M\u00fc\u0259ssis\u0259nin m\u00fchasibat m\u00fc\u015fayi\u0259ti tam v\u0259 ya qism\u0259n ola bil\u0259r \u2013 sifari\u015f\u00e7i paket\u0259 hans\u0131 xidm\u0259tl\u0259rin daxil edilm\u0259sini m\u00fcst\u0259qil olaraq m\u00fc\u0259yy\u0259n edir. Bundan ba\u015fqa, m\u00fchasibat m\u00fc\u015fayi\u0259ti daimi \u0259sasla v\u0259 ya ehtiyac yarand\u0131qda bird\u0259f\u0259lik olaraq h\u0259yata ke\u00e7iril\u0259 bil\u0259r. \u018fg\u0259r bizim \u015firk\u0259tin Az\u0259rbaycanda MMC-l\u0259rin m\u00fchasibat m\u00fc\u015fayi\u0259ti \u00fczr\u0259 t\u0259qdim etdiyi qiym\u0259tl\u0259ri m\u00fcqayis\u0259 ets\u0259k n\u0259tic\u0259 birm\u0259nal\u0131 olacaq \u2013 biziml\u0259 \u0259m\u0259kda\u015fl\u0131q daha s\u0259rf\u0259li v\u0259 effektivdir! Sizin \u00fc\u00e7\u00fcn rahat bir vaxtda sayt\u0131m\u0131zda g\u00f6st\u0259ril\u0259n n\u00f6mr\u0259l\u0259r vasit\u0259sil\u0259 m\u0259sl\u0259h\u0259t\u00e7imizl\u0259 \u0259laq\u0259 saxlayaraq buna asanl\u0131qla \u0259min ola bil\u0259rsiniz. Pe\u015f\u0259karl\u0131q, sifari\u015f\u00e7inin ist\u0259nil\u0259n arzusuna operativ reaksiya, m\u00fcnasib qiym\u0259tl\u0259r, y\u00fcks\u0259k s\u0259viyy\u0259d\u0259 m\u0259lumatland\u0131rma \u2013 biziml\u0259 \u0259m\u0259kda\u015fl\u0131q say\u0259sind\u0259 biznesinizin effektivliyi d\u0259f\u0259l\u0259rl\u0259 artacaq![\/vc_column_text][\/vc_column][vc_column width=&#8221;1\/2&#8243;][vc_single_image image=&#8221;19152&#8243; img_size=&#8221;full&#8221; alignment=&#8221;center&#8221;][\/vc_column][\/vc_row]<\/p>\n<\/div>","protected":false},"excerpt":{"rendered":"<p>[vc_row equal_height=&#8221;yes&#8221; css_animation=&#8221;fadeInUp&#8221;][vc_column][vc_column_text] M\u00fchasibat xidm\u0259ti [\/vc_column_text][\/vc_column][\/vc_row][vc_row equal_height=&#8221;yes&#8221; content_placement=&#8221;middle&#8221; css_animation=&#8221;fadeInUp&#8221;][vc_column width=&#8221;1\/2&#8243;][vc_column_text]M\u00fchasibatl\u0131\u011f\u0131n d\u00fczg\u00fcn apar\u0131lmas\u0131 ist\u0259nil\u0259n biznes n\u00f6v\u00fcn\u00fcn maliyy\u0259 v\u0259ziyy\u0259tini adekvat qiym\u0259tl\u0259ndirilm\u0259sin\u0259 imkan verir. Bunun \u00fc\u00e7\u00fcn h\u0259r bir m\u00fc\u0259ssis\u0259d\u0259 m\u00fchasib \u015ftat\u0131 n\u0259z\u0259rd\u0259 tutulmu\u015fdur. Amma bu he\u00e7 d\u0259 h\u0259r zaman m\u0259qs\u0259d\u0259uy\u011fun olmur. Ax\u0131 m\u00fchasibat xidm\u0259tl\u0259rinin g\u00f6st\u0259rilm\u0259sin\u0259 ehtiyac h\u0259r g\u00fcn yaranm\u0131r. M\u0259hz buna g\u00f6r\u0259 d\u0259 m\u00fcst\u0259qil pe\u015f\u0259kar autsorsinq \u2013 m\u00fcxt\u0259lif<\/p>\n","protected":false},"author":1,"featured_media":0,"parent":0,"menu_order":0,"comment_status":"open","ping_status":"closed","template":"","meta":{"_acf_changed":false,"footnotes":""},"class_list":["post-18873","page","type-page","status-publish","hentry"],"acf":[],"yoast_head":"<!-- This site is optimized with the Yoast SEO plugin v27.3 - https:\/\/yoast.com\/product\/yoast-seo-wordpress\/ -->\n<title>M\u00fchasibat v\u0259 Vergi xidm\u0259ti - Financial Chain Corporation (FCHA\u0130N) - Bak\u0131<\/title>\n<meta name=\"description\" content=\"Az\u0259rbaycanda m\u00fchasibat xidm\u0259tl\u0259ri bazar\u0131n\u0131n lideri olan FCHA\u0130N Siz\u0259 \u00f6z biznesinizl\u0259 m\u0259\u015f\u011ful olub, m\u00fchasibatl\u0131q bar\u0259d\u0259 narahat olmama\u011f\u0131n\u0131za imkan yaratma\u011fa haz\u0131rd\u0131r.\" \/>\n<meta name=\"robots\" content=\"index, follow, max-snippet:-1, max-image-preview:large, max-video-preview:-1\" \/>\n<link rel=\"canonical\" href=\"https:\/\/az.f-chain.com\/az\/muhasibat-xidmeti\/\" \/>\n<meta property=\"og:locale\" content=\"az_AZ\" \/>\n<meta property=\"og:type\" content=\"article\" \/>\n<meta property=\"og:title\" content=\"M\u00fchasibat v\u0259 Vergi xidm\u0259ti - Financial Chain Corporation (FCHA\u0130N) - Bak\u0131\" \/>\n<meta property=\"og:description\" content=\"Az\u0259rbaycanda m\u00fchasibat xidm\u0259tl\u0259ri bazar\u0131n\u0131n lideri olan FCHA\u0130N Siz\u0259 \u00f6z biznesinizl\u0259 m\u0259\u015f\u011ful olub, m\u00fchasibatl\u0131q bar\u0259d\u0259 narahat olmama\u011f\u0131n\u0131za imkan yaratma\u011fa haz\u0131rd\u0131r.\" \/>\n<meta property=\"og:url\" content=\"https:\/\/az.f-chain.com\/az\/muhasibat-xidmeti\/\" \/>\n<meta property=\"og:site_name\" content=\"FChain\" \/>\n<meta property=\"article:modified_time\" content=\"2021-09-22T06:59:24+00:00\" \/>\n<meta name=\"twitter:card\" content=\"summary_large_image\" \/>\n<script type=\"application\/ld+json\" class=\"yoast-schema-graph\">{\"@context\":\"https:\\\/\\\/schema.org\",\"@graph\":[{\"@type\":\"WebPage\",\"@id\":\"https:\\\/\\\/az.f-chain.com\\\/az\\\/muhasibat-xidmeti\\\/\",\"url\":\"https:\\\/\\\/az.f-chain.com\\\/az\\\/muhasibat-xidmeti\\\/\",\"name\":\"M\u00fchasibat v\u0259 Vergi xidm\u0259ti - Financial Chain Corporation (FCHA\u0130N) - Bak\u0131\",\"isPartOf\":{\"@id\":\"https:\\\/\\\/az.f-chain.com\\\/#website\"},\"datePublished\":\"2012-11-27T08:07:52+00:00\",\"dateModified\":\"2021-09-22T06:59:24+00:00\",\"description\":\"Az\u0259rbaycanda m\u00fchasibat xidm\u0259tl\u0259ri bazar\u0131n\u0131n lideri olan FCHA\u0130N Siz\u0259 \u00f6z biznesinizl\u0259 m\u0259\u015f\u011ful olub, m\u00fchasibatl\u0131q bar\u0259d\u0259 narahat olmama\u011f\u0131n\u0131za imkan yaratma\u011fa haz\u0131rd\u0131r.\",\"breadcrumb\":{\"@id\":\"https:\\\/\\\/az.f-chain.com\\\/az\\\/muhasibat-xidmeti\\\/#breadcrumb\"},\"inLanguage\":\"az\",\"potentialAction\":[{\"@type\":\"ReadAction\",\"target\":[\"https:\\\/\\\/az.f-chain.com\\\/az\\\/muhasibat-xidmeti\\\/\"]}]},{\"@type\":\"BreadcrumbList\",\"@id\":\"https:\\\/\\\/az.f-chain.com\\\/az\\\/muhasibat-xidmeti\\\/#breadcrumb\",\"itemListElement\":[{\"@type\":\"ListItem\",\"position\":1,\"name\":\"Home\",\"item\":\"https:\\\/\\\/az.f-chain.com\\\/az\\\/\"},{\"@type\":\"ListItem\",\"position\":2,\"name\":\"M\u00fchasibat xidm\u0259ti\"}]},{\"@type\":\"WebSite\",\"@id\":\"https:\\\/\\\/az.f-chain.com\\\/#website\",\"url\":\"https:\\\/\\\/az.f-chain.com\\\/\",\"name\":\"FChain\",\"description\":\"Azerbaijan\",\"potentialAction\":[{\"@type\":\"SearchAction\",\"target\":{\"@type\":\"EntryPoint\",\"urlTemplate\":\"https:\\\/\\\/az.f-chain.com\\\/?s={search_term_string}\"},\"query-input\":{\"@type\":\"PropertyValueSpecification\",\"valueRequired\":true,\"valueName\":\"search_term_string\"}}],\"inLanguage\":\"az\"}]}<\/script>\n<!-- \/ Yoast SEO plugin. -->","yoast_head_json":{"title":"M\u00fchasibat v\u0259 Vergi xidm\u0259ti - Financial Chain Corporation (FCHA\u0130N) - Bak\u0131","description":"Az\u0259rbaycanda m\u00fchasibat xidm\u0259tl\u0259ri bazar\u0131n\u0131n lideri olan FCHA\u0130N Siz\u0259 \u00f6z biznesinizl\u0259 m\u0259\u015f\u011ful olub, m\u00fchasibatl\u0131q bar\u0259d\u0259 narahat olmama\u011f\u0131n\u0131za imkan yaratma\u011fa haz\u0131rd\u0131r.","robots":{"index":"index","follow":"follow","max-snippet":"max-snippet:-1","max-image-preview":"max-image-preview:large","max-video-preview":"max-video-preview:-1"},"canonical":"https:\/\/az.f-chain.com\/az\/muhasibat-xidmeti\/","og_locale":"az_AZ","og_type":"article","og_title":"M\u00fchasibat v\u0259 Vergi xidm\u0259ti - Financial Chain Corporation (FCHA\u0130N) - Bak\u0131","og_description":"Az\u0259rbaycanda m\u00fchasibat xidm\u0259tl\u0259ri bazar\u0131n\u0131n lideri olan FCHA\u0130N Siz\u0259 \u00f6z biznesinizl\u0259 m\u0259\u015f\u011ful olub, m\u00fchasibatl\u0131q bar\u0259d\u0259 narahat olmama\u011f\u0131n\u0131za imkan yaratma\u011fa haz\u0131rd\u0131r.","og_url":"https:\/\/az.f-chain.com\/az\/muhasibat-xidmeti\/","og_site_name":"FChain","article_modified_time":"2021-09-22T06:59:24+00:00","twitter_card":"summary_large_image","schema":{"@context":"https:\/\/schema.org","@graph":[{"@type":"WebPage","@id":"https:\/\/az.f-chain.com\/az\/muhasibat-xidmeti\/","url":"https:\/\/az.f-chain.com\/az\/muhasibat-xidmeti\/","name":"M\u00fchasibat v\u0259 Vergi xidm\u0259ti - Financial Chain Corporation (FCHA\u0130N) - Bak\u0131","isPartOf":{"@id":"https:\/\/az.f-chain.com\/#website"},"datePublished":"2012-11-27T08:07:52+00:00","dateModified":"2021-09-22T06:59:24+00:00","description":"Az\u0259rbaycanda m\u00fchasibat xidm\u0259tl\u0259ri bazar\u0131n\u0131n lideri olan FCHA\u0130N Siz\u0259 \u00f6z biznesinizl\u0259 m\u0259\u015f\u011ful olub, m\u00fchasibatl\u0131q bar\u0259d\u0259 narahat olmama\u011f\u0131n\u0131za imkan yaratma\u011fa haz\u0131rd\u0131r.","breadcrumb":{"@id":"https:\/\/az.f-chain.com\/az\/muhasibat-xidmeti\/#breadcrumb"},"inLanguage":"az","potentialAction":[{"@type":"ReadAction","target":["https:\/\/az.f-chain.com\/az\/muhasibat-xidmeti\/"]}]},{"@type":"BreadcrumbList","@id":"https:\/\/az.f-chain.com\/az\/muhasibat-xidmeti\/#breadcrumb","itemListElement":[{"@type":"ListItem","position":1,"name":"Home","item":"https:\/\/az.f-chain.com\/az\/"},{"@type":"ListItem","position":2,"name":"M\u00fchasibat xidm\u0259ti"}]},{"@type":"WebSite","@id":"https:\/\/az.f-chain.com\/#website","url":"https:\/\/az.f-chain.com\/","name":"FChain","description":"Azerbaijan","potentialAction":[{"@type":"SearchAction","target":{"@type":"EntryPoint","urlTemplate":"https:\/\/az.f-chain.com\/?s={search_term_string}"},"query-input":{"@type":"PropertyValueSpecification","valueRequired":true,"valueName":"search_term_string"}}],"inLanguage":"az"}]}},"_links":{"self":[{"href":"https:\/\/az.f-chain.com\/az\/wp-json\/wp\/v2\/pages\/18873","targetHints":{"allow":["GET"]}}],"collection":[{"href":"https:\/\/az.f-chain.com\/az\/wp-json\/wp\/v2\/pages"}],"about":[{"href":"https:\/\/az.f-chain.com\/az\/wp-json\/wp\/v2\/types\/page"}],"author":[{"embeddable":true,"href":"https:\/\/az.f-chain.com\/az\/wp-json\/wp\/v2\/users\/1"}],"replies":[{"embeddable":true,"href":"https:\/\/az.f-chain.com\/az\/wp-json\/wp\/v2\/comments?post=18873"}],"version-history":[{"count":1,"href":"https:\/\/az.f-chain.com\/az\/wp-json\/wp\/v2\/pages\/18873\/revisions"}],"predecessor-version":[{"id":19158,"href":"https:\/\/az.f-chain.com\/az\/wp-json\/wp\/v2\/pages\/18873\/revisions\/19158"}],"wp:attachment":[{"href":"https:\/\/az.f-chain.com\/az\/wp-json\/wp\/v2\/media?parent=18873"}],"curies":[{"name":"wp","href":"https:\/\/api.w.org\/{rel}","templated":true}]}}