{"id":18872,"date":"2012-11-27T12:04:29","date_gmt":"2012-11-27T08:04:29","guid":{"rendered":"http:\/\/cacs.silencatech.com\/?page_id=627"},"modified":"2021-09-22T09:46:11","modified_gmt":"2021-09-22T06:46:11","slug":"muhasibat-xidmetleri","status":"publish","type":"page","link":"https:\/\/az.f-chain.com\/az\/muhasibat-xidmetleri\/","title":{"rendered":"M\u00fchasibat xidm\u0259tl\u0259ri"},"content":{"rendered":"<div class=\"wpb-content-wrapper\"><p>[vc_row equal_height=&#8221;yes&#8221; css_animation=&#8221;fadeInUp&#8221;][vc_column][vc_column_text]<\/p>\n<div class=\"wpb_column vc_column_container vc_col-sm-8\">\n<div class=\"vc_column-inner\">\n<div class=\"wpb_wrapper\">\n<div class=\"wpb_text_column wpb_content_element \">\n<div class=\"wpb_wrapper\">\n<h1>M\u00fchasibat xidm\u0259tl\u0259ri<\/h1>\n<\/div>\n<\/div>\n<\/div>\n<\/div>\n<\/div>\n<p>[\/vc_column_text][\/vc_column][\/vc_row][vc_row equal_height=&#8221;yes&#8221; content_placement=&#8221;middle&#8221; css_animation=&#8221;fadeInUp&#8221;][vc_column width=&#8221;1\/2&#8243;][vc_column_text]<\/p>\n<h3>\u0130st\u0259nil\u0259n m\u00fclkiyy\u0259t n\u00f6v\u00fc \u00fczr\u0259 \u015firk\u0259t r\u0259hb\u0259rinin b\u00fct\u00fcn q\u00fcvv\u0259sini biznes-prosesl\u0259r\u0259 v\u0259 b\u00f6y\u00fck m\u0259nf\u0259\u0259t \u0259ld\u0259 etm\u0259y\u0259 y\u00f6n\u0259ld\u0259 bilm\u0259si \u00fc\u00e7\u00fcn bir s\u0131ra maliyy\u0259 m\u0259s\u0259l\u0259l\u0259rinin h\u0259llini pe\u015f\u0259karlara etibar etm\u0259y\u0259 d\u0259y\u0259r.<\/h3>\n<p>Bu zaman sifari\u015f\u00e7inin ehtiyac\u0131 olan m\u00fchasibat xidm\u0259tl\u0259ri paketi d\u0259 \u0259h\u0259miyy\u0259t k\u0259sb edir. \u015eirk\u0259tin t\u0259qdim etdiyi m\u00fchasibat xidm\u0259tl\u0259rinin n\u00f6v\u00fcnd\u0259n as\u0131l\u0131 olmayaraq, onun \u0259m\u0259kda\u015flar\u0131n\u0131n i\u015f t\u0259cr\u00fcb\u0259sinin m\u00fcxt\u0259lif firmalar\u0131n f\u0259aliyy\u0259tin\u0259 \u00e7evik yana\u015fma v\u0259 biznesin inki\u015faf\u0131n\u0131n qiym\u0259tl\u0259ndirilm\u0259si, proqnozla\u015fd\u0131r\u0131lmas\u0131 v\u0259 planla\u015fd\u0131\u0131rlmas\u0131 bacar\u0131\u011f\u0131 il\u0259 uy\u011funla\u015fmas\u0131 \u00e7ox vacibdir. Yuxar\u0131da qeyd edil\u0259n b\u00fct\u00fcn keyfiyy\u0259tl\u0259r biznesin apar\u0131lmas\u0131 v\u0259 m\u00fc\u015fayi\u0259t edilm\u0259si \u00fc\u00e7\u00fcn t\u0259l\u0259b edil\u0259n b\u00fct\u00fcn xidm\u0259t spektrini t\u0259qdim ed\u0259n Bak\u0131dak\u0131 FCHA\u0130N \u2013 m\u00fchasibat xidm\u0259tl\u0259ri \u015firk\u0259tinin \u0259m\u0259kda\u015flar\u0131na xasd\u0131r. \u015eirk\u0259timizl\u0259 \u0259m\u0259kda\u015fl\u0131q ed\u0259n sifari\u015f\u00e7il\u0259r \u00a0m\u00fchasibat s\u0259n\u0259dl\u0259rinin keyfiyy\u0259tli operativ t\u0259hlilind\u0259n v\u0259 u\u00e7otun menecment prinsipl\u0259rin\u0259 v\u0259 daima yenil\u0259n qanunvericilik bazas\u0131n\u0131n t\u0259l\u0259bl\u0259rin\u0259 uy\u011fun olaraq apar\u0131lmas\u0131ndan \u0259min ola bil\u0259rl\u0259r.<\/p>\n<p>\u015eirk\u0259timizin konkret m\u00fc\u015ft\u0259riy\u0259 v\u0259 onun ehtiyaclar\u0131na y\u00f6n\u0259l\u0259n qiym\u0259t siyas\u0259ti \u00e7ox \u00e7evik v\u0259 demokratikdir.[\/vc_column_text][\/vc_column][vc_column width=&#8221;1\/2&#8243;][vc_single_image image=&#8221;19130&#8243; img_size=&#8221;full&#8221; alignment=&#8221;center&#8221;][\/vc_column][\/vc_row][vc_row content_placement=&#8221;middle&#8221; css_animation=&#8221;fadeInUp&#8221; css=&#8221;.vc_custom_1632292879166{margin-bottom: 0px !important;background-color: #f6f6f6 !important;}&#8221;][vc_column width=&#8221;1\/2&#8243;][vc_single_image image=&#8221;19133&#8243; img_size=&#8221;full&#8221; alignment=&#8221;center&#8221;][\/vc_column][vc_column width=&#8221;1\/2&#8243;][vc_column_text]<\/p>\n<h3>M\u00fchasibatl\u0131\u011f\u0131n apar\u0131lmas\u0131 \u00fczr\u0259 xidm\u0259tl\u0259r<\/h3>\n<p>Bizim \u015firk\u0259t d\u0259y\u0259ri sifari\u015f\u00e7inin t\u0259l\u0259bl\u0259ri v\u0259 ist\u0259kl\u0259rind\u0259n as\u0131l\u0131 olan m\u00fchasibat xidm\u0259tl\u0259rinin keyfiyy\u0259tli autsorsinqini t\u0259klif edir. MMC-nin sahibl\u0259rinin, f\u0259rdi sahibkarlar\u0131n v\u0259 dig\u0259r m\u00fclkiyy\u0259t n\u00f6vl\u0259rinin firma sahibl\u0259rinin daimi \u0259saslarla m\u00fchasib v\u0259 auditor \u015ftat\u0131 saxlama\u011fa ehtiyac\u0131 yoxdur. Bu da keyfiyy\u0259t\u0259 z\u0259r\u0259r verm\u0259d\u0259n \u0259m\u0259k haqq\u0131 \u00fczr\u0259 vergil\u0259rd\u0259, icar\u0259 haqq\u0131nda, ofis avadanl\u0131\u011f\u0131nda, proqram t\u0259minat\u0131nda v\u0259 \u015firk\u0259tin normal f\u0259aliyy\u0259tini t\u0259min ed\u0259n dig\u0259r madd\u0259l\u0259rd\u0259 q\u0259na\u0259t\u0259 g\u0259tirib \u00e7\u0131xar\u0131r. \u015eirk\u0259timiz t\u0259r\u0259find\u0259n m\u00fcnasib qiym\u0259tl\u0259rl\u0259 t\u0259qdim edil\u0259n m\u00fcst\u0259qil autsorsinq \u2013 m\u00fchasibat u\u00e7otunun yanl\u0131\u015f apar\u0131lmas\u0131 v\u0259 ya s\u0259hv t\u0259rtib edilmi\u015f s\u0259n\u0259dl\u0259\u015fm\u0259 zaman\u0131 yaranan riskl\u0259rin aradan qald\u0131r\u0131lmas\u0131n\u0131n etibarl\u0131 \u00fcsuludur. A\u015fa\u011f\u0131da g\u00f6st\u0259rilmi\u015f xidm\u0259tl\u0259r m\u00fchasibat u\u00e7otunun m\u00fcst\u0259qil apar\u0131lmas\u0131n\u0131 n\u0259z\u0259rd\u0259 tutur:<\/p>\n<ul class=\"ul-gray\">\n<li>m\u00fchasibat m\u00fc\u015fayi\u0259ti (u\u00e7otun apar\u0131lmas\u0131, hesabatlar\u0131n t\u0259rtib edilm\u0259si);<\/li>\n<li>vergi m\u00fchasibat u\u00e7otunun b\u0259rpa edilm\u0259si (n\u0259zar\u0259tsiz burax\u0131lm\u0131\u015f u\u00e7ot zaman\u0131);<\/li>\n<li>m\u0259sl\u0259h\u0259tl\u0259r (maliyy\u0259, vergi, h\u00fcquqi xarakterli);<\/li>\n<li>m\u00fchasibat u\u00e7otuna sald\u0131rma (yeni, yenid\u0259n t\u0259\u015fkil edilmi\u015f, geni\u015fl\u0259ndiril\u0259n firmalar \u00fc\u00e7\u00fcn);<\/li>\n<li>hesabatlar\u0131n haz\u0131rlanmas\u0131 v\u0259 m\u00fcvafiq orqanlara t\u0259hvil verilm\u0259si.<\/li>\n<\/ul>\n<p>[\/vc_column_text][\/vc_column][\/vc_row][vc_row css_animation=&#8221;fadeInUp&#8221;][vc_column][vc_column_text]\u00c7evik qiym\u0259t siyas\u0259ti \u015firk\u0259timiz\u0259 h\u0259m iri biznesi t\u0259msil ed\u0259n \u015firk\u0259tl\u0259rl\u0259, h\u0259m d\u0259 f\u0259rdi sahibkarlarla \u0259m\u0259kda\u015fl\u0131q etm\u0259k imkan\u0131 verir. MMC-l\u0259r, dig\u0259r m\u00fclkiyy\u0259t n\u00f6vl\u0259ri \u00fczr\u0259 \u015firk\u0259t v\u0259 firma sahbl\u0259ri \u00fc\u00e7\u00fcn m\u00fchasibat xidm\u0259tl\u0259rinin d\u0259y\u0259ri f\u0259rdi qaydada t\u0259yin edilir. \u015eirk\u0259timizin saytnda yerl\u0259\u015fdiril\u0259n telefon n\u00f6mr\u0259l\u0259rin\u0259 z\u0259ng ed\u0259r\u0259k siz t\u0259qdim edil\u0259n xidm\u0259tl\u0259r spektri haqq\u0131nda daha m\u00fcf\u0259ss\u0259l m\u0259lumat ala bil\u0259rsiniz. Etibar, pe\u015f\u0259karl\u0131\u011f\u0131n y\u00fcks\u0259k s\u0259viyy\u0259si v\u0259 m\u00fc\u015ft\u0259ril\u0259rin y\u00fcks\u0259k s\u0259viyy\u0259d\u0259 m\u0259lumatland\u0131r\u0131lmas\u0131 \u2013 biznesinizin u\u011furlu inki\u015faf\u0131n\u0131n v\u0259 lab\u00fcd \u00e7i\u00e7\u0259kl\u0259nm\u0259sinin r\u0259hnidir.[\/vc_column_text][\/vc_column][\/vc_row]<\/p>\n<\/div>","protected":false},"excerpt":{"rendered":"<p>[vc_row equal_height=&#8221;yes&#8221; css_animation=&#8221;fadeInUp&#8221;][vc_column][vc_column_text] M\u00fchasibat xidm\u0259tl\u0259ri [\/vc_column_text][\/vc_column][\/vc_row][vc_row equal_height=&#8221;yes&#8221; content_placement=&#8221;middle&#8221; css_animation=&#8221;fadeInUp&#8221;][vc_column width=&#8221;1\/2&#8243;][vc_column_text] \u0130st\u0259nil\u0259n m\u00fclkiyy\u0259t n\u00f6v\u00fc \u00fczr\u0259 \u015firk\u0259t r\u0259hb\u0259rinin b\u00fct\u00fcn q\u00fcvv\u0259sini biznes-prosesl\u0259r\u0259 v\u0259 b\u00f6y\u00fck m\u0259nf\u0259\u0259t \u0259ld\u0259 etm\u0259y\u0259 y\u00f6n\u0259ld\u0259 bilm\u0259si \u00fc\u00e7\u00fcn bir s\u0131ra maliyy\u0259 m\u0259s\u0259l\u0259l\u0259rinin h\u0259llini pe\u015f\u0259karlara etibar etm\u0259y\u0259 d\u0259y\u0259r. Bu zaman sifari\u015f\u00e7inin ehtiyac\u0131 olan m\u00fchasibat xidm\u0259tl\u0259ri paketi d\u0259 \u0259h\u0259miyy\u0259t k\u0259sb edir. \u015eirk\u0259tin t\u0259qdim etdiyi m\u00fchasibat xidm\u0259tl\u0259rinin n\u00f6v\u00fcnd\u0259n as\u0131l\u0131<\/p>\n","protected":false},"author":1,"featured_media":55577,"parent":0,"menu_order":0,"comment_status":"open","ping_status":"closed","template":"","meta":{"_acf_changed":false,"footnotes":""},"class_list":["post-18872","page","type-page","status-publish","hentry"],"acf":[],"yoast_head":"<!-- This site is optimized with the Yoast SEO plugin v27.3 - https:\/\/yoast.com\/product\/yoast-seo-wordpress\/ -->\n<title>M\u00fchasibat xidm\u0259tl\u0259ri v\u0259 M\u00fchasibat u\u00e7otu - Financial Chain Corporation - Bak\u0131<\/title>\n<meta name=\"description\" content=\"Financial Chain Corporation m\u00fct\u0259x\u0259ssisl\u0259ri Siz\u0259 m\u00fchasibat u\u00e7otunda v\u0259 m\u00fchsibatl\u0131\u011fa aid b\u00fct\u00fcn tap\u015f\u0131r\u0131qlar\u0131n h\u0259llind\u0259 k\u00f6m\u0259klik g\u00f6st\u0259rm\u0259y\u0259 haz\u0131rd\u0131r.\" \/>\n<meta name=\"robots\" content=\"index, follow, max-snippet:-1, max-image-preview:large, max-video-preview:-1\" \/>\n<link rel=\"canonical\" href=\"https:\/\/az.f-chain.com\/az\/muhasibat-xidmetleri\/\" \/>\n<meta property=\"og:locale\" content=\"az_AZ\" \/>\n<meta property=\"og:type\" content=\"article\" \/>\n<meta property=\"og:title\" content=\"M\u00fchasibat xidm\u0259tl\u0259ri v\u0259 M\u00fchasibat u\u00e7otu - Financial Chain Corporation - Bak\u0131\" \/>\n<meta property=\"og:description\" content=\"Financial Chain Corporation m\u00fct\u0259x\u0259ssisl\u0259ri Siz\u0259 m\u00fchasibat u\u00e7otunda v\u0259 m\u00fchsibatl\u0131\u011fa aid b\u00fct\u00fcn tap\u015f\u0131r\u0131qlar\u0131n h\u0259llind\u0259 k\u00f6m\u0259klik g\u00f6st\u0259rm\u0259y\u0259 haz\u0131rd\u0131r.\" \/>\n<meta property=\"og:url\" content=\"https:\/\/az.f-chain.com\/az\/muhasibat-xidmetleri\/\" \/>\n<meta property=\"og:site_name\" content=\"FChain\" \/>\n<meta property=\"article:modified_time\" content=\"2021-09-22T06:46:11+00:00\" \/>\n<meta name=\"twitter:card\" content=\"summary_large_image\" \/>\n<script type=\"application\/ld+json\" class=\"yoast-schema-graph\">{\"@context\":\"https:\\\/\\\/schema.org\",\"@graph\":[{\"@type\":\"WebPage\",\"@id\":\"https:\\\/\\\/az.f-chain.com\\\/az\\\/muhasibat-xidmetleri\\\/\",\"url\":\"https:\\\/\\\/az.f-chain.com\\\/az\\\/muhasibat-xidmetleri\\\/\",\"name\":\"M\u00fchasibat xidm\u0259tl\u0259ri v\u0259 M\u00fchasibat u\u00e7otu - Financial Chain Corporation - Bak\u0131\",\"isPartOf\":{\"@id\":\"https:\\\/\\\/az.f-chain.com\\\/#website\"},\"primaryImageOfPage\":{\"@id\":\"https:\\\/\\\/az.f-chain.com\\\/az\\\/muhasibat-xidmetleri\\\/#primaryimage\"},\"image\":{\"@id\":\"https:\\\/\\\/az.f-chain.com\\\/az\\\/muhasibat-xidmetleri\\\/#primaryimage\"},\"thumbnailUrl\":\"https:\\\/\\\/az.f-chain.com\\\/wp-content\\\/uploads\\\/2025\\\/07\\\/fchain_stock_71-scaled-1.jpg\",\"datePublished\":\"2012-11-27T08:04:29+00:00\",\"dateModified\":\"2021-09-22T06:46:11+00:00\",\"description\":\"Financial Chain Corporation m\u00fct\u0259x\u0259ssisl\u0259ri Siz\u0259 m\u00fchasibat u\u00e7otunda v\u0259 m\u00fchsibatl\u0131\u011fa aid b\u00fct\u00fcn tap\u015f\u0131r\u0131qlar\u0131n h\u0259llind\u0259 k\u00f6m\u0259klik g\u00f6st\u0259rm\u0259y\u0259 haz\u0131rd\u0131r.\",\"breadcrumb\":{\"@id\":\"https:\\\/\\\/az.f-chain.com\\\/az\\\/muhasibat-xidmetleri\\\/#breadcrumb\"},\"inLanguage\":\"az\",\"potentialAction\":[{\"@type\":\"ReadAction\",\"target\":[\"https:\\\/\\\/az.f-chain.com\\\/az\\\/muhasibat-xidmetleri\\\/\"]}]},{\"@type\":\"ImageObject\",\"inLanguage\":\"az\",\"@id\":\"https:\\\/\\\/az.f-chain.com\\\/az\\\/muhasibat-xidmetleri\\\/#primaryimage\",\"url\":\"https:\\\/\\\/az.f-chain.com\\\/wp-content\\\/uploads\\\/2025\\\/07\\\/fchain_stock_71-scaled-1.jpg\",\"contentUrl\":\"https:\\\/\\\/az.f-chain.com\\\/wp-content\\\/uploads\\\/2025\\\/07\\\/fchain_stock_71-scaled-1.jpg\",\"width\":2560,\"height\":1707},{\"@type\":\"BreadcrumbList\",\"@id\":\"https:\\\/\\\/az.f-chain.com\\\/az\\\/muhasibat-xidmetleri\\\/#breadcrumb\",\"itemListElement\":[{\"@type\":\"ListItem\",\"position\":1,\"name\":\"Home\",\"item\":\"https:\\\/\\\/az.f-chain.com\\\/az\\\/\"},{\"@type\":\"ListItem\",\"position\":2,\"name\":\"M\u00fchasibat xidm\u0259tl\u0259ri\"}]},{\"@type\":\"WebSite\",\"@id\":\"https:\\\/\\\/az.f-chain.com\\\/#website\",\"url\":\"https:\\\/\\\/az.f-chain.com\\\/\",\"name\":\"FChain\",\"description\":\"Azerbaijan\",\"potentialAction\":[{\"@type\":\"SearchAction\",\"target\":{\"@type\":\"EntryPoint\",\"urlTemplate\":\"https:\\\/\\\/az.f-chain.com\\\/?s={search_term_string}\"},\"query-input\":{\"@type\":\"PropertyValueSpecification\",\"valueRequired\":true,\"valueName\":\"search_term_string\"}}],\"inLanguage\":\"az\"}]}<\/script>\n<!-- \/ Yoast SEO plugin. -->","yoast_head_json":{"title":"M\u00fchasibat xidm\u0259tl\u0259ri v\u0259 M\u00fchasibat u\u00e7otu - Financial Chain Corporation - Bak\u0131","description":"Financial Chain Corporation m\u00fct\u0259x\u0259ssisl\u0259ri Siz\u0259 m\u00fchasibat u\u00e7otunda v\u0259 m\u00fchsibatl\u0131\u011fa aid b\u00fct\u00fcn tap\u015f\u0131r\u0131qlar\u0131n h\u0259llind\u0259 k\u00f6m\u0259klik g\u00f6st\u0259rm\u0259y\u0259 haz\u0131rd\u0131r.","robots":{"index":"index","follow":"follow","max-snippet":"max-snippet:-1","max-image-preview":"max-image-preview:large","max-video-preview":"max-video-preview:-1"},"canonical":"https:\/\/az.f-chain.com\/az\/muhasibat-xidmetleri\/","og_locale":"az_AZ","og_type":"article","og_title":"M\u00fchasibat xidm\u0259tl\u0259ri v\u0259 M\u00fchasibat u\u00e7otu - Financial Chain Corporation - Bak\u0131","og_description":"Financial Chain Corporation m\u00fct\u0259x\u0259ssisl\u0259ri Siz\u0259 m\u00fchasibat u\u00e7otunda v\u0259 m\u00fchsibatl\u0131\u011fa aid b\u00fct\u00fcn tap\u015f\u0131r\u0131qlar\u0131n h\u0259llind\u0259 k\u00f6m\u0259klik g\u00f6st\u0259rm\u0259y\u0259 haz\u0131rd\u0131r.","og_url":"https:\/\/az.f-chain.com\/az\/muhasibat-xidmetleri\/","og_site_name":"FChain","article_modified_time":"2021-09-22T06:46:11+00:00","twitter_card":"summary_large_image","schema":{"@context":"https:\/\/schema.org","@graph":[{"@type":"WebPage","@id":"https:\/\/az.f-chain.com\/az\/muhasibat-xidmetleri\/","url":"https:\/\/az.f-chain.com\/az\/muhasibat-xidmetleri\/","name":"M\u00fchasibat xidm\u0259tl\u0259ri v\u0259 M\u00fchasibat u\u00e7otu - Financial Chain Corporation - Bak\u0131","isPartOf":{"@id":"https:\/\/az.f-chain.com\/#website"},"primaryImageOfPage":{"@id":"https:\/\/az.f-chain.com\/az\/muhasibat-xidmetleri\/#primaryimage"},"image":{"@id":"https:\/\/az.f-chain.com\/az\/muhasibat-xidmetleri\/#primaryimage"},"thumbnailUrl":"https:\/\/az.f-chain.com\/wp-content\/uploads\/2025\/07\/fchain_stock_71-scaled-1.jpg","datePublished":"2012-11-27T08:04:29+00:00","dateModified":"2021-09-22T06:46:11+00:00","description":"Financial Chain Corporation m\u00fct\u0259x\u0259ssisl\u0259ri Siz\u0259 m\u00fchasibat u\u00e7otunda v\u0259 m\u00fchsibatl\u0131\u011fa aid b\u00fct\u00fcn tap\u015f\u0131r\u0131qlar\u0131n h\u0259llind\u0259 k\u00f6m\u0259klik g\u00f6st\u0259rm\u0259y\u0259 haz\u0131rd\u0131r.","breadcrumb":{"@id":"https:\/\/az.f-chain.com\/az\/muhasibat-xidmetleri\/#breadcrumb"},"inLanguage":"az","potentialAction":[{"@type":"ReadAction","target":["https:\/\/az.f-chain.com\/az\/muhasibat-xidmetleri\/"]}]},{"@type":"ImageObject","inLanguage":"az","@id":"https:\/\/az.f-chain.com\/az\/muhasibat-xidmetleri\/#primaryimage","url":"https:\/\/az.f-chain.com\/wp-content\/uploads\/2025\/07\/fchain_stock_71-scaled-1.jpg","contentUrl":"https:\/\/az.f-chain.com\/wp-content\/uploads\/2025\/07\/fchain_stock_71-scaled-1.jpg","width":2560,"height":1707},{"@type":"BreadcrumbList","@id":"https:\/\/az.f-chain.com\/az\/muhasibat-xidmetleri\/#breadcrumb","itemListElement":[{"@type":"ListItem","position":1,"name":"Home","item":"https:\/\/az.f-chain.com\/az\/"},{"@type":"ListItem","position":2,"name":"M\u00fchasibat xidm\u0259tl\u0259ri"}]},{"@type":"WebSite","@id":"https:\/\/az.f-chain.com\/#website","url":"https:\/\/az.f-chain.com\/","name":"FChain","description":"Azerbaijan","potentialAction":[{"@type":"SearchAction","target":{"@type":"EntryPoint","urlTemplate":"https:\/\/az.f-chain.com\/?s={search_term_string}"},"query-input":{"@type":"PropertyValueSpecification","valueRequired":true,"valueName":"search_term_string"}}],"inLanguage":"az"}]}},"_links":{"self":[{"href":"https:\/\/az.f-chain.com\/az\/wp-json\/wp\/v2\/pages\/18872","targetHints":{"allow":["GET"]}}],"collection":[{"href":"https:\/\/az.f-chain.com\/az\/wp-json\/wp\/v2\/pages"}],"about":[{"href":"https:\/\/az.f-chain.com\/az\/wp-json\/wp\/v2\/types\/page"}],"author":[{"embeddable":true,"href":"https:\/\/az.f-chain.com\/az\/wp-json\/wp\/v2\/users\/1"}],"replies":[{"embeddable":true,"href":"https:\/\/az.f-chain.com\/az\/wp-json\/wp\/v2\/comments?post=18872"}],"version-history":[{"count":2,"href":"https:\/\/az.f-chain.com\/az\/wp-json\/wp\/v2\/pages\/18872\/revisions"}],"predecessor-version":[{"id":19142,"href":"https:\/\/az.f-chain.com\/az\/wp-json\/wp\/v2\/pages\/18872\/revisions\/19142"}],"wp:featuredmedia":[{"embeddable":true,"href":"https:\/\/az.f-chain.com\/az\/wp-json\/wp\/v2\/media\/55577"}],"wp:attachment":[{"href":"https:\/\/az.f-chain.com\/az\/wp-json\/wp\/v2\/media?parent=18872"}],"curies":[{"name":"wp","href":"https:\/\/api.w.org\/{rel}","templated":true}]}}