{"id":18483,"date":"2018-07-17T19:59:36","date_gmt":"2018-07-17T15:59:36","guid":{"rendered":"https:\/\/az.f-chain.com\/?page_id=18483"},"modified":"2021-09-23T09:15:44","modified_gmt":"2021-09-23T06:15:44","slug":"muv%c9%99qq%c9%99ti-kadr-xidm%c9%99tl%c9%99ri","status":"publish","type":"page","link":"https:\/\/az.f-chain.com\/az\/insan-resurslarinin-idar%c9%99-olunmasi-xidm%c9%99tl%c9%99ri\/muv%c9%99qq%c9%99ti-kadr-xidm%c9%99tl%c9%99ri\/","title":{"rendered":"M\u00fcv\u0259qq\u0259ti kadr xidm\u0259tl\u0259ri"},"content":{"rendered":"<div class=\"wpb-content-wrapper\"><p>[vc_row equal_height=&#8221;yes&#8221; css_animation=&#8221;fadeInUp&#8221;][vc_column][vc_column_text]<\/p>\n<h1>M\u00fcv\u0259qq\u0259ti kadr xidm\u0259tl\u0259ri<\/h1>\n<p>[\/vc_column_text][vc_column_text]<\/p>\n<h3>X\u0259st\u0259liy\u0259 g\u00f6r\u0259 m\u0259zuniyy\u0259t v\u0259 ya anal\u0131q m\u0259zuniyy\u0259ti d\u00f6vr\u00fcnd\u0259 m\u00fcv\u0259qq\u0259ti kadr xidm\u0259tl\u0259rinin t\u0259qdim<\/h3>\n<p>\u0130st\u0259nil\u0259n \u015firk\u0259tin davaml\u0131 f\u0259aliyy\u0259tinin t\u0259min edilm\u0259sind\u0259 ba\u015fl\u0131ca u\u011fur amill\u0259rind\u0259n biri d\u0259 anal\u0131q m\u0259zuniyy\u0259ti d\u00f6vr\u00fcnd\u0259 i\u015f\u00e7inin ixtisasl\u0131 kadrla \u0259v\u0259z edilm\u0259sidir.<\/p>\n<p>Biz anal\u0131q m\u0259zuniyy\u0259ti il\u0259 ba\u011fl\u0131 i\u015f\u00e7il\u0259r v\u0259 \u015firk\u0259t \u00fc\u00e7\u00fcn m\u00fcmk\u00fcn olan riskl\u0259ri anlay\u0131r, buna g\u00f6r\u0259 d\u0259 m\u00fc\u015ft\u0259ril\u0259rimiz\u0259 \u015firk\u0259tin f\u0259aliyy\u0259tin\u0259 minimal v\u0259 ya s\u0131f\u0131ra b\u0259rab\u0259r ziyan vura bil\u0259c\u0259k rahat \u0259v\u0259zetm\u0259ni t\u0259min ed\u0259n uy\u011fun bir h\u0259ll t\u0259klif edirik.[\/vc_column_text][\/vc_column][\/vc_row][vc_row equal_height=&#8221;yes&#8221; css_animation=&#8221;fadeInUp&#8221; css=&#8221;.vc_custom_1632377609918{margin-bottom: 0px !important;background-color: #f6f6f6 !important;}&#8221;][vc_column][vc_column_text]Biz bu xidm\u0259t \u00e7\u0259r\u00e7iv\u0259sind\u0259 m\u00fc\u015ft\u0259ril\u0259r\u0259 kadrlar \u00fczr\u0259 m\u00fct\u0259x\u0259ssisin anal\u0131q m\u0259zuniyy\u0259ti d\u00f6vr\u00fcnd\u0259 bir il\u0259 q\u0259d\u0259r m\u00fcdd\u0259t\u0259 m\u00fcv\u0259qq\u0259ti olaraq \u0259v\u0259z edilm\u0259sini t\u0259klif edirik.<\/p>\n<p>Bu yana\u015fman\u0131n \u00fcst\u00fcnl\u00fckl\u0259ri:<\/p>\n<ul class=\"ul-gray\">\n<li><strong>Vaxta q\u0259na\u0259t v\u0259 i\u015f\u0259 haz\u0131r olma<\/strong><\/li>\n<\/ul>\n<p>\u0130lk n\u00f6vb\u0259d\u0259 biz sizin i\u015f\u00e7i tapmaq \u00fc\u00e7\u00fcn vaxt\u0131n\u0131za q\u0259na\u0259t edirik, bel\u0259 ki, bu proses 2 aya q\u0259d\u0259r davam ed\u0259 bil\u0259r.<\/p>\n<p>Bundan ba\u015fqa, i\u015f\u0259 haz\u0131r olan m\u00fcxt\u0259lif s\u0259viyy\u0259li m\u00fct\u0259x\u0259ssisl\u0259r bazas\u0131na malik oldu\u011fumuz halda, m\u00fcv\u0259qq\u0259ti v\u0259zif\u0259 \u00fc\u00e7\u00fcn yax\u015f\u0131 m\u00fct\u0259x\u0259ssis tapmaq kifay\u0259t q\u0259d\u0259r \u00e7\u0259tindir.<\/p>\n<ul class=\"ul-gray\">\n<li><strong>M\u0259\u015f\u011fulluq n\u00f6vl\u0259ri v\u0259 d\u0259y\u0259ri<\/strong><\/li>\n<\/ul>\n<p>Bizim m\u00fcv\u0259qq\u0259ti i\u015f\u00e7imiz tam v\u0259 ya natamam i\u015f g\u00fcn\u00fc \u00e7al\u0131\u015fa bil\u0259r v\u0259 ya bir il\u0259 q\u0259d\u0259r m\u00fcdd\u0259td\u0259 layih\u0259 \u0259sas\u0131nda i\u015fl\u0259y\u0259 bil\u0259r.<\/p>\n<p>Biz m\u00fc\u015ft\u0259ril\u0259rimiz\u0259 autsorsinq xidm\u0259tl\u0259ri t\u0259klif edirik: iqtisadi c\u0259h\u0259td\u0259n s\u0259rf\u0259li v\u0259 rahat h\u0259ll.<\/p>\n<ul class=\"ul-gray\">\n<li><strong>T\u0259r\u0259fda\u015fl\u0131q \u0259sas\u0131nda xidm\u0259tl\u0259r<\/strong><\/li>\n<\/ul>\n<p>T\u0259r\u0259fda\u015fl\u0131q t\u0259qdim edil\u0259n xidm\u0259tl\u0259rin keyfiyy\u0259tin\u0259 t\u0259minat verir, ax\u0131 biz sad\u0259c\u0259 m\u00fcv\u0259qq\u0259ti \u0259v\u0259zetm\u0259 t\u0259qdim etmirik; biz h\u0259m\u00e7inin \u0259lav\u0259 resurslar v\u0259 g\u00f6zl\u0259nilm\u0259z v\u0259ziyy\u0259tl\u0259rd\u0259 d\u0259st\u0259k t\u0259qdim edirik.<\/p>\n<p>Biz \u00e7ox \u00e7evik v\u0259 m\u00fc\u015ft\u0259ri y\u00f6n\u00fcml\u00fcy\u00fck. M\u00fc\u015ft\u0259ri il\u0259 i\u015fl\u0259y\u0259rk\u0259n, biz \u015firk\u0259tin t\u0259l\u0259b v\u0259 ehtiyaclar\u0131n\u0131 daxild\u0259n anlamaq v\u0259 \u0259n uy\u011fun f\u0259rdi h\u0259ll tapmaq \u00fc\u00e7\u00fcn onun komandas\u0131n\u0131n bir hiss\u0259sin\u0259 \u00e7evrilirik.[\/vc_column_text][\/vc_column][\/vc_row][vc_row css_animation=&#8221;fadeInUp&#8221;][vc_column][vc_column_text]<\/p>\n<h3>Layih\u0259l\u0259rin idar\u0259 edilm\u0259si v\u0259 onlar\u0131n h\u0259yata ke\u00e7irilm\u0259si<\/h3>\n<p>Layih\u0259 \u00fcz\u0259rind\u0259 i\u015fl\u0259m\u0259li oldu\u011funuzu, kadr xidm\u0259tinizin is\u0259 cari i\u015fl\u0259rl\u0259 y\u00fckl\u0259ndiyini t\u0259s\u0259vv\u00fcr edin\u2026<br \/>\nYeni i\u015f\u00e7il\u0259ri i\u015f\u0259 g\u00f6t\u00fcrm\u0259k is\u0259 iqtisadi c\u0259h\u0259td\u0259n s\u0259rf\u0259li deyil v\u0259 b\u0259lk\u0259 d\u0259 bir \u00e7ox i\u015fg\u00fczar s\u0259b\u0259bl\u0259rd\u0259n s\u0259m\u0259r\u0259sizdir.<\/p>\n<p>M\u0259g\u0259r kadrlar \u00fczr\u0259 m\u00fcv\u0259qq\u0259ti m\u00fct\u0259x\u0259ssisl\u0259rin i\u015f\u0259 g\u00f6t\u00fcr\u00fclm\u0259si probleminizin h\u0259lli olmayacaqm\u0131? \u0130st\u0259r yeni normalar\u0131n haz\u0131rlanmas\u0131, ist\u0259r yeni idar\u0259etm\u0259 sisteminin t\u0259tbiqi, ist\u0259r arxivl\u0259rinizin qaydaya sal\u0131nmas\u0131 v\u0259 ya sosial layih\u0259nin t\u0259\u015fkili v\u0259 idar\u0259 edilm\u0259si olsun \u2013 bizim m\u00fct\u0259x\u0259ssisl\u0259r komandam\u0131z m\u0259qs\u0259dy\u00f6nl\u00fc \u201coperativ h\u0259ll\u201d t\u0259klif edir v\u0259 Sizin Kadr Haz\u0131rl\u0131\u011f\u0131 M\u0259rk\u0259zinizin bir hiss\u0259si olma\u011fa haz\u0131rd\u0131r.<\/p>\n<p>Bu yana\u015fman\u0131n \u00fcst\u00fcnl\u00fckl\u0259ri:<\/p>\n<ul class=\"ul-gray\">\n<li><strong>Unikall\u0131q<\/strong><\/li>\n<\/ul>\n<p>Biz bazarda bu n\u00f6v xidm\u0259tl\u0259rin qabaqc\u0131llar\u0131y\u0131q. Siz i\u015fl\u0259rl\u0259 maksimum y\u00fckl\u0259ndiyiniz zaman pe\u015f\u0259kar yard\u0131m alacaqs\u0131n\u0131z.<\/p>\n<ul class=\"ul-gray\">\n<li><strong>M\u00fcdd\u0259t<\/strong><\/li>\n<\/ul>\n<p>\u201cOperativ h\u0259llin\u201d realla\u015fd\u0131r\u0131lmas\u0131 layih\u0259nin tam ba\u015fa \u00e7atmas\u0131na q\u0259d\u0259r 2 h\u0259ft\u0259d\u0259n 8 h\u0259ft\u0259y\u0259 q\u0259d\u0259r \u00e7\u0259kir.<\/p>\n<ul class=\"ul-gray\">\n<li><strong>Vaxt v\u0259 \u0259l\u00e7atanl\u0131q<\/strong><\/li>\n<\/ul>\n<p>Bu xidm\u0259t \u0259sas ixtisasla\u015fma bazar\u0131m\u0131z\u0131n bir hiss\u0259si oldu\u011fundan, siz i\u015f\u00e7il\u0259rin tap\u0131lmas\u0131na v\u0259 i\u015f\u0259 g\u00f6t\u00fcr\u00fclm\u0259sin\u0259 s\u0259rf etdiyiniz vaxt\u0131 azaldacaqs\u0131n\u0131z.<\/p>\n<ul class=\"ul-gray\">\n<li><strong>M\u0259\u015f\u011fulluq n\u00f6vl\u0259ri v\u0259 d\u0259y\u0259ri<\/strong><\/li>\n<\/ul>\n<p>Siz, Probleminizi \u0259n effektiv h\u0259lli \u00fcsulunu se\u00e7m\u0259kl\u0259, x\u0259rcl\u0259rinizi s\u00f6zs\u00fcz ki azaldacaqs\u0131n\u0131z.<\/p>\n<ul class=\"ul-gray\">\n<li><strong>T\u0259r\u0259fda\u015fl\u0131q \u0259sas\u0131nda xidm\u0259tl\u0259r<\/strong><\/li>\n<\/ul>\n<p>Bizim kadrlar \u00fczr\u0259 ba\u015f m\u00fct\u0259x\u0259ssisl\u0259rimizd\u0259n biri \u201coperativ h\u0259llin\u201d icras\u0131n\u0131n gedi\u015fat\u0131na n\u0259zar\u0259t edir. G\u00f6zl\u0259nilm\u0259z hallar zaman\u0131 biz \u0259lav\u0259 d\u0259st\u0259k v\u0259 laz\u0131mi resurslar t\u0259qdim edirik.[\/vc_column_text][\/vc_column][\/vc_row]<\/p>\n<\/div>","protected":false},"excerpt":{"rendered":"<p>[vc_row equal_height=&#8221;yes&#8221; css_animation=&#8221;fadeInUp&#8221;][vc_column][vc_column_text] M\u00fcv\u0259qq\u0259ti kadr xidm\u0259tl\u0259ri [\/vc_column_text][vc_column_text] X\u0259st\u0259liy\u0259 g\u00f6r\u0259 m\u0259zuniyy\u0259t v\u0259 ya anal\u0131q m\u0259zuniyy\u0259ti d\u00f6vr\u00fcnd\u0259 m\u00fcv\u0259qq\u0259ti kadr xidm\u0259tl\u0259rinin t\u0259qdim \u0130st\u0259nil\u0259n \u015firk\u0259tin davaml\u0131 f\u0259aliyy\u0259tinin t\u0259min edilm\u0259sind\u0259 ba\u015fl\u0131ca u\u011fur amill\u0259rind\u0259n biri d\u0259 anal\u0131q m\u0259zuniyy\u0259ti d\u00f6vr\u00fcnd\u0259 i\u015f\u00e7inin ixtisasl\u0131 kadrla \u0259v\u0259z edilm\u0259sidir. Biz anal\u0131q m\u0259zuniyy\u0259ti il\u0259 ba\u011fl\u0131 i\u015f\u00e7il\u0259r v\u0259 \u015firk\u0259t \u00fc\u00e7\u00fcn m\u00fcmk\u00fcn olan riskl\u0259ri anlay\u0131r, buna g\u00f6r\u0259 d\u0259 m\u00fc\u015ft\u0259ril\u0259rimiz\u0259<\/p>\n","protected":false},"author":1,"featured_media":0,"parent":18933,"menu_order":0,"comment_status":"closed","ping_status":"closed","template":"","meta":{"_acf_changed":false,"footnotes":""},"class_list":["post-18483","page","type-page","status-publish","hentry"],"acf":[],"yoast_head":"<!-- This site is optimized with the Yoast SEO plugin v27.3 - https:\/\/yoast.com\/product\/yoast-seo-wordpress\/ -->\n<title>M\u00fcv\u0259qq\u0259ti kadr xidm\u0259tl\u0259ri - FChain<\/title>\n<meta name=\"description\" content=\"\u0130st\u0259nil\u0259n \u015firk\u0259tin davaml\u0131 f\u0259aliyy\u0259tinin t\u0259min edilm\u0259sind\u0259 ba\u015fl\u0131ca u\u011fur amill\u0259rind\u0259n biri d\u0259 anal\u0131q m\u0259zuniyy\u0259ti d\u00f6vr\u00fcnd\u0259 i\u015f\u00e7inin ixtisasl\u0131 kadrla \u0259v\u0259z...\" \/>\n<meta name=\"robots\" content=\"index, follow, max-snippet:-1, max-image-preview:large, max-video-preview:-1\" \/>\n<link rel=\"canonical\" href=\"https:\/\/az.f-chain.com\/az\/insan-resurslarinin-idar\u0259-olunmasi-xidm\u0259tl\u0259ri\/muv\u0259qq\u0259ti-kadr-xidm\u0259tl\u0259ri\/\" \/>\n<meta property=\"og:locale\" content=\"az_AZ\" \/>\n<meta property=\"og:type\" content=\"article\" \/>\n<meta property=\"og:title\" content=\"M\u00fcv\u0259qq\u0259ti kadr xidm\u0259tl\u0259ri - FChain\" \/>\n<meta property=\"og:description\" content=\"\u0130st\u0259nil\u0259n \u015firk\u0259tin davaml\u0131 f\u0259aliyy\u0259tinin t\u0259min edilm\u0259sind\u0259 ba\u015fl\u0131ca u\u011fur amill\u0259rind\u0259n biri d\u0259 anal\u0131q m\u0259zuniyy\u0259ti d\u00f6vr\u00fcnd\u0259 i\u015f\u00e7inin ixtisasl\u0131 kadrla \u0259v\u0259z...\" \/>\n<meta property=\"og:url\" content=\"https:\/\/az.f-chain.com\/az\/insan-resurslarinin-idar\u0259-olunmasi-xidm\u0259tl\u0259ri\/muv\u0259qq\u0259ti-kadr-xidm\u0259tl\u0259ri\/\" \/>\n<meta property=\"og:site_name\" content=\"FChain\" \/>\n<meta property=\"article:modified_time\" content=\"2021-09-23T06:15:44+00:00\" \/>\n<meta name=\"twitter:card\" content=\"summary_large_image\" \/>\n<script type=\"application\/ld+json\" class=\"yoast-schema-graph\">{\"@context\":\"https:\\\/\\\/schema.org\",\"@graph\":[{\"@type\":\"WebPage\",\"@id\":\"https:\\\/\\\/az.f-chain.com\\\/az\\\/insan-resurslarinin-idar%c9%99-olunmasi-xidm%c9%99tl%c9%99ri\\\/muv%c9%99qq%c9%99ti-kadr-xidm%c9%99tl%c9%99ri\\\/\",\"url\":\"https:\\\/\\\/az.f-chain.com\\\/az\\\/insan-resurslarinin-idar%c9%99-olunmasi-xidm%c9%99tl%c9%99ri\\\/muv%c9%99qq%c9%99ti-kadr-xidm%c9%99tl%c9%99ri\\\/\",\"name\":\"M\u00fcv\u0259qq\u0259ti kadr xidm\u0259tl\u0259ri - FChain\",\"isPartOf\":{\"@id\":\"https:\\\/\\\/az.f-chain.com\\\/#website\"},\"datePublished\":\"2018-07-17T15:59:36+00:00\",\"dateModified\":\"2021-09-23T06:15:44+00:00\",\"description\":\"\u0130st\u0259nil\u0259n \u015firk\u0259tin davaml\u0131 f\u0259aliyy\u0259tinin t\u0259min edilm\u0259sind\u0259 ba\u015fl\u0131ca u\u011fur amill\u0259rind\u0259n biri d\u0259 anal\u0131q m\u0259zuniyy\u0259ti d\u00f6vr\u00fcnd\u0259 i\u015f\u00e7inin ixtisasl\u0131 kadrla \u0259v\u0259z...\",\"breadcrumb\":{\"@id\":\"https:\\\/\\\/az.f-chain.com\\\/az\\\/insan-resurslarinin-idar%c9%99-olunmasi-xidm%c9%99tl%c9%99ri\\\/muv%c9%99qq%c9%99ti-kadr-xidm%c9%99tl%c9%99ri\\\/#breadcrumb\"},\"inLanguage\":\"az\",\"potentialAction\":[{\"@type\":\"ReadAction\",\"target\":[\"https:\\\/\\\/az.f-chain.com\\\/az\\\/insan-resurslarinin-idar%c9%99-olunmasi-xidm%c9%99tl%c9%99ri\\\/muv%c9%99qq%c9%99ti-kadr-xidm%c9%99tl%c9%99ri\\\/\"]}]},{\"@type\":\"BreadcrumbList\",\"@id\":\"https:\\\/\\\/az.f-chain.com\\\/az\\\/insan-resurslarinin-idar%c9%99-olunmasi-xidm%c9%99tl%c9%99ri\\\/muv%c9%99qq%c9%99ti-kadr-xidm%c9%99tl%c9%99ri\\\/#breadcrumb\",\"itemListElement\":[{\"@type\":\"ListItem\",\"position\":1,\"name\":\"Home\",\"item\":\"https:\\\/\\\/az.f-chain.com\\\/az\\\/\"},{\"@type\":\"ListItem\",\"position\":2,\"name\":\"\u0130nsan Resurslar\u0131n u\u00e7otu\",\"item\":\"https:\\\/\\\/az.f-chain.com\\\/az\\\/insan-resurslarinin-idar%c9%99-olunmasi-xidm%c9%99tl%c9%99ri\\\/\"},{\"@type\":\"ListItem\",\"position\":3,\"name\":\"M\u00fcv\u0259qq\u0259ti kadr xidm\u0259tl\u0259ri\"}]},{\"@type\":\"WebSite\",\"@id\":\"https:\\\/\\\/az.f-chain.com\\\/#website\",\"url\":\"https:\\\/\\\/az.f-chain.com\\\/\",\"name\":\"FChain\",\"description\":\"Azerbaijan\",\"potentialAction\":[{\"@type\":\"SearchAction\",\"target\":{\"@type\":\"EntryPoint\",\"urlTemplate\":\"https:\\\/\\\/az.f-chain.com\\\/?s={search_term_string}\"},\"query-input\":{\"@type\":\"PropertyValueSpecification\",\"valueRequired\":true,\"valueName\":\"search_term_string\"}}],\"inLanguage\":\"az\"}]}<\/script>\n<!-- \/ Yoast SEO plugin. -->","yoast_head_json":{"title":"M\u00fcv\u0259qq\u0259ti kadr xidm\u0259tl\u0259ri - FChain","description":"\u0130st\u0259nil\u0259n \u015firk\u0259tin davaml\u0131 f\u0259aliyy\u0259tinin t\u0259min edilm\u0259sind\u0259 ba\u015fl\u0131ca u\u011fur amill\u0259rind\u0259n biri d\u0259 anal\u0131q m\u0259zuniyy\u0259ti d\u00f6vr\u00fcnd\u0259 i\u015f\u00e7inin ixtisasl\u0131 kadrla \u0259v\u0259z...","robots":{"index":"index","follow":"follow","max-snippet":"max-snippet:-1","max-image-preview":"max-image-preview:large","max-video-preview":"max-video-preview:-1"},"canonical":"https:\/\/az.f-chain.com\/az\/insan-resurslarinin-idar\u0259-olunmasi-xidm\u0259tl\u0259ri\/muv\u0259qq\u0259ti-kadr-xidm\u0259tl\u0259ri\/","og_locale":"az_AZ","og_type":"article","og_title":"M\u00fcv\u0259qq\u0259ti kadr xidm\u0259tl\u0259ri - FChain","og_description":"\u0130st\u0259nil\u0259n \u015firk\u0259tin davaml\u0131 f\u0259aliyy\u0259tinin t\u0259min edilm\u0259sind\u0259 ba\u015fl\u0131ca u\u011fur amill\u0259rind\u0259n biri d\u0259 anal\u0131q m\u0259zuniyy\u0259ti d\u00f6vr\u00fcnd\u0259 i\u015f\u00e7inin ixtisasl\u0131 kadrla \u0259v\u0259z...","og_url":"https:\/\/az.f-chain.com\/az\/insan-resurslarinin-idar\u0259-olunmasi-xidm\u0259tl\u0259ri\/muv\u0259qq\u0259ti-kadr-xidm\u0259tl\u0259ri\/","og_site_name":"FChain","article_modified_time":"2021-09-23T06:15:44+00:00","twitter_card":"summary_large_image","schema":{"@context":"https:\/\/schema.org","@graph":[{"@type":"WebPage","@id":"https:\/\/az.f-chain.com\/az\/insan-resurslarinin-idar%c9%99-olunmasi-xidm%c9%99tl%c9%99ri\/muv%c9%99qq%c9%99ti-kadr-xidm%c9%99tl%c9%99ri\/","url":"https:\/\/az.f-chain.com\/az\/insan-resurslarinin-idar%c9%99-olunmasi-xidm%c9%99tl%c9%99ri\/muv%c9%99qq%c9%99ti-kadr-xidm%c9%99tl%c9%99ri\/","name":"M\u00fcv\u0259qq\u0259ti kadr xidm\u0259tl\u0259ri - FChain","isPartOf":{"@id":"https:\/\/az.f-chain.com\/#website"},"datePublished":"2018-07-17T15:59:36+00:00","dateModified":"2021-09-23T06:15:44+00:00","description":"\u0130st\u0259nil\u0259n \u015firk\u0259tin davaml\u0131 f\u0259aliyy\u0259tinin t\u0259min edilm\u0259sind\u0259 ba\u015fl\u0131ca u\u011fur amill\u0259rind\u0259n biri d\u0259 anal\u0131q m\u0259zuniyy\u0259ti d\u00f6vr\u00fcnd\u0259 i\u015f\u00e7inin ixtisasl\u0131 kadrla \u0259v\u0259z...","breadcrumb":{"@id":"https:\/\/az.f-chain.com\/az\/insan-resurslarinin-idar%c9%99-olunmasi-xidm%c9%99tl%c9%99ri\/muv%c9%99qq%c9%99ti-kadr-xidm%c9%99tl%c9%99ri\/#breadcrumb"},"inLanguage":"az","potentialAction":[{"@type":"ReadAction","target":["https:\/\/az.f-chain.com\/az\/insan-resurslarinin-idar%c9%99-olunmasi-xidm%c9%99tl%c9%99ri\/muv%c9%99qq%c9%99ti-kadr-xidm%c9%99tl%c9%99ri\/"]}]},{"@type":"BreadcrumbList","@id":"https:\/\/az.f-chain.com\/az\/insan-resurslarinin-idar%c9%99-olunmasi-xidm%c9%99tl%c9%99ri\/muv%c9%99qq%c9%99ti-kadr-xidm%c9%99tl%c9%99ri\/#breadcrumb","itemListElement":[{"@type":"ListItem","position":1,"name":"Home","item":"https:\/\/az.f-chain.com\/az\/"},{"@type":"ListItem","position":2,"name":"\u0130nsan Resurslar\u0131n u\u00e7otu","item":"https:\/\/az.f-chain.com\/az\/insan-resurslarinin-idar%c9%99-olunmasi-xidm%c9%99tl%c9%99ri\/"},{"@type":"ListItem","position":3,"name":"M\u00fcv\u0259qq\u0259ti kadr xidm\u0259tl\u0259ri"}]},{"@type":"WebSite","@id":"https:\/\/az.f-chain.com\/#website","url":"https:\/\/az.f-chain.com\/","name":"FChain","description":"Azerbaijan","potentialAction":[{"@type":"SearchAction","target":{"@type":"EntryPoint","urlTemplate":"https:\/\/az.f-chain.com\/?s={search_term_string}"},"query-input":{"@type":"PropertyValueSpecification","valueRequired":true,"valueName":"search_term_string"}}],"inLanguage":"az"}]}},"_links":{"self":[{"href":"https:\/\/az.f-chain.com\/az\/wp-json\/wp\/v2\/pages\/18483","targetHints":{"allow":["GET"]}}],"collection":[{"href":"https:\/\/az.f-chain.com\/az\/wp-json\/wp\/v2\/pages"}],"about":[{"href":"https:\/\/az.f-chain.com\/az\/wp-json\/wp\/v2\/types\/page"}],"author":[{"embeddable":true,"href":"https:\/\/az.f-chain.com\/az\/wp-json\/wp\/v2\/users\/1"}],"replies":[{"embeddable":true,"href":"https:\/\/az.f-chain.com\/az\/wp-json\/wp\/v2\/comments?post=18483"}],"version-history":[{"count":2,"href":"https:\/\/az.f-chain.com\/az\/wp-json\/wp\/v2\/pages\/18483\/revisions"}],"predecessor-version":[{"id":19380,"href":"https:\/\/az.f-chain.com\/az\/wp-json\/wp\/v2\/pages\/18483\/revisions\/19380"}],"up":[{"embeddable":true,"href":"https:\/\/az.f-chain.com\/az\/wp-json\/wp\/v2\/pages\/18933"}],"wp:attachment":[{"href":"https:\/\/az.f-chain.com\/az\/wp-json\/wp\/v2\/media?parent=18483"}],"curies":[{"name":"wp","href":"https:\/\/api.w.org\/{rel}","templated":true}]}}