{"id":18476,"date":"2018-07-17T19:14:09","date_gmt":"2018-07-17T15:14:09","guid":{"rendered":"https:\/\/az.f-chain.com\/?page_id=18476"},"modified":"2021-09-23T09:24:20","modified_gmt":"2021-09-23T06:24:20","slug":"konsultasiya","status":"publish","type":"page","link":"https:\/\/az.f-chain.com\/az\/insan-resurslarinin-idar%c9%99-olunmasi-xidm%c9%99tl%c9%99ri\/konsultasiya\/","title":{"rendered":"Konsultasiya"},"content":{"rendered":"<div class=\"wpb-content-wrapper\"><p>[vc_row equal_height=&#8221;yes&#8221; css_animation=&#8221;fadeInUp&#8221;][vc_column][vc_column_text]<\/p>\n<h1>Konsultasiya<\/h1>\n<p>[\/vc_column_text][\/vc_column][\/vc_row][vc_row equal_height=&#8221;yes&#8221; content_placement=&#8221;middle&#8221; css_animation=&#8221;fadeInUp&#8221; css=&#8221;.vc_custom_1632378157779{margin-bottom: 0px !important;background-color: #f6f6f6 !important;}&#8221;][vc_column width=&#8221;1\/2&#8243;][vc_column_text]<\/p>\n<h3>STRATEG\u0130YADAN D\u018fY\u0130\u015e\u0130KL\u0130KL\u018fR\u0130N \u0130DAR\u018f OLUNMASINA Q\u018fD\u018fR<\/h3>\n<p>Biz m\u00fc\u015ft\u0259ril\u0259r il\u0259 qurdu\u011fumuz i\u015fg\u00fczar m\u00fcnasib\u0259tl\u0259rd\u0259 f\u0259rdi yana\u015fmadan istifad\u0259 edirik v\u0259 onlar\u0131n konkret sor\u011fular\u0131 \u00fc\u00e7\u00fcn unikal h\u0259ll\u0259r t\u0259klif edirik. T\u0259klif etdiyimiz xidm\u0259t\u0259 t\u0259\u015fkilat\u0131n v\u0259 ya fiziki \u015f\u0259xsin m\u00f6vcud real v\u0259ziyy\u0259tini t\u0259hlil etm\u0259k, prioritetl\u0259ri m\u00fc\u0259yy\u0259n etm\u0259k, add\u0131mlar\u0131m\u0131z\u0131 planla\u015fd\u0131rmaq, \u0130nsan Resurslar\u0131n\u0131n idar\u0259 edilm\u0259si \u00fczr\u0259 funksional strategiya v\u0259 \u0259m\u0259liyyat s\u0259viyy\u0259l\u0259ri il\u0259 ba\u011fl\u0131 n\u0259tic\u0259l\u0259ri izl\u0259m\u0259k imkan\u0131 ver\u0259n m\u00fcxt\u0259lif metod v\u0259 al\u0259tl\u0259rin geni\u015f spektri daxildir.<\/p>\n<p>Ba\u015fqa s\u00f6zl\u0259 des\u0259k, ekspertl\u0259rd\u0259n ibar\u0259t komandam\u0131z strategiyan\u0131z\u0131 h\u0259yata ke\u00e7irm\u0259k \u00fc\u00e7\u00fcn laz\u0131mi imkanlar\u0131 a\u015fkar etm\u0259k v\u0259 yaratmaqda t\u0259\u015fkilat\u0131n\u0131za yard\u0131m\u00e7\u0131 ola bil\u0259r. Biz, insanlar\u0131n idar\u0259 v\u0259 prosesl\u0259r x\u0259rit\u0259sinin t\u0259rtib olunmas\u0131n\u0131n b\u00fct\u00fcn aspektl\u0259ri \u0259hat\u0259 ed\u0259c\u0259k \u0130R idar\u0259 edilm\u0259si \u00fczr\u0259 unikal \u018fm\u0259liyyat Modelinin yarad\u0131lmas\u0131 istiqam\u0259tind\u0259 m\u00fc\u015ft\u0259rimizl\u0259 \u0259m\u0259kda\u015fl\u0131q ed\u0259 bil\u0259rik, bir \u015f\u0259rtl\u0259 ki, s\u00f6z\u00fcged\u0259n \u0259m\u0259liyyat modeli olsun.[\/vc_column_text][vc_column_text]<\/p>\n<h3>\u0130dar\u0259etm\u0259 v\u0259 Liderlik<\/h3>\n<p>Sa\u011flam komanda v\u0259 y\u00fcks\u0259k effektivlikli t\u0259\u015fkilatlar M\u00fcst\u0259sna v\u0259 effektiv Liderlik say\u0259sind\u0259 formala\u015f\u0131rd\u0131\u011f\u0131n\u0131 d\u00fc\u015f\u00fcn\u00fcr\u00fck. T\u0259cr\u00fcb\u0259li ekpertl\u0259rimiz g\u00fccl\u00fc S\u0259ri\u015ft\u0259l\u0259r bazas\u0131n\u0131u yaratmaq, m\u00fcvafiq davran\u0131\u015f modell\u0259rini s\u0131naqdan ke\u00e7irm\u0259k v\u0259 t\u0259\u015fkilat daxilind\u0259 kadr ehtiyat\u0131n\u0131n planla\u015fd\u0131r\u0131lmas\u0131na v\u0259 istedadlar\u0131n inki\u015faf etdirilm\u0259sin\u0259 y\u00f6n\u0259ldilmi\u015f t\u0259\u015f\u0259bb\u00fcsl\u0259r\u0259 \u0259lveri\u015fli \u015f\u0259rait yaratmaq \u00fc\u00e7\u00fcn t\u0259\u015fkilat\u0131n r\u0259hb\u0259rliyi il\u0259 \u0259m\u0259kda\u015fl\u0131q etm\u0259y\u0259 haz\u0131rd\u0131r.[\/vc_column_text][\/vc_column][vc_column width=&#8221;1\/2&#8243;][vc_single_image image=&#8221;19385&#8243; img_size=&#8221;full&#8221;][\/vc_column][\/vc_row][vc_row content_placement=&#8221;middle&#8221; css_animation=&#8221;fadeInUp&#8221;][vc_column width=&#8221;1\/2&#8243;][vc_single_image image=&#8221;19388&#8243; img_size=&#8221;full&#8221;][\/vc_column][vc_column width=&#8221;1\/2&#8243;][vc_column_text]<\/p>\n<h3>Konsultasiya xidm\u0259tl\u0259rimiz qeyd olunalarla m\u0259hdudla\u015fmayaraq a\u015fa\u011f\u0131dak\u0131lar\u0131 \u00f6z\u00fcn\u0259 ehtiva edir :<\/h3>\n<ul class=\"ul-gray\">\n<li>D\u0259yi\u015fiklikl\u0259rin idar\u0259 edilm\u0259si v\u0259 biznesin yenid\u0259n t\u0259\u015fkili<\/li>\n<li>Spesifik m\u0259s\u0259l\u0259l\u0259r \u00fczr\u0259 HR-h\u0259ll\u0259rin m\u00fc\u0259yy\u0259nl\u0259\u015fdirilm\u0259si istiqam\u0259tind\u0259 Y\u00fcks\u0259k R\u0259hb\u0259rli \u00fc\u00e7\u00fcn Master Klass-lar\u0131n v\u0259 F\u0259rdi Konsultasiyalar\u0131n t\u0259min olunmas\u0131<\/li>\n<li>Prosesl\u0259r x\u0259rit\u0259sinin t\u0259rtib olunmas\u0131<\/li>\n<li>T\u0259\u015fkilati Dizayn<\/li>\n<li>Siyas\u0259tl\u0259rin v\u0259 prosedurlar\u0131n i\u015fl\u0259nib haz\u0131rlanmas\u0131 v\u0259 h\u0259yata ke\u00e7irilm\u0259si<\/li>\n<li>Kompensasiya v\u0259 g\u00fcz\u0259\u015ftl\u0259r sisteminin qurulmas\u0131<\/li>\n<li>Performans\u0131n \u0130dar\u0131 Olunmas\u0131 sisteminin yarad\u0131lmas\u0131 v\u0259 t\u0259tbiqi<\/li>\n<li>T\u0259\u015fkilat\u0131n\u0131z\u0131n f\u0259rdi x\u00fcsusiyy\u0259tl\u0259rini n\u0259z\u0259r\u0259 alaraq \u0130nsan Resurslar\u0131n\u0131n \u0130dar\u0259 edilm\u0259si \u00fczr\u0259 unikal sisteminizin yarad\u0131lmas\u0131<\/li>\n<li>Biznesiniz\u0259 y\u00f6n\u00fcml\u00fc \u0130nsan Resurslar\u0131n\u0131n \u0130dar\u0259 edilm\u0259si strategiyan\u0131z\u0131n qurulmas\u0131 \u015eirk\u0259tinizin \u00f6z\u0259llikl\u0259rini n\u0259z\u0259r\u0259 alan, d\u00fcnya standartlar\u0131na uy\u011fun D\u0259r\u0259c\u0259l\u0259ndirm\u0259 Sisyeminin qurulmas\u0131,<\/li>\n<li>T\u0259\u015fkilat v\u0259 t\u0259\u015fkilat\u0131 strukturlar\u0131 dizayn\u0131, yenid\u0259n qurulmas\u0131 v\u0259 optimalla\u015fd\u0131r\u0131lmas\u0131<\/li>\n<li>Etika v\u0259 Uy\u011funluq Prosesinin i\u015fl\u0259nib haz\u0131rlanmas\u0131 v\u0259 h\u0259yata ke\u00e7irilm\u0259si<\/li>\n<li>M\u00fcsahib\u0259l\u0259rin ke\u00e7irilm\u0259si\/\u0130\u015f\u0259 q\u0259bul kampaniyalar\u0131<\/li>\n<\/ul>\n<p>[\/vc_column_text][\/vc_column][\/vc_row]<\/p>\n<\/div>","protected":false},"excerpt":{"rendered":"<p>[vc_row equal_height=&#8221;yes&#8221; css_animation=&#8221;fadeInUp&#8221;][vc_column][vc_column_text] Konsultasiya [\/vc_column_text][\/vc_column][\/vc_row][vc_row equal_height=&#8221;yes&#8221; content_placement=&#8221;middle&#8221; css_animation=&#8221;fadeInUp&#8221; css=&#8221;.vc_custom_1632378157779{margin-bottom: 0px !important;background-color: #f6f6f6 !important;}&#8221;][vc_column width=&#8221;1\/2&#8243;][vc_column_text] STRATEG\u0130YADAN D\u018fY\u0130\u015e\u0130KL\u0130KL\u018fR\u0130N \u0130DAR\u018f OLUNMASINA Q\u018fD\u018fR Biz m\u00fc\u015ft\u0259ril\u0259r il\u0259 qurdu\u011fumuz i\u015fg\u00fczar m\u00fcnasib\u0259tl\u0259rd\u0259 f\u0259rdi yana\u015fmadan istifad\u0259 edirik v\u0259 onlar\u0131n konkret sor\u011fular\u0131 \u00fc\u00e7\u00fcn unikal h\u0259ll\u0259r t\u0259klif edirik. T\u0259klif etdiyimiz xidm\u0259t\u0259 t\u0259\u015fkilat\u0131n v\u0259 ya fiziki \u015f\u0259xsin m\u00f6vcud real v\u0259ziyy\u0259tini t\u0259hlil etm\u0259k, prioritetl\u0259ri m\u00fc\u0259yy\u0259n etm\u0259k, add\u0131mlar\u0131m\u0131z\u0131<\/p>\n","protected":false},"author":1,"featured_media":0,"parent":18933,"menu_order":0,"comment_status":"closed","ping_status":"closed","template":"","meta":{"_acf_changed":false,"footnotes":""},"class_list":["post-18476","page","type-page","status-publish","hentry"],"acf":[],"yoast_head":"<!-- This site is optimized with the Yoast SEO plugin v27.3 - https:\/\/yoast.com\/product\/yoast-seo-wordpress\/ -->\n<title>Konsultasiya - FChain<\/title>\n<meta name=\"description\" content=\"Biz m\u00fc\u015ft\u0259ril\u0259r il\u0259 qurdu\u011fumuz i\u015fg\u00fczar m\u00fcnasib\u0259tl\u0259rd\u0259 f\u0259rdi yana\u015fmadan istifad\u0259 edirik v\u0259 onlar\u0131n konkret sor\u011fular\u0131 \u00fc\u00e7\u00fcn unikal h\u0259ll\u0259r t\u0259klif edirik\" \/>\n<meta name=\"robots\" content=\"index, follow, max-snippet:-1, max-image-preview:large, max-video-preview:-1\" \/>\n<link rel=\"canonical\" href=\"https:\/\/az.f-chain.com\/az\/insan-resurslarinin-idar\u0259-olunmasi-xidm\u0259tl\u0259ri\/konsultasiya\/\" \/>\n<meta property=\"og:locale\" content=\"az_AZ\" \/>\n<meta property=\"og:type\" content=\"article\" \/>\n<meta property=\"og:title\" content=\"Konsultasiya - FChain\" \/>\n<meta property=\"og:description\" content=\"Biz m\u00fc\u015ft\u0259ril\u0259r il\u0259 qurdu\u011fumuz i\u015fg\u00fczar m\u00fcnasib\u0259tl\u0259rd\u0259 f\u0259rdi yana\u015fmadan istifad\u0259 edirik v\u0259 onlar\u0131n konkret sor\u011fular\u0131 \u00fc\u00e7\u00fcn unikal h\u0259ll\u0259r t\u0259klif edirik\" \/>\n<meta property=\"og:url\" content=\"https:\/\/az.f-chain.com\/az\/insan-resurslarinin-idar\u0259-olunmasi-xidm\u0259tl\u0259ri\/konsultasiya\/\" \/>\n<meta property=\"og:site_name\" content=\"FChain\" \/>\n<meta property=\"article:modified_time\" content=\"2021-09-23T06:24:20+00:00\" \/>\n<meta name=\"twitter:card\" content=\"summary_large_image\" \/>\n<script type=\"application\/ld+json\" class=\"yoast-schema-graph\">{\"@context\":\"https:\\\/\\\/schema.org\",\"@graph\":[{\"@type\":\"WebPage\",\"@id\":\"https:\\\/\\\/az.f-chain.com\\\/az\\\/insan-resurslarinin-idar%c9%99-olunmasi-xidm%c9%99tl%c9%99ri\\\/konsultasiya\\\/\",\"url\":\"https:\\\/\\\/az.f-chain.com\\\/az\\\/insan-resurslarinin-idar%c9%99-olunmasi-xidm%c9%99tl%c9%99ri\\\/konsultasiya\\\/\",\"name\":\"Konsultasiya - FChain\",\"isPartOf\":{\"@id\":\"https:\\\/\\\/az.f-chain.com\\\/#website\"},\"datePublished\":\"2018-07-17T15:14:09+00:00\",\"dateModified\":\"2021-09-23T06:24:20+00:00\",\"description\":\"Biz m\u00fc\u015ft\u0259ril\u0259r il\u0259 qurdu\u011fumuz i\u015fg\u00fczar m\u00fcnasib\u0259tl\u0259rd\u0259 f\u0259rdi yana\u015fmadan istifad\u0259 edirik v\u0259 onlar\u0131n konkret sor\u011fular\u0131 \u00fc\u00e7\u00fcn unikal h\u0259ll\u0259r t\u0259klif edirik\",\"breadcrumb\":{\"@id\":\"https:\\\/\\\/az.f-chain.com\\\/az\\\/insan-resurslarinin-idar%c9%99-olunmasi-xidm%c9%99tl%c9%99ri\\\/konsultasiya\\\/#breadcrumb\"},\"inLanguage\":\"az\",\"potentialAction\":[{\"@type\":\"ReadAction\",\"target\":[\"https:\\\/\\\/az.f-chain.com\\\/az\\\/insan-resurslarinin-idar%c9%99-olunmasi-xidm%c9%99tl%c9%99ri\\\/konsultasiya\\\/\"]}]},{\"@type\":\"BreadcrumbList\",\"@id\":\"https:\\\/\\\/az.f-chain.com\\\/az\\\/insan-resurslarinin-idar%c9%99-olunmasi-xidm%c9%99tl%c9%99ri\\\/konsultasiya\\\/#breadcrumb\",\"itemListElement\":[{\"@type\":\"ListItem\",\"position\":1,\"name\":\"Home\",\"item\":\"https:\\\/\\\/az.f-chain.com\\\/az\\\/\"},{\"@type\":\"ListItem\",\"position\":2,\"name\":\"\u0130nsan Resurslar\u0131n u\u00e7otu\",\"item\":\"https:\\\/\\\/az.f-chain.com\\\/az\\\/insan-resurslarinin-idar%c9%99-olunmasi-xidm%c9%99tl%c9%99ri\\\/\"},{\"@type\":\"ListItem\",\"position\":3,\"name\":\"Konsultasiya\"}]},{\"@type\":\"WebSite\",\"@id\":\"https:\\\/\\\/az.f-chain.com\\\/#website\",\"url\":\"https:\\\/\\\/az.f-chain.com\\\/\",\"name\":\"FChain\",\"description\":\"Azerbaijan\",\"potentialAction\":[{\"@type\":\"SearchAction\",\"target\":{\"@type\":\"EntryPoint\",\"urlTemplate\":\"https:\\\/\\\/az.f-chain.com\\\/?s={search_term_string}\"},\"query-input\":{\"@type\":\"PropertyValueSpecification\",\"valueRequired\":true,\"valueName\":\"search_term_string\"}}],\"inLanguage\":\"az\"}]}<\/script>\n<!-- \/ Yoast SEO plugin. -->","yoast_head_json":{"title":"Konsultasiya - FChain","description":"Biz m\u00fc\u015ft\u0259ril\u0259r il\u0259 qurdu\u011fumuz i\u015fg\u00fczar m\u00fcnasib\u0259tl\u0259rd\u0259 f\u0259rdi yana\u015fmadan istifad\u0259 edirik v\u0259 onlar\u0131n konkret sor\u011fular\u0131 \u00fc\u00e7\u00fcn unikal h\u0259ll\u0259r t\u0259klif edirik","robots":{"index":"index","follow":"follow","max-snippet":"max-snippet:-1","max-image-preview":"max-image-preview:large","max-video-preview":"max-video-preview:-1"},"canonical":"https:\/\/az.f-chain.com\/az\/insan-resurslarinin-idar\u0259-olunmasi-xidm\u0259tl\u0259ri\/konsultasiya\/","og_locale":"az_AZ","og_type":"article","og_title":"Konsultasiya - FChain","og_description":"Biz m\u00fc\u015ft\u0259ril\u0259r il\u0259 qurdu\u011fumuz i\u015fg\u00fczar m\u00fcnasib\u0259tl\u0259rd\u0259 f\u0259rdi yana\u015fmadan istifad\u0259 edirik v\u0259 onlar\u0131n konkret sor\u011fular\u0131 \u00fc\u00e7\u00fcn unikal h\u0259ll\u0259r t\u0259klif edirik","og_url":"https:\/\/az.f-chain.com\/az\/insan-resurslarinin-idar\u0259-olunmasi-xidm\u0259tl\u0259ri\/konsultasiya\/","og_site_name":"FChain","article_modified_time":"2021-09-23T06:24:20+00:00","twitter_card":"summary_large_image","schema":{"@context":"https:\/\/schema.org","@graph":[{"@type":"WebPage","@id":"https:\/\/az.f-chain.com\/az\/insan-resurslarinin-idar%c9%99-olunmasi-xidm%c9%99tl%c9%99ri\/konsultasiya\/","url":"https:\/\/az.f-chain.com\/az\/insan-resurslarinin-idar%c9%99-olunmasi-xidm%c9%99tl%c9%99ri\/konsultasiya\/","name":"Konsultasiya - FChain","isPartOf":{"@id":"https:\/\/az.f-chain.com\/#website"},"datePublished":"2018-07-17T15:14:09+00:00","dateModified":"2021-09-23T06:24:20+00:00","description":"Biz m\u00fc\u015ft\u0259ril\u0259r il\u0259 qurdu\u011fumuz i\u015fg\u00fczar m\u00fcnasib\u0259tl\u0259rd\u0259 f\u0259rdi yana\u015fmadan istifad\u0259 edirik v\u0259 onlar\u0131n konkret sor\u011fular\u0131 \u00fc\u00e7\u00fcn unikal h\u0259ll\u0259r t\u0259klif edirik","breadcrumb":{"@id":"https:\/\/az.f-chain.com\/az\/insan-resurslarinin-idar%c9%99-olunmasi-xidm%c9%99tl%c9%99ri\/konsultasiya\/#breadcrumb"},"inLanguage":"az","potentialAction":[{"@type":"ReadAction","target":["https:\/\/az.f-chain.com\/az\/insan-resurslarinin-idar%c9%99-olunmasi-xidm%c9%99tl%c9%99ri\/konsultasiya\/"]}]},{"@type":"BreadcrumbList","@id":"https:\/\/az.f-chain.com\/az\/insan-resurslarinin-idar%c9%99-olunmasi-xidm%c9%99tl%c9%99ri\/konsultasiya\/#breadcrumb","itemListElement":[{"@type":"ListItem","position":1,"name":"Home","item":"https:\/\/az.f-chain.com\/az\/"},{"@type":"ListItem","position":2,"name":"\u0130nsan Resurslar\u0131n u\u00e7otu","item":"https:\/\/az.f-chain.com\/az\/insan-resurslarinin-idar%c9%99-olunmasi-xidm%c9%99tl%c9%99ri\/"},{"@type":"ListItem","position":3,"name":"Konsultasiya"}]},{"@type":"WebSite","@id":"https:\/\/az.f-chain.com\/#website","url":"https:\/\/az.f-chain.com\/","name":"FChain","description":"Azerbaijan","potentialAction":[{"@type":"SearchAction","target":{"@type":"EntryPoint","urlTemplate":"https:\/\/az.f-chain.com\/?s={search_term_string}"},"query-input":{"@type":"PropertyValueSpecification","valueRequired":true,"valueName":"search_term_string"}}],"inLanguage":"az"}]}},"_links":{"self":[{"href":"https:\/\/az.f-chain.com\/az\/wp-json\/wp\/v2\/pages\/18476","targetHints":{"allow":["GET"]}}],"collection":[{"href":"https:\/\/az.f-chain.com\/az\/wp-json\/wp\/v2\/pages"}],"about":[{"href":"https:\/\/az.f-chain.com\/az\/wp-json\/wp\/v2\/types\/page"}],"author":[{"embeddable":true,"href":"https:\/\/az.f-chain.com\/az\/wp-json\/wp\/v2\/users\/1"}],"replies":[{"embeddable":true,"href":"https:\/\/az.f-chain.com\/az\/wp-json\/wp\/v2\/comments?post=18476"}],"version-history":[{"count":2,"href":"https:\/\/az.f-chain.com\/az\/wp-json\/wp\/v2\/pages\/18476\/revisions"}],"predecessor-version":[{"id":19396,"href":"https:\/\/az.f-chain.com\/az\/wp-json\/wp\/v2\/pages\/18476\/revisions\/19396"}],"up":[{"embeddable":true,"href":"https:\/\/az.f-chain.com\/az\/wp-json\/wp\/v2\/pages\/18933"}],"wp:attachment":[{"href":"https:\/\/az.f-chain.com\/az\/wp-json\/wp\/v2\/media?parent=18476"}],"curies":[{"name":"wp","href":"https:\/\/api.w.org\/{rel}","templated":true}]}}