{"id":14860,"date":"2015-10-22T14:17:24","date_gmt":"2015-10-22T09:17:24","guid":{"rendered":"http:\/\/dev.cacs.az\/kontaktyi-azerbaydzhan-2\/"},"modified":"2021-10-04T09:35:15","modified_gmt":"2021-10-04T06:35:15","slug":"%c9%99laq%c9%99","status":"publish","type":"page","link":"https:\/\/az.f-chain.com\/az\/%c9%99laq%c9%99\/","title":{"rendered":"\u018flaq\u0259"},"content":{"rendered":"","protected":false},"excerpt":{"rendered":"","protected":false},"author":1,"featured_media":0,"parent":0,"menu_order":0,"comment_status":"closed","ping_status":"closed","template":"page-select-country.php","meta":{"_acf_changed":false,"footnotes":""},"class_list":["post-14860","page","type-page","status-publish","hentry"],"acf":[],"yoast_head":"<!-- This site is optimized with the Yoast SEO plugin v27.3 - https:\/\/yoast.com\/product\/yoast-seo-wordpress\/ -->\n<title>FChain Az\u0259rbaycan \u0259laq\u0259 n\u00f6mr\u0259l\u0259ri<\/title>\n<meta name=\"description\" content=\"Paytaxt\u0131n elmi-texniki, s\u0259naye v\u0259 iqtisadi c\u0259h\u0259td\u0259n inki\u015faf\u0131 say\u0259sind\u0259 FCHAIN Bak\u0131 \u0259razisind\u0259 \u00f6z xidm\u0259tl\u0259rinin h\u0259yata ke\u00e7irilm\u0259si v\u0259 t\u0259kmill\u0259\u015fdirilm\u0259si \u00fc\u00e7\u00fcn\" \/>\n<meta name=\"robots\" content=\"index, follow, max-snippet:-1, max-image-preview:large, max-video-preview:-1\" \/>\n<link rel=\"canonical\" href=\"https:\/\/az.f-chain.com\/az\/\u0259laq\u0259\/\" \/>\n<meta property=\"og:locale\" content=\"az_AZ\" \/>\n<meta property=\"og:type\" content=\"article\" \/>\n<meta property=\"og:title\" content=\"FChain Az\u0259rbaycan \u0259laq\u0259 n\u00f6mr\u0259l\u0259ri\" \/>\n<meta property=\"og:description\" content=\"Paytaxt\u0131n elmi-texniki, s\u0259naye v\u0259 iqtisadi c\u0259h\u0259td\u0259n inki\u015faf\u0131 say\u0259sind\u0259 FCHAIN Bak\u0131 \u0259razisind\u0259 \u00f6z xidm\u0259tl\u0259rinin h\u0259yata ke\u00e7irilm\u0259si v\u0259 t\u0259kmill\u0259\u015fdirilm\u0259si \u00fc\u00e7\u00fcn\" \/>\n<meta property=\"og:url\" content=\"https:\/\/az.f-chain.com\/az\/\u0259laq\u0259\/\" \/>\n<meta property=\"og:site_name\" content=\"FChain\" \/>\n<meta property=\"article:modified_time\" content=\"2021-10-04T06:35:15+00:00\" \/>\n<meta name=\"twitter:card\" content=\"summary_large_image\" \/>\n<script type=\"application\/ld+json\" class=\"yoast-schema-graph\">{\"@context\":\"https:\\\/\\\/schema.org\",\"@graph\":[{\"@type\":\"WebPage\",\"@id\":\"https:\\\/\\\/az.f-chain.com\\\/az\\\/%c9%99laq%c9%99\\\/\",\"url\":\"https:\\\/\\\/az.f-chain.com\\\/az\\\/%c9%99laq%c9%99\\\/\",\"name\":\"FChain Az\u0259rbaycan \u0259laq\u0259 n\u00f6mr\u0259l\u0259ri\",\"isPartOf\":{\"@id\":\"https:\\\/\\\/az.f-chain.com\\\/#website\"},\"datePublished\":\"2015-10-22T09:17:24+00:00\",\"dateModified\":\"2021-10-04T06:35:15+00:00\",\"description\":\"Paytaxt\u0131n elmi-texniki, s\u0259naye v\u0259 iqtisadi c\u0259h\u0259td\u0259n inki\u015faf\u0131 say\u0259sind\u0259 FCHAIN Bak\u0131 \u0259razisind\u0259 \u00f6z xidm\u0259tl\u0259rinin h\u0259yata ke\u00e7irilm\u0259si v\u0259 t\u0259kmill\u0259\u015fdirilm\u0259si \u00fc\u00e7\u00fcn\",\"breadcrumb\":{\"@id\":\"https:\\\/\\\/az.f-chain.com\\\/az\\\/%c9%99laq%c9%99\\\/#breadcrumb\"},\"inLanguage\":\"az\",\"potentialAction\":[{\"@type\":\"ReadAction\",\"target\":[\"https:\\\/\\\/az.f-chain.com\\\/az\\\/%c9%99laq%c9%99\\\/\"]}]},{\"@type\":\"BreadcrumbList\",\"@id\":\"https:\\\/\\\/az.f-chain.com\\\/az\\\/%c9%99laq%c9%99\\\/#breadcrumb\",\"itemListElement\":[{\"@type\":\"ListItem\",\"position\":1,\"name\":\"Home\",\"item\":\"https:\\\/\\\/az.f-chain.com\\\/az\\\/\"},{\"@type\":\"ListItem\",\"position\":2,\"name\":\"\u018flaq\u0259\"}]},{\"@type\":\"WebSite\",\"@id\":\"https:\\\/\\\/az.f-chain.com\\\/#website\",\"url\":\"https:\\\/\\\/az.f-chain.com\\\/\",\"name\":\"FChain\",\"description\":\"Azerbaijan\",\"potentialAction\":[{\"@type\":\"SearchAction\",\"target\":{\"@type\":\"EntryPoint\",\"urlTemplate\":\"https:\\\/\\\/az.f-chain.com\\\/?s={search_term_string}\"},\"query-input\":{\"@type\":\"PropertyValueSpecification\",\"valueRequired\":true,\"valueName\":\"search_term_string\"}}],\"inLanguage\":\"az\"}]}<\/script>\n<!-- \/ Yoast SEO plugin. -->","yoast_head_json":{"title":"FChain Az\u0259rbaycan \u0259laq\u0259 n\u00f6mr\u0259l\u0259ri","description":"Paytaxt\u0131n elmi-texniki, s\u0259naye v\u0259 iqtisadi c\u0259h\u0259td\u0259n inki\u015faf\u0131 say\u0259sind\u0259 FCHAIN Bak\u0131 \u0259razisind\u0259 \u00f6z xidm\u0259tl\u0259rinin h\u0259yata ke\u00e7irilm\u0259si v\u0259 t\u0259kmill\u0259\u015fdirilm\u0259si \u00fc\u00e7\u00fcn","robots":{"index":"index","follow":"follow","max-snippet":"max-snippet:-1","max-image-preview":"max-image-preview:large","max-video-preview":"max-video-preview:-1"},"canonical":"https:\/\/az.f-chain.com\/az\/\u0259laq\u0259\/","og_locale":"az_AZ","og_type":"article","og_title":"FChain Az\u0259rbaycan \u0259laq\u0259 n\u00f6mr\u0259l\u0259ri","og_description":"Paytaxt\u0131n elmi-texniki, s\u0259naye v\u0259 iqtisadi c\u0259h\u0259td\u0259n inki\u015faf\u0131 say\u0259sind\u0259 FCHAIN Bak\u0131 \u0259razisind\u0259 \u00f6z xidm\u0259tl\u0259rinin h\u0259yata ke\u00e7irilm\u0259si v\u0259 t\u0259kmill\u0259\u015fdirilm\u0259si \u00fc\u00e7\u00fcn","og_url":"https:\/\/az.f-chain.com\/az\/\u0259laq\u0259\/","og_site_name":"FChain","article_modified_time":"2021-10-04T06:35:15+00:00","twitter_card":"summary_large_image","schema":{"@context":"https:\/\/schema.org","@graph":[{"@type":"WebPage","@id":"https:\/\/az.f-chain.com\/az\/%c9%99laq%c9%99\/","url":"https:\/\/az.f-chain.com\/az\/%c9%99laq%c9%99\/","name":"FChain Az\u0259rbaycan \u0259laq\u0259 n\u00f6mr\u0259l\u0259ri","isPartOf":{"@id":"https:\/\/az.f-chain.com\/#website"},"datePublished":"2015-10-22T09:17:24+00:00","dateModified":"2021-10-04T06:35:15+00:00","description":"Paytaxt\u0131n elmi-texniki, s\u0259naye v\u0259 iqtisadi c\u0259h\u0259td\u0259n inki\u015faf\u0131 say\u0259sind\u0259 FCHAIN Bak\u0131 \u0259razisind\u0259 \u00f6z xidm\u0259tl\u0259rinin h\u0259yata ke\u00e7irilm\u0259si v\u0259 t\u0259kmill\u0259\u015fdirilm\u0259si \u00fc\u00e7\u00fcn","breadcrumb":{"@id":"https:\/\/az.f-chain.com\/az\/%c9%99laq%c9%99\/#breadcrumb"},"inLanguage":"az","potentialAction":[{"@type":"ReadAction","target":["https:\/\/az.f-chain.com\/az\/%c9%99laq%c9%99\/"]}]},{"@type":"BreadcrumbList","@id":"https:\/\/az.f-chain.com\/az\/%c9%99laq%c9%99\/#breadcrumb","itemListElement":[{"@type":"ListItem","position":1,"name":"Home","item":"https:\/\/az.f-chain.com\/az\/"},{"@type":"ListItem","position":2,"name":"\u018flaq\u0259"}]},{"@type":"WebSite","@id":"https:\/\/az.f-chain.com\/#website","url":"https:\/\/az.f-chain.com\/","name":"FChain","description":"Azerbaijan","potentialAction":[{"@type":"SearchAction","target":{"@type":"EntryPoint","urlTemplate":"https:\/\/az.f-chain.com\/?s={search_term_string}"},"query-input":{"@type":"PropertyValueSpecification","valueRequired":true,"valueName":"search_term_string"}}],"inLanguage":"az"}]}},"_links":{"self":[{"href":"https:\/\/az.f-chain.com\/az\/wp-json\/wp\/v2\/pages\/14860","targetHints":{"allow":["GET"]}}],"collection":[{"href":"https:\/\/az.f-chain.com\/az\/wp-json\/wp\/v2\/pages"}],"about":[{"href":"https:\/\/az.f-chain.com\/az\/wp-json\/wp\/v2\/types\/page"}],"author":[{"embeddable":true,"href":"https:\/\/az.f-chain.com\/az\/wp-json\/wp\/v2\/users\/1"}],"replies":[{"embeddable":true,"href":"https:\/\/az.f-chain.com\/az\/wp-json\/wp\/v2\/comments?post=14860"}],"version-history":[{"count":3,"href":"https:\/\/az.f-chain.com\/az\/wp-json\/wp\/v2\/pages\/14860\/revisions"}],"predecessor-version":[{"id":23028,"href":"https:\/\/az.f-chain.com\/az\/wp-json\/wp\/v2\/pages\/14860\/revisions\/23028"}],"wp:attachment":[{"href":"https:\/\/az.f-chain.com\/az\/wp-json\/wp\/v2\/media?parent=14860"}],"curies":[{"name":"wp","href":"https:\/\/api.w.org\/{rel}","templated":true}]}}